{"id":12025,"date":"2020-09-15T17:45:04","date_gmt":"2020-09-15T14:45:04","guid":{"rendered":"https:\/\/hookahshop.lt\/?post_type=product&#038;p=12025"},"modified":"2026-04-19T23:28:51","modified_gmt":"2026-04-19T20:28:51","slug":"kaljanas-aladin-mvp460-model-2-clear","status":"publish","type":"product","link":"https:\/\/hookahshop.lt\/et\/toode\/vesipiip-aladin-mvp460-model-2-clear\/","title":{"rendered":"Vesipiip ALADIN MVP460 Mudel 2 selge"},"content":{"rendered":"<h2>Vesipiip ALADIN MVP460 Mudel 2 selge<\/h2>\n<p>See vesipiip j\u00e4tab oma kvaliteetsete materjalidega h\u00e4mmastavaid muljeid. Kvaliteetne t\u00f6\u00f6 ja individuaalne disain ei j\u00e4ta teid \u00fcksk\u00f5ikseks.<br \/>\nT\u00e4nu kompaktsele suurusele on see ideaalne reisikaaslane neile, kes soovivad saada kvaliteetset toodet teel.<\/p>\n<p>Roostevaba teras<\/p>\n<p><strong>Standardkomplekt sisaldab:<\/strong><br \/>\ntangid, &quot;pehme&quot; silikoonvoolik otsikutega, tass, &quot;p\u00f5leti tassi jaoks&quot;.<\/p>\n<p>Kas teil on k\u00fcsimusi? v\u00f5ta meiega \u00fchendust <a href=\"https:\/\/hookahshop.lt\/et\/kontaktid\/\">kontaktide leht<\/a> v\u00f5i saatke meile e-kiri aadressil <a href=\"https:\/\/facebook.com\/HookahShop.lt\/\" target=\"_blank\" rel=\"noopener noreferrer\">Facebooki konto<\/a> ja vastame teie taotlusele samal p\u00e4eval.<\/p>","protected":false},"excerpt":{"rendered":"<p>Vesipiip ALADIN MVP460 Model 2 Clear See vesipiip j\u00e4tab oma kvaliteetsete materjalidega imelised muljed. Kvaliteetne t\u00f6\u00f6 ja individuaalne disain ei j\u00e4ta teid \u00fcksk\u00f5ikseks. Selle kompaktne suurus muudab selle ideaalseks reisikaaslaseks neile, kes soovivad liikvel olles kvaliteetset toodet. Roostevaba teras Standardkomplekti kuuluvad: tangid, &quot;pehme&quot; silikoonvoolik otsikutega, tass, &quot;p\u00f5leti tassi jaoks&quot;. Kas teil on k\u00fcsimusi? V\u00f5tke meiega \u00fchendust [\u2026]<\/p>","protected":false},"featured_media":12030,"comment_status":"open","ping_status":"closed","template":"","meta":[],"_links":{"self":[{"href":"https:\/\/hookahshop.lt\/et\/wp-json\/wp\/v2\/product\/12025"}],"collection":[{"href":"https:\/\/hookahshop.lt\/et\/wp-json\/wp\/v2\/product"}],"about":[{"href":"https:\/\/hookahshop.lt\/et\/wp-json\/wp\/v2\/types\/product"}],"replies":[{"embeddable":true,"href":"https:\/\/hookahshop.lt\/et\/wp-json\/wp\/v2\/comments?post=12025"}],"version-history":[{"count":5,"href":"https:\/\/hookahshop.lt\/et\/wp-json\/wp\/v2\/product\/12025\/revisions"}],"predecessor-version":[{"id":31539,"href":"https:\/\/hookahshop.lt\/et\/wp-json\/wp\/v2\/product\/12025\/revisions\/31539"}],"wp:featuredmedia":[{"embeddable":true,"href":"https:\/\/hookahshop.lt\/et\/wp-json\/wp\/v2\/media\/12030"}],"wp:attachment":[{"href":"https:\/\/hookahshop.lt\/et\/wp-json\/wp\/v2\/media?parent=12025"}],"curies":[{"name":"wp","href":"https:\/\/api.w.org\/{rel}","templated":true}]}}