{"id":12040,"date":"2020-09-15T18:15:46","date_gmt":"2020-09-15T15:15:46","guid":{"rendered":"https:\/\/hookahshop.lt\/?post_type=product&#038;p=12040"},"modified":"2026-04-18T23:28:38","modified_gmt":"2026-04-18T20:28:38","slug":"kaljanas-aladin-alux-m3-black","status":"publish","type":"product","link":"https:\/\/hookahshop.lt\/et\/toode\/vesipiip-aladin-alux-m3-must\/","title":{"rendered":"Vesipiip ALADIN Alux M3 must"},"content":{"rendered":"<h2>Vesipiip ALADIN Alux M3 must<\/h2>\n<p>Vesipiip j\u00e4tab oma kvaliteetsete materjalidega h\u00e4mmastavaid muljeid. Kvaliteetne t\u00f6\u00f6 ja individuaalne disain ei j\u00e4ta teid \u00fcksk\u00f5ikseks.<br \/>\nT\u00e4nu kompaktsele suurusele on see ideaalne reisikaaslane neile, kes soovivad saada kvaliteetset toodet teel.<\/p>\n<p>Kombineeritud versioon: veega kokkupuutuva v\u00f5lli \/ masti alumine osa on roostevaba teras, vesipiibu muud osad on valmistatud alumiiniumist.<\/p>\n<p><strong>Standard komplekt:<\/strong><br \/>\nTangid, &quot;pehme&quot; silikoonvoolik otsikutega, tass ja &quot;tassi p\u00f5leti&quot;.<br \/>\nReguleeritav difuusor.<br \/>\nK\u00f5rgus: 48 cm<\/p>\n<p>Kas teil on k\u00fcsimusi? v\u00f5ta meiega \u00fchendust <a href=\"https:\/\/hookahshop.lt\/et\/kontaktid\/\">kontaktide leht<\/a> v\u00f5i saatke meile e-kiri aadressil <a href=\"https:\/\/facebook.com\/HookahShop.lt\/\" target=\"_blank\" rel=\"noopener noreferrer\">Facebooki konto<\/a> ja vastame teie taotlusele samal p\u00e4eval.<\/p>","protected":false},"excerpt":{"rendered":"<p>Vesipiip ALADIN Alux M3 Black Vesipiip j\u00e4tab oma kvaliteetsete materjalidega imelise mulje. Kvaliteetne t\u00f6\u00f6 ja individuaalne disain ei j\u00e4ta teid \u00fcksk\u00f5ikseks. T\u00e4nu oma kompaktsele suurusele on see ideaalne reisikaaslane neile, kes soovivad omada kvaliteetset toodet liikvel olles. Kombineeritud versioon: veega kokkupuutuv v\u00f5lli\/masti alumine osa on valmistatud roostevabast terasest, teised vesipiibu osad on alumiiniumist. Standardkomplekt: [\u2026]<\/p>","protected":false},"featured_media":24777,"comment_status":"open","ping_status":"closed","template":"","meta":[],"_links":{"self":[{"href":"https:\/\/hookahshop.lt\/et\/wp-json\/wp\/v2\/product\/12040"}],"collection":[{"href":"https:\/\/hookahshop.lt\/et\/wp-json\/wp\/v2\/product"}],"about":[{"href":"https:\/\/hookahshop.lt\/et\/wp-json\/wp\/v2\/types\/product"}],"replies":[{"embeddable":true,"href":"https:\/\/hookahshop.lt\/et\/wp-json\/wp\/v2\/comments?post=12040"}],"version-history":[{"count":8,"href":"https:\/\/hookahshop.lt\/et\/wp-json\/wp\/v2\/product\/12040\/revisions"}],"predecessor-version":[{"id":32783,"href":"https:\/\/hookahshop.lt\/et\/wp-json\/wp\/v2\/product\/12040\/revisions\/32783"}],"wp:featuredmedia":[{"embeddable":true,"href":"https:\/\/hookahshop.lt\/et\/wp-json\/wp\/v2\/media\/24777"}],"wp:attachment":[{"href":"https:\/\/hookahshop.lt\/et\/wp-json\/wp\/v2\/media?parent=12040"}],"curies":[{"name":"wp","href":"https:\/\/api.w.org\/{rel}","templated":true}]}}