{"id":12048,"date":"2020-09-15T20:32:04","date_gmt":"2020-09-15T17:32:04","guid":{"rendered":"https:\/\/hookahshop.lt\/?post_type=product&#038;p=12048"},"modified":"2026-04-14T23:28:47","modified_gmt":"2026-04-14T20:28:47","slug":"kaljanas-conceptic-design","status":"publish","type":"product","link":"https:\/\/hookahshop.lt\/et\/toode\/vesipiip-conceptic-design\/","title":{"rendered":"Vesipiibu CONCEPTIC disain"},"content":{"rendered":"<h2>Vesipiibu CONCEPTIC disain<\/h2>\n<p>Vesipiip on kerge, t\u00f6\u00f6kindel ja stiilne vesipiip. Valmistatud H - Tech stiilis, peegeldades kaasaegse t\u00f6\u00f6stusdisaini suundi. Iga kollektsiooni vesipiip on n\u00e4ide kompromissitu kvaliteedist, kasutades tipptasemel materjale.<br \/>\nConceptic Designi vesipiibu vars on valmistatud roostevabast terasest, mist\u00f5ttu on see \u00e4\u00e4rmiselt t\u00f6\u00f6kindel, ja vesipiibudekoor on saadaval klassikalise teraspeegli versioonis, millele on graveeritud Conceptic Design.<br \/>\nK\u00f5ige t\u00e4htsam on see, et vesipiibul on t\u00e4nu eemaldatavale difuusorile reguleeritav t\u00f5ukej\u00f5ud.<\/p>\n<p>Spetsifikatsioonid:<br \/>\nVesipiibu kaal: ~ 1580 gr<br \/>\nVesipiibu k\u00f5rgus: 590 mm<br \/>\nV\u00f5ll sees: roostevaba teras AISI304, D13 mm<br \/>\nV\u00f5lli v\u00e4lisk\u00fclg: roostevabast terasest plaat<br \/>\nSukeldatud v\u00f5lli osa: roostevaba teras, D14 mm<br \/>\nAlusmaterjal: pol\u00fcatsetaal<br \/>\nVooliku pistik: tihendusr\u00f5ngas<br \/>\n\u00dchendusmaterjal: roostevaba teras<br \/>\nKlapi\u00fchendus: tihendusr\u00f5ngas<br \/>\nHajuti: eemaldatav, pol\u00fcatsetaal<br \/>\nSuuosa: roostevaba teras AISI304 silikoonk\u00e4epidemega<br \/>\nSuuliku pikkus: 270 mm, D10 mm<br \/>\nVoolik: silikoon &quot;Soft touch&quot;<br \/>\nVooliku pikkus: 1500 mm<\/p>\n<p><strong>Kollektsioon:<\/strong><br \/>\nV\u00f5ll, plaat, voolik, huulik.<\/p>\n<p>Kas teil on k\u00fcsimusi? v\u00f5ta meiega \u00fchendust <a href=\"https:\/\/hookahshop.lt\/et\/kontaktid\/\">kontaktide leht<\/a> v\u00f5i saatke meile e-kiri aadressil <a href=\"https:\/\/facebook.com\/HookahShop.lt\/\" target=\"_blank\" rel=\"noopener noreferrer\">Facebooki konto<\/a> ja vastame teie taotlusele samal p\u00e4eval.<\/p>","protected":false},"excerpt":{"rendered":"<p>Vesipiip CONCEPTIC Design Hookah on kerge, t\u00f6\u00f6kindel ja stiilne vesipiip. Valmistatud H - Tech stiilis, peegeldades kaasaegse t\u00f6\u00f6stusdisaini suundi. Iga kollektsiooni vesipiip on n\u00e4ide kompromissitu kvaliteedist, kasutades tipptasemel materjale. Conceptic Designi vesipiibu vars on valmistatud roostevabast terasest, mist\u00f5ttu on see \u00e4\u00e4rmiselt t\u00f6\u00f6kindel, ja vesipiibudekoor on saadaval klassikalise teraspeegli versioonis, millele on graveeritud Conceptic Design. K\u00f5ige t\u00e4htsam, [\u2026]<\/p>","protected":false},"featured_media":12058,"comment_status":"open","ping_status":"closed","template":"","meta":[],"_links":{"self":[{"href":"https:\/\/hookahshop.lt\/et\/wp-json\/wp\/v2\/product\/12048"}],"collection":[{"href":"https:\/\/hookahshop.lt\/et\/wp-json\/wp\/v2\/product"}],"about":[{"href":"https:\/\/hookahshop.lt\/et\/wp-json\/wp\/v2\/types\/product"}],"replies":[{"embeddable":true,"href":"https:\/\/hookahshop.lt\/et\/wp-json\/wp\/v2\/comments?post=12048"}],"version-history":[{"count":2,"href":"https:\/\/hookahshop.lt\/et\/wp-json\/wp\/v2\/product\/12048\/revisions"}],"predecessor-version":[{"id":22734,"href":"https:\/\/hookahshop.lt\/et\/wp-json\/wp\/v2\/product\/12048\/revisions\/22734"}],"wp:featuredmedia":[{"embeddable":true,"href":"https:\/\/hookahshop.lt\/et\/wp-json\/wp\/v2\/media\/12058"}],"wp:attachment":[{"href":"https:\/\/hookahshop.lt\/et\/wp-json\/wp\/v2\/media?parent=12048"}],"curies":[{"name":"wp","href":"https:\/\/api.w.org\/{rel}","templated":true}]}}