{"id":12068,"date":"2020-09-15T20:38:17","date_gmt":"2020-09-15T17:38:17","guid":{"rendered":"https:\/\/hookahshop.lt\/?post_type=product&#038;p=12068"},"modified":"2026-04-06T23:29:17","modified_gmt":"2026-04-06T20:29:17","slug":"zarna-silikonine-arma-yellow","status":"publish","type":"product","link":"https:\/\/hookahshop.lt\/et\/toode\/silikoonvoolik-arma-yellow\/","title":{"rendered":"Silikoonvoolik ARMA Kollane"},"content":{"rendered":"<h2>Silikoonvoolik ARMA Kollane<\/h2>\n<p>Valmistatud antistaatilise kattega meditsiinilisest silikoonist. See on tervisele ohutu, kuumutamisel ei eralda kahjulikke lisandeid ja sellel pole k\u00f5rvalisi l\u00f5hnu. &quot;Soft touch&quot;-ga kaetud silikoonvoolik on katsudes meeldiv, ei kogu tolmu ja prahti, j\u00e4\u00e4b painduvaks ega paindu suitsetades!<br \/>\nSpetsifikatsioonid:<br \/>\nPikkus: 1,50m<br \/>\nV\u00e4lisl\u00e4bim\u00f5\u00f5t: 16 mm<br \/>\nVooliku sisel\u00e4bim\u00f5\u00f5t: 11mm<br \/>\nKate: Soft Touch<br \/>\nKaal: umbes 190 grammi<\/p>\n<p>Kas teil on k\u00fcsimusi? v\u00f5ta meiega \u00fchendust <a href=\"https:\/\/hookahshop.lt\/et\/kontaktid\/\">kontaktide leht<\/a> v\u00f5i saatke meile e-kiri aadressil <a href=\"https:\/\/facebook.com\/HookahShop.lt\/\" target=\"_blank\" rel=\"noopener noreferrer\">Facebooki konto<\/a> ja vastame teie taotlusele samal p\u00e4eval.<\/p>","protected":false},"excerpt":{"rendered":"<p>Silikoonvoolik ARMA Kollane Valmistatud meditsiinilisest silikoonist antistaatilise kattega. See on tervisele ohutu, ei eralda kuumutamisel kahjulikke lisandeid ega oma v\u00f5\u00f5raid l\u00f5hnu. \u201eSoft touch\u201c kattega silikoonvoolik on meeldiv puudutusele, ei kogu tolmu ega prahti, j\u00e4\u00e4b painduvaks ega paindu suitsetamisel! Spetsifikatsioonid: Pikkus: 1,50 m V\u00e4lisl\u00e4bim\u00f5\u00f5t: 16 mm Vooliku sisel\u00e4bim\u00f5\u00f5t: 11 mm Kate: \u201eSoft Touch\u201c Kaal: [\u2026]<\/p>","protected":false},"featured_media":12073,"comment_status":"open","ping_status":"closed","template":"","meta":[],"_links":{"self":[{"href":"https:\/\/hookahshop.lt\/et\/wp-json\/wp\/v2\/product\/12068"}],"collection":[{"href":"https:\/\/hookahshop.lt\/et\/wp-json\/wp\/v2\/product"}],"about":[{"href":"https:\/\/hookahshop.lt\/et\/wp-json\/wp\/v2\/types\/product"}],"replies":[{"embeddable":true,"href":"https:\/\/hookahshop.lt\/et\/wp-json\/wp\/v2\/comments?post=12068"}],"version-history":[{"count":4,"href":"https:\/\/hookahshop.lt\/et\/wp-json\/wp\/v2\/product\/12068\/revisions"}],"predecessor-version":[{"id":37126,"href":"https:\/\/hookahshop.lt\/et\/wp-json\/wp\/v2\/product\/12068\/revisions\/37126"}],"wp:featuredmedia":[{"embeddable":true,"href":"https:\/\/hookahshop.lt\/et\/wp-json\/wp\/v2\/media\/12073"}],"wp:attachment":[{"href":"https:\/\/hookahshop.lt\/et\/wp-json\/wp\/v2\/media?parent=12068"}],"curies":[{"name":"wp","href":"https:\/\/api.w.org\/{rel}","templated":true}]}}