{"id":12091,"date":"2020-09-15T20:47:56","date_gmt":"2020-09-15T17:47:56","guid":{"rendered":"https:\/\/hookahshop.lt\/?post_type=product&#038;p=12091"},"modified":"2026-04-06T23:29:17","modified_gmt":"2026-04-06T20:29:17","slug":"zarna-silikonine-arma-grey","status":"publish","type":"product","link":"https:\/\/hookahshop.lt\/et\/toode\/silikoonvoolik-arma-grey\/","title":{"rendered":"Silikoonvoolik ARMA Hall"},"content":{"rendered":"<h2>Silikoonvoolik ARMA Hall<\/h2>\n<p>Valmistatud antistaatilise kattega meditsiinilisest silikoonist. See on tervisele ohutu, kuumutamisel ei eralda kahjulikke lisandeid ja sellel pole k\u00f5rvalisi l\u00f5hnu. &quot;Soft touch&quot;-ga kaetud silikoonvoolik on katsudes meeldiv, ei kogu tolmu ja prahti, j\u00e4\u00e4b painduvaks ega paindu suitsetades!<br \/>\nSpetsifikatsioonid:<br \/>\nPikkus: 1,50m<br \/>\nV\u00e4lisl\u00e4bim\u00f5\u00f5t: 16 mm<br \/>\nVooliku sisel\u00e4bim\u00f5\u00f5t: 11mm<br \/>\nKate: Soft Touch<br \/>\nKaal: umbes 190 grammi<\/p>\n<p>Kas teil on k\u00fcsimusi? v\u00f5ta meiega \u00fchendust <a href=\"https:\/\/hookahshop.lt\/et\/kontaktid\/\">kontaktide leht<\/a> v\u00f5i saatke meile e-kiri aadressil <a href=\"https:\/\/facebook.com\/HookahShop.lt\/\" target=\"_blank\" rel=\"noopener noreferrer\">Facebooki konto<\/a> ja vastame teie taotlusele samal p\u00e4eval.<\/p>","protected":false},"excerpt":{"rendered":"<p>Silikoonvoolik ARMA hall Valmistatud antistaatilise kattega meditsiinilisest silikoonist. See on tervisele ohutu, kuumutamisel ei eralda kahjulikke lisandeid ja sellel pole k\u00f5rvalisi l\u00f5hnu. &quot;Soft touchiga&quot; kaetud silikoonvoolik on katsudes meeldiv, ei kogu tolmu ja prahti, j\u00e4\u00e4b painduvaks ega paindu suitsetamisel! Tehnilised andmed: Pikkus: 1,50m V\u00e4lisl\u00e4bim\u00f5\u00f5t: 16mm Sisemine vooliku l\u00e4bim\u00f5\u00f5t: 11mm Kate: Soft Touch Kaal: [\u2026]<\/p>","protected":false},"featured_media":12095,"comment_status":"open","ping_status":"closed","template":"","meta":[],"_links":{"self":[{"href":"https:\/\/hookahshop.lt\/et\/wp-json\/wp\/v2\/product\/12091"}],"collection":[{"href":"https:\/\/hookahshop.lt\/et\/wp-json\/wp\/v2\/product"}],"about":[{"href":"https:\/\/hookahshop.lt\/et\/wp-json\/wp\/v2\/types\/product"}],"replies":[{"embeddable":true,"href":"https:\/\/hookahshop.lt\/et\/wp-json\/wp\/v2\/comments?post=12091"}],"version-history":[{"count":3,"href":"https:\/\/hookahshop.lt\/et\/wp-json\/wp\/v2\/product\/12091\/revisions"}],"predecessor-version":[{"id":23235,"href":"https:\/\/hookahshop.lt\/et\/wp-json\/wp\/v2\/product\/12091\/revisions\/23235"}],"wp:featuredmedia":[{"embeddable":true,"href":"https:\/\/hookahshop.lt\/et\/wp-json\/wp\/v2\/media\/12095"}],"wp:attachment":[{"href":"https:\/\/hookahshop.lt\/et\/wp-json\/wp\/v2\/media?parent=12091"}],"curies":[{"name":"wp","href":"https:\/\/api.w.org\/{rel}","templated":true}]}}