{"id":12141,"date":"2020-09-16T20:27:36","date_gmt":"2020-09-16T17:27:36","guid":{"rendered":"https:\/\/hookahshop.lt\/?post_type=product&#038;p=12141"},"modified":"2026-04-22T23:29:02","modified_gmt":"2026-04-22T20:29:02","slug":"kaljanas-maklaud-titan-rose","status":"publish","type":"product","link":"https:\/\/hookahshop.lt\/et\/toode\/vesipiip-maklaud-titan-rose\/","title":{"rendered":"Vesipiip MAKLAUD Titan roos"},"content":{"rendered":"<h2>Vesipiip MAKLAUD Titan roos<\/h2>\n<p>Vesipiip on valmistatud parimatest materjalidest ja eksklusiivse disainiga premium klassi vesipiip.<\/p>\n<p>Vars on k\u00e4sitsi valmistatud, et tagada kompromissitu kvaliteet ning lisades roosi, mis teeb Maklaud Titan rose&#039;ist muljetavaldava ja pilkup\u00fc\u00fcdva vesipiibu, kasutavad nad vastupidavuse tagamiseks selliseid materjale nagu roostevaba teras, kummist tihend ja silikoonvooliku\u00fchendus.<\/p>\n<p>See on selle kaubam\u00e4rgi k\u00f5ige muljetavaldavam mudel, sest plaadil, selle lillel kaelal ja huulikul on sama &quot;lilla&quot; v\u00e4rv ja koonusekujuline puhastuss\u00fcsteem, mis \u00fcllatab p\u00f5hjast v\u00e4ljumisega.<\/p>\n<p><strong>Varustus:<\/strong><br \/>\nroostevabast terasest v\u00f5ll<br \/>\nklaaskolb<br \/>\nplaat<br \/>\nsilikoonvoolik<br \/>\nkolvi ja varre vahel<br \/>\ntangid<br \/>\nroostevabast terasest huulik<br \/>\npuidust pakend<\/p>\n<p><strong>Spetsifikatsioon:<\/strong><br \/>\nK\u00f5rgus: 73 cm<br \/>\nHuuliku pikkus: 32 cm<br \/>\nVooliku pikkus: 150 cm<\/p>\n<p>Materjal: roostevaba teras<br \/>\nKolvi \u00fchendamine korpusega: niit<\/p>\n<p>Kas teil on k\u00fcsimusi? v\u00f5ta meiega \u00fchendust <a href=\"https:\/\/hookahshop.lt\/et\/kontaktid\/\">kontaktide leht<\/a> v\u00f5i saatke meile e-kiri aadressil <a href=\"https:\/\/facebook.com\/HookahShop.lt\/\" target=\"_blank\" rel=\"noopener noreferrer\">Facebooki konto<\/a> ja vastame teie taotlusele samal p\u00e4eval.<\/p>","protected":false},"excerpt":{"rendered":"<p>Vesipiip MAKLAUD Titan rose Vesipiip on valmistatud parimatest materjalidest ja eksklusiivse disainiga premium klassi vesipiip. Vars on k\u00e4sitsi valmistatud, et tagada kompromissitu kvaliteet ning lisades roosi, mis teeb Maklaud Titan roosist muljetavaldava ja pilkup\u00fc\u00fcdva vesipiibu, on kasutatud materjale nagu roostevaba teras, kummist tihend ja silikoonvooliku\u00fchendus vastupidavuse tagamiseks. . See on selle toote k\u00f5ige muljetavaldavam [\u2026]<\/p>","protected":false},"featured_media":12142,"comment_status":"open","ping_status":"closed","template":"","meta":[],"_links":{"self":[{"href":"https:\/\/hookahshop.lt\/et\/wp-json\/wp\/v2\/product\/12141"}],"collection":[{"href":"https:\/\/hookahshop.lt\/et\/wp-json\/wp\/v2\/product"}],"about":[{"href":"https:\/\/hookahshop.lt\/et\/wp-json\/wp\/v2\/types\/product"}],"replies":[{"embeddable":true,"href":"https:\/\/hookahshop.lt\/et\/wp-json\/wp\/v2\/comments?post=12141"}],"version-history":[{"count":3,"href":"https:\/\/hookahshop.lt\/et\/wp-json\/wp\/v2\/product\/12141\/revisions"}],"predecessor-version":[{"id":41498,"href":"https:\/\/hookahshop.lt\/et\/wp-json\/wp\/v2\/product\/12141\/revisions\/41498"}],"wp:featuredmedia":[{"embeddable":true,"href":"https:\/\/hookahshop.lt\/et\/wp-json\/wp\/v2\/media\/12142"}],"wp:attachment":[{"href":"https:\/\/hookahshop.lt\/et\/wp-json\/wp\/v2\/media?parent=12141"}],"curies":[{"name":"wp","href":"https:\/\/api.w.org\/{rel}","templated":true}]}}