{"id":12156,"date":"2020-09-17T11:39:10","date_gmt":"2020-09-17T08:39:10","guid":{"rendered":"https:\/\/hookahshop.lt\/?post_type=product&#038;p=12156"},"modified":"2026-04-18T23:29:10","modified_gmt":"2026-04-18T20:29:10","slug":"valymo-priemone-kaljanui-hookah-250ml","status":"publish","type":"product","link":"https:\/\/hookahshop.lt\/et\/toode\/vesipiibupuhastaja-hookah-clean-250ml\/","title":{"rendered":"Vesipiibupuhastaja HOOKAH CLEAN 250ml"},"content":{"rendered":"<h2>Vesipiibupuhastusvahend vesipiibu puhastaja<\/h2>\n<p>Desinfitseerib ja eemaldab vesipiibu imenduvad l\u00f5hnad.<br \/>\nAntibakteriaalne puhastus vesipiibu hooldusvahend h\u00f5lbustab vesipiibu vajalikku hooldamist ja tagab seadme hea seisundi pikemaks ajaks.<br \/>\nSageli pestud vesipiibu ja selle tarvikute kasutusiga pikeneb.<br \/>\nVesipiibu ja selle tarvikute regulaarne pesemine aitab v\u00e4ltida v\u00e4limuse muutusi, roostet, ebameeldivat l\u00f5hna.<\/p>\n<p>Mahutavus: 250 ml<\/p>\n<p>Kas teil on k\u00fcsimusi? v\u00f5ta meiega \u00fchendust <a href=\"https:\/\/hookahshop.lt\/et\/kontaktid\/\">kontaktide leht<\/a> v\u00f5i saatke meile e-kiri aadressil <a href=\"https:\/\/facebook.com\/HookahShop.lt\/\" target=\"_blank\" rel=\"noopener noreferrer\">Facebooki konto<\/a> ja vastame teie taotlusele samal p\u00e4eval.<\/p>","protected":false},"excerpt":{"rendered":"<p>HookahClean HookahClean Desinfitseerib ja eemaldab vesipiibu sisse imendunud l\u00f5hnad. Vesipiibu antibakteriaalne puhastuskonks h\u00f5lbustab vesipiibu vajalikku hooldamist ja tagab seadme pikema aja heas korrasoleku. Pikeneb sageli pestava vesipiibu ja selle tarvikute kasutusiga. Vesipiibu ja selle tarvikute regulaarne pesemine aitab v\u00e4ltida muutusi v\u00e4limuses, roostet, ebameeldivat l\u00f5hna. Mahutavus: 250 ml [\u2026]<\/p>","protected":false},"featured_media":12157,"comment_status":"open","ping_status":"closed","template":"","meta":[],"_links":{"self":[{"href":"https:\/\/hookahshop.lt\/et\/wp-json\/wp\/v2\/product\/12156"}],"collection":[{"href":"https:\/\/hookahshop.lt\/et\/wp-json\/wp\/v2\/product"}],"about":[{"href":"https:\/\/hookahshop.lt\/et\/wp-json\/wp\/v2\/types\/product"}],"replies":[{"embeddable":true,"href":"https:\/\/hookahshop.lt\/et\/wp-json\/wp\/v2\/comments?post=12156"}],"version-history":[{"count":3,"href":"https:\/\/hookahshop.lt\/et\/wp-json\/wp\/v2\/product\/12156\/revisions"}],"predecessor-version":[{"id":30697,"href":"https:\/\/hookahshop.lt\/et\/wp-json\/wp\/v2\/product\/12156\/revisions\/30697"}],"wp:featuredmedia":[{"embeddable":true,"href":"https:\/\/hookahshop.lt\/et\/wp-json\/wp\/v2\/media\/12157"}],"wp:attachment":[{"href":"https:\/\/hookahshop.lt\/et\/wp-json\/wp\/v2\/media?parent=12156"}],"curies":[{"name":"wp","href":"https:\/\/api.w.org\/{rel}","templated":true}]}}