{"id":1219,"date":"2020-03-25T12:51:58","date_gmt":"2020-03-25T10:51:58","guid":{"rendered":"http:\/\/hookahshop.lt\/?post_type=product&#038;p=1219"},"modified":"2026-04-05T23:29:08","modified_gmt":"2026-04-05T20:29:08","slug":"lentele-tabako-pjaustymui-lithuaniahookah","status":"publish","type":"product","link":"https:\/\/hookahshop.lt\/et\/toode\/tabel-tubaka-loikamiseks-lithuaniahookah\/","title":{"rendered":"Tabel tubaka l\u00f5ikamiseks LITHUANIAHOOKAH"},"content":{"rendered":"<h2>Tabel tubaka l\u00f5ikamiseks LITHUANIAHOOKAH<\/h2>\n<p>V\u00e4ikese laua hind on 15.00 Eur<br \/>\nSuure laua hind on 25.00 Eur<\/p>\n<p>M\u00f5\u00f5dud:<br \/>\nV\u00e4ike laud 25 \u00d7 12,5<br \/>\nSuur laud 29 \u00d7 20<\/p>\n<p>Kas teil on k\u00fcsimusi? v\u00f5ta meiega \u00fchendust\u00a0<a href=\"https:\/\/hookahshop.lt\/et\/kontaktid\/\">kontaktide leht<\/a>\u00a0v\u00f5i saatke meile e-kiri aadressil\u00a0<a href=\"https:\/\/facebook.com\/HookahShop.lt\/\" target=\"_blank\" rel=\"noopener noreferrer\">Facebooki konto<\/a>\u00a0ja vastame teie taotlusele samal p\u00e4eval.<\/p>","protected":false},"excerpt":{"rendered":"<p>Naturaalsest puidust tubaka l\u00f5ikelaud<\/p>","protected":false},"featured_media":9578,"comment_status":"open","ping_status":"closed","template":"","meta":[],"_links":{"self":[{"href":"https:\/\/hookahshop.lt\/et\/wp-json\/wp\/v2\/product\/1219"}],"collection":[{"href":"https:\/\/hookahshop.lt\/et\/wp-json\/wp\/v2\/product"}],"about":[{"href":"https:\/\/hookahshop.lt\/et\/wp-json\/wp\/v2\/types\/product"}],"replies":[{"embeddable":true,"href":"https:\/\/hookahshop.lt\/et\/wp-json\/wp\/v2\/comments?post=1219"}],"version-history":[{"count":4,"href":"https:\/\/hookahshop.lt\/et\/wp-json\/wp\/v2\/product\/1219\/revisions"}],"predecessor-version":[{"id":32454,"href":"https:\/\/hookahshop.lt\/et\/wp-json\/wp\/v2\/product\/1219\/revisions\/32454"}],"wp:featuredmedia":[{"embeddable":true,"href":"https:\/\/hookahshop.lt\/et\/wp-json\/wp\/v2\/media\/9578"}],"wp:attachment":[{"href":"https:\/\/hookahshop.lt\/et\/wp-json\/wp\/v2\/media?parent=1219"}],"curies":[{"name":"wp","href":"https:\/\/api.w.org\/{rel}","templated":true}]}}