{"id":12192,"date":"2020-09-17T15:26:34","date_gmt":"2020-09-17T12:26:34","guid":{"rendered":"https:\/\/hookahshop.lt\/?post_type=product&#038;p=12192"},"modified":"2026-05-14T23:28:57","modified_gmt":"2026-05-14T20:28:57","slug":"kaljanas-maklaud-x-egypt","status":"publish","type":"product","link":"https:\/\/hookahshop.lt\/et\/toode\/vesipiip-maklaud-x-egypt\/","title":{"rendered":"Kaljanas MAKLAUD X Egiptus"},"content":{"rendered":"<h2>Kaljanas MAKLAUD X Egiptus<\/h2>\n<p>See on vesipiip, mis ei j\u00e4ta teid \u00fcksk\u00f5ikseks. See on vesipiip, mis meeldib nii kogenud kui ka algajatele. Maklaud vesipiibud on kuulsad oma originaalse disaini ja ekstravagantsete detailide poolest. Maklaud X seeria disain on koostatud pisikestest detailidest, mis j\u00e4tavad kustumatu mulje. See vesipiip on valmistatud vastupidavast ja vastupidavast materjalist, et see kestaks kaua ega kaotaks oma esialgset v\u00f5lu.<\/p>\n<p><strong>Spetsifikatsioonid:<\/strong><\/p>\n<p>V\u00f5lli materjal: roostevaba teras AISI 304<br \/>\nSukelv\u00f5ll: roostevaba teras AISI 304<br \/>\nMaterjal: messing<br \/>\nAlusmaterjal: roostevaba teras AISI 304<br \/>\nKolvi\u00fchendus: roostevaba teras AISI 304<br \/>\nVooliku\u00fchendus: roostevaba teras AISI 304<br \/>\nVarre k\u00f5rgus: 70 cm<br \/>\nKlapp: v\u00e4line<br \/>\nKinnituss\u00fcsteem: vahepealne<br \/>\nHajuti: mittereguleeritav<br \/>\nKolvi sisel\u00e4bim\u00f5\u00f5t: 14 mm<\/p>\n<p><strong>Varustus:<\/strong><\/p>\n<p>V\u00f5lli<br \/>\nPlaat<br \/>\nKolvi tihend<br \/>\nAsendusventiili kuul<br \/>\nMaklaud kaubam\u00e4rgiga kast<br \/>\nMuumia sisestus<\/p>\n<p>Kas teil on k\u00fcsimusi? v\u00f5ta meiega \u00fchendust <a href=\"https:\/\/hookahshop.lt\/et\/kontaktid\/\">kontaktide leht<\/a> v\u00f5i saatke meile e-kiri aadressil <a href=\"https:\/\/facebook.com\/HookahShop.lt\/\" target=\"_blank\" rel=\"noopener noreferrer\">Facebooki konto<\/a> ja vastame teie taotlusele samal p\u00e4eval.<\/p>","protected":false},"excerpt":{"rendered":"<p>Vesipiip MAKLAUD X Egiptus See on vesipiip, mis ei j\u00e4ta \u00fcksk\u00f5ikseks. See on vesipiip, mis meeldib nii kogenud kui ka algajale. Maklaudi vesipiibud on kuulsad oma originaalse disaini ja ekstravagantsete detailide poolest. Maklaud X-seeria disain on kujundatud kuni pisikeste detailideni, mis j\u00e4tavad kustumatu mulje. See vesipiip on valmistatud vastupidavatest ja vastupidavatest materjalidest, et kestaks kaua ega kaotaks oma esialgset [\u2026]<\/p>","protected":false},"featured_media":12194,"comment_status":"open","ping_status":"closed","template":"","meta":[],"_links":{"self":[{"href":"https:\/\/hookahshop.lt\/et\/wp-json\/wp\/v2\/product\/12192"}],"collection":[{"href":"https:\/\/hookahshop.lt\/et\/wp-json\/wp\/v2\/product"}],"about":[{"href":"https:\/\/hookahshop.lt\/et\/wp-json\/wp\/v2\/types\/product"}],"replies":[{"embeddable":true,"href":"https:\/\/hookahshop.lt\/et\/wp-json\/wp\/v2\/comments?post=12192"}],"version-history":[{"count":3,"href":"https:\/\/hookahshop.lt\/et\/wp-json\/wp\/v2\/product\/12192\/revisions"}],"predecessor-version":[{"id":41496,"href":"https:\/\/hookahshop.lt\/et\/wp-json\/wp\/v2\/product\/12192\/revisions\/41496"}],"wp:featuredmedia":[{"embeddable":true,"href":"https:\/\/hookahshop.lt\/et\/wp-json\/wp\/v2\/media\/12194"}],"wp:attachment":[{"href":"https:\/\/hookahshop.lt\/et\/wp-json\/wp\/v2\/media?parent=12192"}],"curies":[{"name":"wp","href":"https:\/\/api.w.org\/{rel}","templated":true}]}}