{"id":12205,"date":"2020-09-17T21:26:55","date_gmt":"2020-09-17T18:26:55","guid":{"rendered":"https:\/\/hookahshop.lt\/?post_type=product&#038;p=12205"},"modified":"2026-04-05T23:29:04","modified_gmt":"2026-04-05T20:29:04","slug":"kolba-kaljanui-bigmaks-rainbow-crystal","status":"publish","type":"product","link":"https:\/\/hookahshop.lt\/et\/toode\/kolb-vesipiibu-bigmaks-rainbow-crystal\/","title":{"rendered":"Kolb vesipiibule BIGMAKS Rainbow Crystal"},"content":{"rendered":"<h2>Kolb vesipiibule BIGMAKS Rainbow Crystal<\/h2>\n<p>ehtsast kristallist ja k\u00e4sitsi l\u00f5igatud. See kolb on ainulaadne oma disaini, kvaliteedi ja \u00e4\u00e4rmiselt l\u00e4bipaistev.<\/p>\n<p><strong><span title=\"\">Spetsifikatsioonid:<\/span><\/strong><br \/>\nKolvi kaal: ~ 2,5 kg.<\/p>\n<p>Kas teil on k\u00fcsimusi? v\u00f5ta meiega \u00fchendust <a href=\"https:\/\/hookahshop.lt\/et\/kontaktid\/\">kontaktide leht<\/a> v\u00f5i saatke meile e-kiri aadressil <a href=\"https:\/\/facebook.com\/HookahShop.lt\/\" target=\"_blank\" rel=\"noopener noreferrer\">Facebooki konto<\/a> ja vastame teie taotlusele samal p\u00e4eval.<\/p>","protected":false},"excerpt":{"rendered":"<p>Kolba kaljanui BIGMAKS Rainbow Crystal pagaminta i\u0161 tikro kri\u0161tolo ir supjaustoma rankomis. \u0160i kolba i\u0161skirtin\u0117 savo dizainu, kokybe ir yra itin skaidri. Specifikacijos: Kolbos svoris: ~ 2,5 kg. Turite klausim\u0173? Susisiekite su mumis kontakt\u0173 puslapyje arba para\u0161ykite mums \u012f Facebook paskyr\u0105 ir atsakysime \u012f j\u016bs\u0173 u\u017eklaus\u0105 dar t\u0105 pa\u010di\u0105 dien\u0105.<\/p>","protected":false},"featured_media":12211,"comment_status":"open","ping_status":"closed","template":"","meta":[],"_links":{"self":[{"href":"https:\/\/hookahshop.lt\/et\/wp-json\/wp\/v2\/product\/12205"}],"collection":[{"href":"https:\/\/hookahshop.lt\/et\/wp-json\/wp\/v2\/product"}],"about":[{"href":"https:\/\/hookahshop.lt\/et\/wp-json\/wp\/v2\/types\/product"}],"replies":[{"embeddable":true,"href":"https:\/\/hookahshop.lt\/et\/wp-json\/wp\/v2\/comments?post=12205"}],"version-history":[{"count":5,"href":"https:\/\/hookahshop.lt\/et\/wp-json\/wp\/v2\/product\/12205\/revisions"}],"predecessor-version":[{"id":45010,"href":"https:\/\/hookahshop.lt\/et\/wp-json\/wp\/v2\/product\/12205\/revisions\/45010"}],"wp:featuredmedia":[{"embeddable":true,"href":"https:\/\/hookahshop.lt\/et\/wp-json\/wp\/v2\/media\/12211"}],"wp:attachment":[{"href":"https:\/\/hookahshop.lt\/et\/wp-json\/wp\/v2\/media?parent=12205"}],"curies":[{"name":"wp","href":"https:\/\/api.w.org\/{rel}","templated":true}]}}