{"id":1222,"date":"2020-03-25T12:55:18","date_gmt":"2020-03-25T10:55:18","guid":{"rendered":"http:\/\/hookahshop.lt\/?post_type=product&#038;p=1222"},"modified":"2026-04-06T23:28:39","modified_gmt":"2026-04-06T20:28:39","slug":"kaitlente-kaljano-anglims","status":"publish","type":"product","link":"https:\/\/hookahshop.lt\/et\/toode\/pliidiplaat-vesipiip-susi\/","title":{"rendered":"Pliit vesipiibus\u00f6e"},"content":{"rendered":"<h2>Pliit vesipiibus\u00f6e<\/h2>\n<div class=\"product_inf_options_group\"><strong>Pliidiplaadi t\u00fc\u00fcp:<\/strong><\/div>\n<div class=\"product_inf_options_box_even_row\">\n<div class=\"product_inf_options_box_even_row_val\">Elektrijaam<\/div>\n<\/div>\n<div class=\"product_inf_options_box_odd_row\"><strong>Kohtade arv:<\/strong><\/div>\n<div class=\"product_inf_options_box_odd_row_val\">1<\/div>\n<div class=\"product_inf_options_box_even_row\"><strong>Kontrolli t\u00fc\u00fcp:<\/strong><\/div>\n<div class=\"product_inf_options_box_even_row_val\">Mehaaniline<\/div>\n<div class=\"product_inf_options_box_odd_row\"><strong>V\u00f5imsus (W):<\/strong><\/div>\n<div class=\"product_inf_options_box_odd_row_val\">1000 W<\/div>\n<div class=\"product_inf_options_box_even_row\"><strong>V\u00e4rv:<\/strong><\/div>\n<div class=\"product_inf_options_box_even_row_val\">Must<\/div>\n<div class=\"product_inf_options_box_odd_row\"><strong>M\u00f5\u00f5dud (L x K x S):<\/strong><\/div>\n<div class=\"product_inf_options_box_odd_row_val\">6,0 x 21,0 x 21,0 cm<\/div>\n<div><\/div>\n<div>Kas teil on k\u00fcsimusi? v\u00f5ta meiega \u00fchendust\u00a0<a href=\"https:\/\/hookahshop.lt\/et\/kontaktid\/\">kontaktide leht<\/a>\u00a0v\u00f5i saatke meile e-kiri aadressil\u00a0<a href=\"https:\/\/facebook.com\/HookahShop.lt\/\" target=\"_blank\" rel=\"noopener noreferrer\">Facebooki konto<\/a>\u00a0ja vastame teie taotlusele samal p\u00e4eval.<\/div>","protected":false},"excerpt":{"rendered":"<div class=\"product_inf_options_group\"><strong>Pliidiplaadi t\u00fc\u00fcp:<\/strong><\/div>\n<div class=\"product_inf_options_box_even_row\">\n<div class=\"product_inf_options_box_even_row_val\">Elektrijaam<\/div>\n<\/div>\n<div class=\"product_inf_options_box_odd_row\"><strong>Kohtade arv:<\/strong><\/div>\n<div class=\"product_inf_options_box_odd_row_val\">1<\/div>\n<div class=\"product_inf_options_box_even_row\"><strong>Kontrolli t\u00fc\u00fcp:<\/strong><\/div>\n<div class=\"product_inf_options_box_even_row_val\">Mehaaniline<\/div>\n<div class=\"product_inf_options_box_odd_row\"><strong>V\u00f5imsus (W):<\/strong><\/div>\n<div class=\"product_inf_options_box_odd_row_val\">1000 W<\/div>\n<div class=\"product_inf_options_box_even_row\"><strong>V\u00e4rv:<\/strong><\/div>\n<div class=\"product_inf_options_box_even_row_val\">Must<\/div>\n<div class=\"product_inf_options_box_odd_row\"><strong>M\u00f5\u00f5dud (L x K x S):<\/strong><\/div>\n<div class=\"product_inf_options_box_odd_row_val\">6,0 x 21,0 x 21,0 cm<\/div>","protected":false},"featured_media":1223,"comment_status":"open","ping_status":"closed","template":"","meta":[],"_links":{"self":[{"href":"https:\/\/hookahshop.lt\/et\/wp-json\/wp\/v2\/product\/1222"}],"collection":[{"href":"https:\/\/hookahshop.lt\/et\/wp-json\/wp\/v2\/product"}],"about":[{"href":"https:\/\/hookahshop.lt\/et\/wp-json\/wp\/v2\/types\/product"}],"replies":[{"embeddable":true,"href":"https:\/\/hookahshop.lt\/et\/wp-json\/wp\/v2\/comments?post=1222"}],"version-history":[{"count":7,"href":"https:\/\/hookahshop.lt\/et\/wp-json\/wp\/v2\/product\/1222\/revisions"}],"predecessor-version":[{"id":34788,"href":"https:\/\/hookahshop.lt\/et\/wp-json\/wp\/v2\/product\/1222\/revisions\/34788"}],"wp:featuredmedia":[{"embeddable":true,"href":"https:\/\/hookahshop.lt\/et\/wp-json\/wp\/v2\/media\/1223"}],"wp:attachment":[{"href":"https:\/\/hookahshop.lt\/et\/wp-json\/wp\/v2\/media?parent=1222"}],"curies":[{"name":"wp","href":"https:\/\/api.w.org\/{rel}","templated":true}]}}