{"id":12227,"date":"2020-09-17T22:26:00","date_gmt":"2020-09-17T19:26:00","guid":{"rendered":"https:\/\/hookahshop.lt\/?post_type=product&#038;p=12227"},"modified":"2026-04-16T23:29:06","modified_gmt":"2026-04-16T20:29:06","slug":"kaljanas-steamulation-pro-x-clear","status":"publish","type":"product","link":"https:\/\/hookahshop.lt\/et\/toode\/vesipiip-steamulation-pro-x-clear\/","title":{"rendered":"Vesipiibu STEAMULATION Pro X Clear"},"content":{"rendered":"<h2>Vesipiibu STEAMULATION Pro X Clear<\/h2>\n<p>Selle vesipiibu funktsioonide kombinatsioon tagab, et iga kasutaja leiab oma vajadustele sobiva seadistuse.<\/p>\n<p>Steamulation Pro X on maailmas k\u00f5ige rohkemate funktsioonide ja kohandamisv\u00f5imalustega hooker!<\/p>\n<p>Karbist leiate:<\/p>\n<p>1x Steamulation Pro X<br \/>\n1x V2A vooliku adapter (18,8)<br \/>\nUnikaalne seerianumber<\/p>\n<p>Tehnilised andmed:<\/p>\n<p>Suurus: 52 cm<br \/>\nKaal: 4,8 kg<br \/>\nVaasi l\u00e4bim\u00f5\u00f5t: 24 cm<br \/>\nEemaldatav difuusor<br \/>\nSoovitatav t\u00e4itetase: ligikaudu 1,6-1,7 liitrit<\/p>\n<p>Lisaks saadaval:<\/p>\n<p>Huulik<br \/>\nSilikoonvoolik<\/p>\n<p>Materjal: roostevaba teras<\/p>\n<p>Kas teil on k\u00fcsimusi? v\u00f5ta meiega \u00fchendust <a href=\"https:\/\/hookahshop.lt\/et\/kontaktid\/\">kontaktide leht<\/a> v\u00f5i saatke meile e-kiri aadressil <a href=\"https:\/\/facebook.com\/HookahShop.lt\/\" target=\"_blank\" rel=\"noopener noreferrer\">Facebooki konto<\/a> ja vastame teie taotlusele samal p\u00e4eval.<\/p>","protected":false},"excerpt":{"rendered":"<p>Vesipiibu STEAMULATION Pro X Clear Selle vesipiibu funktsioonide kombinatsioon tagab, et iga kasutaja leiab oma vajadustele sobiva seade. Steamulation Pro X on maailmas k\u00f5ige rohkemate funktsioonide ja kohandamisv\u00f5imalustega hooker! Karbist leiate: 1x Steamulation Pro X 1x V2A voolikuadapteri (18,8) Unikaalne seerianumber Tehnilised andmed: Suurus: 52 cm Kaal: 4,8 [\u2026]<\/p>","protected":false},"featured_media":12230,"comment_status":"open","ping_status":"closed","template":"","meta":[],"_links":{"self":[{"href":"https:\/\/hookahshop.lt\/et\/wp-json\/wp\/v2\/product\/12227"}],"collection":[{"href":"https:\/\/hookahshop.lt\/et\/wp-json\/wp\/v2\/product"}],"about":[{"href":"https:\/\/hookahshop.lt\/et\/wp-json\/wp\/v2\/types\/product"}],"replies":[{"embeddable":true,"href":"https:\/\/hookahshop.lt\/et\/wp-json\/wp\/v2\/comments?post=12227"}],"version-history":[{"count":2,"href":"https:\/\/hookahshop.lt\/et\/wp-json\/wp\/v2\/product\/12227\/revisions"}],"predecessor-version":[{"id":22703,"href":"https:\/\/hookahshop.lt\/et\/wp-json\/wp\/v2\/product\/12227\/revisions\/22703"}],"wp:featuredmedia":[{"embeddable":true,"href":"https:\/\/hookahshop.lt\/et\/wp-json\/wp\/v2\/media\/12230"}],"wp:attachment":[{"href":"https:\/\/hookahshop.lt\/et\/wp-json\/wp\/v2\/media?parent=12227"}],"curies":[{"name":"wp","href":"https:\/\/api.w.org\/{rel}","templated":true}]}}