{"id":12288,"date":"2020-09-20T20:03:14","date_gmt":"2020-09-20T17:03:14","guid":{"rendered":"https:\/\/hookahshop.lt\/?post_type=product&#038;p=12288"},"modified":"2026-05-14T23:28:45","modified_gmt":"2026-05-14T20:28:45","slug":"kaljanas-alpha-hookah-beat","status":"publish","type":"product","link":"https:\/\/hookahshop.lt\/et\/toode\/vesipiip-alfa-vesipiibu-peksmine\/","title":{"rendered":"Vesipiibu ALPHA HOOKAH Beat"},"content":{"rendered":"<h2>Vesipiibu ALPHA Vesipiibu peksmine<\/h2>\n<p>Uus ja eksklusiivne Alpha Hookah mudel. Vesipiip Alpha Hookah BEAT on vesipiip, mis t\u00f5stab esile sinu stiili ja elur\u00fctmi.<\/p>\n<p><strong>Varustus:<\/strong><\/p>\n<p>V\u00f5lli<br \/>\nHuulik<br \/>\nPlaat<br \/>\nSilikoonvoolik &quot;Soft Touch&quot;<br \/>\nHajuti<br \/>\nKolb (selge v\u00f5i toonitud)<br \/>\nMagnet\u00fchendus<\/p>\n<p><img decoding=\"async\" loading=\"lazy\" class=\"alignnone size-medium wp-image-38520\" src=\"https:\/\/hookahshop.lt\/wp-content\/uploads\/2020\/09\/stiebas-kolba-zarna-kandiklis-1-300x273.jpg\" alt=\"- hookahshop.lt\" width=\"300\" height=\"273\" srcset=\"https:\/\/hookahshop.lt\/wp-content\/uploads\/2020\/09\/stiebas-kolba-zarna-kandiklis-1-300x273.jpg 300w, https:\/\/hookahshop.lt\/wp-content\/uploads\/2020\/09\/stiebas-kolba-zarna-kandiklis-1-13x12.jpg 13w, https:\/\/hookahshop.lt\/wp-content\/uploads\/2020\/09\/stiebas-kolba-zarna-kandiklis-1-64x58.jpg 64w, https:\/\/hookahshop.lt\/wp-content\/uploads\/2020\/09\/stiebas-kolba-zarna-kandiklis-1.jpg 420w\" sizes=\"(max-width: 300px) 100vw, 300px\" title=\"\"><\/p>\n<p>Kasutatud materjalid:<br \/>\nKvaliteetne roostevaba teras, Saksa pol\u00fcatsetaal.<\/p>\n<p>M\u00f5\u00f5dud:<\/p>\n<p>V\u00f5lli sisel\u00e4bim\u00f5\u00f5t on 11 mm.<br \/>\nPlaadi l\u00e4bim\u00f5\u00f5t on 17 cm.<br \/>\nVesipiibu k\u00f5rgus koos kolbiga on 35 cm.<\/p>\n<p><strong>Kolvi v\u00e4rvi valik: l\u00e4bipaistev v\u00f5i must l\u00e4bipaistev.\u00a0<\/strong><\/p>\n<p>Kas teil on k\u00fcsimusi? v\u00f5ta meiega \u00fchendust\u00a0<a href=\"https:\/\/hookahshop.lt\/et\/kontaktid\/\">kontaktide leht<\/a>\u00a0v\u00f5i saatke meile e-kiri aadressil\u00a0<a href=\"https:\/\/facebook.com\/HookahShop.lt\/\" target=\"_blank\" rel=\"noopener noreferrer\">Facebooki konto<\/a>\u00a0ja vastame teie taotlusele samal p\u00e4eval.<\/p>","protected":false},"excerpt":{"rendered":"<p>Kaljanas ALPHA Hookah Beat Naujas ir i\u0161skirtinis \u201eAlpha Hookah\u201c kompanijos modelis. Kaljanas Alpha Hookah BEAT tai kaljanas kuris i\u0161ry\u0161kins j\u016bs\u0173 stili\u0173 ir gyvenimo ritm\u0105. Komplektacija: \u0160achta Kandiklis L\u0117k\u0161t\u0117 Silikonin\u0117 \u017earna \u201eSoft Touch\u201c Difuzorius Kolba (skaidri arba tonuota) Magnetin\u0117 jungtis Naudotos med\u017eiagos: Auk\u0161tos kokyb\u0117s ner\u016bdijantis plienas, voki\u0161kas poliacetalis. Matmenys: Vidinis \u0161achtos skersmuo yra 11 mm. L\u0117k\u0161t\u0117s [&hellip;]<\/p>","protected":false},"featured_media":33149,"comment_status":"open","ping_status":"closed","template":"","meta":[],"_links":{"self":[{"href":"https:\/\/hookahshop.lt\/et\/wp-json\/wp\/v2\/product\/12288"}],"collection":[{"href":"https:\/\/hookahshop.lt\/et\/wp-json\/wp\/v2\/product"}],"about":[{"href":"https:\/\/hookahshop.lt\/et\/wp-json\/wp\/v2\/types\/product"}],"replies":[{"embeddable":true,"href":"https:\/\/hookahshop.lt\/et\/wp-json\/wp\/v2\/comments?post=12288"}],"version-history":[{"count":10,"href":"https:\/\/hookahshop.lt\/et\/wp-json\/wp\/v2\/product\/12288\/revisions"}],"predecessor-version":[{"id":45680,"href":"https:\/\/hookahshop.lt\/et\/wp-json\/wp\/v2\/product\/12288\/revisions\/45680"}],"wp:featuredmedia":[{"embeddable":true,"href":"https:\/\/hookahshop.lt\/et\/wp-json\/wp\/v2\/media\/33149"}],"wp:attachment":[{"href":"https:\/\/hookahshop.lt\/et\/wp-json\/wp\/v2\/media?parent=12288"}],"curies":[{"name":"wp","href":"https:\/\/api.w.org\/{rel}","templated":true}]}}