{"id":12318,"date":"2020-09-27T21:03:39","date_gmt":"2020-09-27T18:03:39","guid":{"rendered":"https:\/\/hookahshop.lt\/?post_type=product&#038;p=12318"},"modified":"2026-04-14T23:28:50","modified_gmt":"2026-04-14T20:28:50","slug":"kaljanas-hoob-subatom-black","status":"publish","type":"product","link":"https:\/\/hookahshop.lt\/et\/toode\/vesipiip-hoob-subatom-black\/","title":{"rendered":"Vesipiibu HOOB subAtom Must"},"content":{"rendered":"<h2>Vesipiibu HOOB subAtom Must<\/h2>\n<p>Vesipiip on musta ja kuldse v\u00e4rviga, see on \u00fcks revolutsioonilisemaid ja kompaktsemaid vesipiipu, muutunud veelgi kompaktsemaks ja mobiilsemaks Hoob SubAtomiks. Hoobi juba populaarne must disain ja selle vesipiibu ebastandardsed vormid muudavad selle t\u00f5eliselt ainulaadseks, seda saab kasutada k\u00f5ikjal, kus soovite, looduses, kodus, kontoris. Kvaliteetsed materjalid on ideaalselt sobitatud, et tagada vesipiibu pikim eluiga, ja sobitatud kaasaegse v\u00e4limusega.<\/p>\n<p>Osa anodeeritud alumiiniumist vesipiibu, millel on spetsiaalne kuldne ja must matt kate, roostevabast terasest kesktoru.<br \/>\nHoob Magnetic Lock\u00ae ainulaadne konks-silmus\u00fchenduss\u00fcsteem ja magnetvooliku\u00fchendused.<br \/>\nRoostevabast terasest miniplaat s\u00f6e jaoks.<br \/>\nL\u00f6\u00f6gikindel pleksiklaasist kullat\u00fckkidega kolb.<\/p>\n<p>Hookah Hoob subAtom Black on ese, mida saate kasutada mis tahes tasside ja silikoonvoolikutega.<\/p>\n<p><strong>Varustus:<\/strong><br \/>\nRoostevabast terasest v\u00f5ll<br \/>\nKolvi materjal on orgaaniline klaas<br \/>\nKinnituss\u00fcsteem Hoob Magnetic Lock\u00ae magnetid<br \/>\nK\u00f5rgus 12 cm<br \/>\nV\u00f5ll 13 mm<br \/>\ndifuusor, kolmekordne puhastusventiil<br \/>\nHoob Magnetic Lock platvorm; l\u00f6\u00f6gikindel pleksiklaasist kolb; vooliku\u00fchendus<\/p>\n<p><img decoding=\"async\" loading=\"lazy\" class=\"alignnone size-medium wp-image-38512\" src=\"https:\/\/hookahshop.lt\/wp-content\/uploads\/2022\/06\/mazu-aladinu-komplektacija-1-300x273.jpg\" alt=\"- hookahshop.lt\" width=\"300\" height=\"273\" srcset=\"https:\/\/hookahshop.lt\/wp-content\/uploads\/2022\/06\/mazu-aladinu-komplektacija-1-300x273.jpg 300w, https:\/\/hookahshop.lt\/wp-content\/uploads\/2022\/06\/mazu-aladinu-komplektacija-1-13x12.jpg 13w, https:\/\/hookahshop.lt\/wp-content\/uploads\/2022\/06\/mazu-aladinu-komplektacija-1-64x58.jpg 64w, https:\/\/hookahshop.lt\/wp-content\/uploads\/2022\/06\/mazu-aladinu-komplektacija-1.jpg 420w\" sizes=\"(max-width: 300px) 100vw, 300px\" title=\"\"><\/p>\n<p>Kas teil on k\u00fcsimusi? v\u00f5ta meiega \u00fchendust <a href=\"https:\/\/hookahshop.lt\/et\/kontaktid\/\">kontaktide leht<\/a> v\u00f5i saatke meile e-kiri aadressil <a href=\"https:\/\/facebook.com\/HookahShop.lt\/\" target=\"_blank\" rel=\"noopener noreferrer\">Facebooki konto<\/a> ja vastame teie taotlusele samal p\u00e4eval.<\/p>","protected":false},"excerpt":{"rendered":"<p>Vesipiip HOOB subAtom Black Vesipiip on must ja kuldne, see on \u00fcks revolutsioonilisemaid ja kompaktsemaid vesipiipe, on muutunud veelgi kompaktsemaks ja mobiilsemaks Hoob SubAtom. Juba populaarne Hoobi must disain ja ebastandardsed vormid muudavad selle vesipiibu t\u00f5eliselt ainulaadseks, seda saab kasutada k\u00f5ikjal, kus soovite, looduses, kodus, kontoris. Kvaliteetsed materjalid on ideaalselt sobitatud, et tagada [\u2026]<\/p>","protected":false},"featured_media":12319,"comment_status":"open","ping_status":"closed","template":"","meta":[],"_links":{"self":[{"href":"https:\/\/hookahshop.lt\/et\/wp-json\/wp\/v2\/product\/12318"}],"collection":[{"href":"https:\/\/hookahshop.lt\/et\/wp-json\/wp\/v2\/product"}],"about":[{"href":"https:\/\/hookahshop.lt\/et\/wp-json\/wp\/v2\/types\/product"}],"replies":[{"embeddable":true,"href":"https:\/\/hookahshop.lt\/et\/wp-json\/wp\/v2\/comments?post=12318"}],"version-history":[{"count":6,"href":"https:\/\/hookahshop.lt\/et\/wp-json\/wp\/v2\/product\/12318\/revisions"}],"predecessor-version":[{"id":29387,"href":"https:\/\/hookahshop.lt\/et\/wp-json\/wp\/v2\/product\/12318\/revisions\/29387"}],"wp:featuredmedia":[{"embeddable":true,"href":"https:\/\/hookahshop.lt\/et\/wp-json\/wp\/v2\/media\/12319"}],"wp:attachment":[{"href":"https:\/\/hookahshop.lt\/et\/wp-json\/wp\/v2\/media?parent=12318"}],"curies":[{"name":"wp","href":"https:\/\/api.w.org\/{rel}","templated":true}]}}