{"id":12388,"date":"2020-10-03T19:37:39","date_gmt":"2020-10-03T16:37:39","guid":{"rendered":"https:\/\/hookahshop.lt\/?post_type=product&#038;p=12388"},"modified":"2026-04-18T23:28:41","modified_gmt":"2026-04-18T20:28:41","slug":"kaljanas-bigmaks-zero","status":"publish","type":"product","link":"https:\/\/hookahshop.lt\/et\/toode\/vesipiip-bigmaks-zero\/","title":{"rendered":"Vesipiib BIGMAKS Zero"},"content":{"rendered":"<h2>Vesipiib BIGMAKS Zero<\/h2>\n<p>Valmistatud Euroopa roostevabast terasest AISI 304, v\u00f5lli ja osade \u00fclit\u00e4pne t\u00f6\u00f6tlemine. Kokkupanek, asetades v\u00f5lli kolbi.<br \/>\nVesipiibul on keskmine klassikaline atraktsioon. Puhastuss\u00fcsteem koosneb viiest klapist, mis v\u00f5imaldavad kolbi \u00fcheaegselt puhuda ja tassi jahtuda. Tihendusr\u00f5nga pistik.<br \/>\nVarre konstruktsioon on laineline \u2013 \u00fclevalt ja alt ning keskelt tasane.<\/p>\n<p><strong>Omadused:<\/strong><br \/>\nVesipiibu kaal: ~ 980 gr<br \/>\nVesipiibu k\u00f5rgus: 510 mm<br \/>\nVarre sisemine osa: roostevaba teras, D14 mm<br \/>\nVarre v\u00e4lisosa: roostevaba teras<br \/>\nSukeldatud v\u00f5lli osa: roostevaba teras, D13 mm<br \/>\nAlusmaterjal: pol\u00fcatsetaal<br \/>\nVooliku\u00fchendus: tihendusr\u00f5ngas<br \/>\n\u00dchendusmaterjal: roostevaba teras<br \/>\nKlapi \u00fchendus: sisemine<br \/>\nHajuti: mitte eemaldatav, v\u00f5llil<br \/>\nHuulik: roostevaba teras<br \/>\nSuuliku pikkus: 299 mm, D10 mm<br \/>\nVoolik: pehme puudutusega silikoon<br \/>\nVooliku pikkus: 1500 mm<\/p>\n<p><strong>Varustus:<\/strong><br \/>\nKast; v\u00f5ll (mast); kaubam\u00e4rgigraveeringuga plaat; huulik; vooliku\u00fchendus; SOFT TOUCH voolik; plastpallid (5 tk.);<\/p>\n<p>Kas teil on k\u00fcsimusi? v\u00f5ta meiega \u00fchendust <a href=\"https:\/\/hookahshop.lt\/et\/kontaktid\/\">kontaktide leht<\/a> v\u00f5i saatke meile e-kiri aadressil <a href=\"https:\/\/facebook.com\/HookahShop.lt\/\" target=\"_blank\" rel=\"noopener noreferrer\">Facebooki konto<\/a> ja vastame teie taotlusele samal p\u00e4eval.<\/p>","protected":false},"excerpt":{"rendered":"<p>Vesipiip BIGMAKS Zero Valmistatud Euroopa roostevabast terasest AISI 304 v\u00f5lli ja osade \u00fclit\u00e4pse t\u00f6\u00f6tlemisega. Kokkupanek, asetades v\u00f5lli kolbi. Vesipiibul on keskmine klassikaline atraktsioon. Puhastuss\u00fcsteem koosneb viiest klapist, mis v\u00f5imaldavad kolbi \u00fcheaegselt puhuda ja tassi jahtuda. Tihendusr\u00f5nga pistik. V\u00f5lli disain on gofreeritud - \u00fcla- ja alaosas ning keskel [\u2026]<\/p>","protected":false},"featured_media":12389,"comment_status":"open","ping_status":"closed","template":"","meta":[],"_links":{"self":[{"href":"https:\/\/hookahshop.lt\/et\/wp-json\/wp\/v2\/product\/12388"}],"collection":[{"href":"https:\/\/hookahshop.lt\/et\/wp-json\/wp\/v2\/product"}],"about":[{"href":"https:\/\/hookahshop.lt\/et\/wp-json\/wp\/v2\/types\/product"}],"replies":[{"embeddable":true,"href":"https:\/\/hookahshop.lt\/et\/wp-json\/wp\/v2\/comments?post=12388"}],"version-history":[{"count":5,"href":"https:\/\/hookahshop.lt\/et\/wp-json\/wp\/v2\/product\/12388\/revisions"}],"predecessor-version":[{"id":42421,"href":"https:\/\/hookahshop.lt\/et\/wp-json\/wp\/v2\/product\/12388\/revisions\/42421"}],"wp:featuredmedia":[{"embeddable":true,"href":"https:\/\/hookahshop.lt\/et\/wp-json\/wp\/v2\/media\/12389"}],"wp:attachment":[{"href":"https:\/\/hookahshop.lt\/et\/wp-json\/wp\/v2\/media?parent=12388"}],"curies":[{"name":"wp","href":"https:\/\/api.w.org\/{rel}","templated":true}]}}