{"id":12393,"date":"2020-10-03T19:57:51","date_gmt":"2020-10-03T16:57:51","guid":{"rendered":"https:\/\/hookahshop.lt\/?post_type=product&#038;p=12393"},"modified":"2026-04-15T12:28:58","modified_gmt":"2026-04-15T09:28:58","slug":"kaljanas-shadows-agera-black","status":"publish","type":"product","link":"https:\/\/hookahshop.lt\/et\/toode\/vesipiip-shadows-agera-black\/","title":{"rendered":"Vesipiip Agera Black"},"content":{"rendered":"<h2>Vesipiip Agera Black<\/h2>\n<p>See on tootja uus toode. Agera on kvaliteetne vesipiip, mis on valmistatud ainult roostevabast terasest. Originaalsust n\u00e4itavad ornamendid alusel, mille keskel on dekoratiivplaat ja stiilne metallr\u00f5ngas.<\/p>\n<p>Gofreeritud plaat ei lase s\u00f6el suitsetamise ajal v\u00e4lja minna, s\u00e4ilitades samal ajal \u00f5ige temperatuuri kogu protsessi v\u00e4ltel.<\/p>\n<p>Vesipiibu vooliku \u00fchendus ja puhastusklapp magnetitega. Selle vesipiibu magnetid on kvaliteetsed, seega pole nende funktsionaalsuse p\u00e4rast vaja muretseda.<\/p>\n<p>\u00dcldiselt on see suurep\u00e4rane vesipiibu difuusoriga, mis tagab h\u00f5lpsa veoj\u00f5u<\/p>\n<p>Vesipiibu k\u00f5rgus: 51 cm.<br \/>\nTootja: Venemaa<\/p>\n<p>Vesipiibu komplekt Shadows Agera Black:<br \/>\nRoostevabast terasest v\u00f5ll;<br \/>\nDekoratiivsed kaunistused;<br \/>\nGofreeritud roostevabast terasest plaat;<br \/>\nRoostevabast terasest huulik;<br \/>\neemaldatav difuusor;<br \/>\nVooliku vedru;<br \/>\nMagnetvooliku pistik;<br \/>\nkaubam\u00e4rgiga kast;<\/p>\n<p>Kas teil on k\u00fcsimusi? v\u00f5ta meiega \u00fchendust <a href=\"https:\/\/hookahshop.lt\/et\/kontaktid\/\">kontaktide leht<\/a> v\u00f5i saatke meile e-kiri aadressil <a href=\"https:\/\/facebook.com\/HookahShop.lt\/\" target=\"_blank\" rel=\"noopener noreferrer\">Facebooki konto<\/a> ja vastame teie taotlusele samal p\u00e4eval.<\/p>","protected":false},"excerpt":{"rendered":"<p>Vesipiibu VARJUD Agera Black See on tootja uus toode. Agera on kvaliteetne vesipiip, mis on valmistatud ainult roostevabast terasest. Originaalsust n\u00e4itavad ornamendid alusel, mille keskel on dekoratiivplaat ja stiilne metallr\u00f5ngas. Gofreeritud plaat ei lase s\u00f6el suitsetamise ajal v\u00e4lja minna, s\u00e4ilitades samal ajal \u00f5ige temperatuuri kogu protsessi v\u00e4ltel. Vesipiibu vooliku \u00fchendus ja puhastusklapp magnetitega. [\u2026] Sellel vesipiibul<\/p>","protected":false},"featured_media":12413,"comment_status":"open","ping_status":"closed","template":"","meta":[],"_links":{"self":[{"href":"https:\/\/hookahshop.lt\/et\/wp-json\/wp\/v2\/product\/12393"}],"collection":[{"href":"https:\/\/hookahshop.lt\/et\/wp-json\/wp\/v2\/product"}],"about":[{"href":"https:\/\/hookahshop.lt\/et\/wp-json\/wp\/v2\/types\/product"}],"replies":[{"embeddable":true,"href":"https:\/\/hookahshop.lt\/et\/wp-json\/wp\/v2\/comments?post=12393"}],"version-history":[{"count":5,"href":"https:\/\/hookahshop.lt\/et\/wp-json\/wp\/v2\/product\/12393\/revisions"}],"predecessor-version":[{"id":28280,"href":"https:\/\/hookahshop.lt\/et\/wp-json\/wp\/v2\/product\/12393\/revisions\/28280"}],"wp:featuredmedia":[{"embeddable":true,"href":"https:\/\/hookahshop.lt\/et\/wp-json\/wp\/v2\/media\/12413"}],"wp:attachment":[{"href":"https:\/\/hookahshop.lt\/et\/wp-json\/wp\/v2\/media?parent=12393"}],"curies":[{"name":"wp","href":"https:\/\/api.w.org\/{rel}","templated":true}]}}