{"id":12423,"date":"2020-10-04T12:59:03","date_gmt":"2020-10-04T09:59:03","guid":{"rendered":"https:\/\/hookahshop.lt\/?post_type=product&#038;p=12423"},"modified":"2026-04-18T23:28:48","modified_gmt":"2026-04-18T20:28:48","slug":"kaljanas-shadows-huracan","status":"publish","type":"product","link":"https:\/\/hookahshop.lt\/et\/toode\/vesipiip-varjud-huracan\/","title":{"rendered":"Vesipiibu VARJUD Huracan"},"content":{"rendered":"<h2 class=\"product_title entry-title elementor-heading-title elementor-size-default\">Vesipiibu VARJUD Huracan<\/h2>\n<p>Minimalistliku disainiga vesipiip Shadows Huracan hea hinna ja kvaliteedi suhe!<\/p>\n<p><strong>Varustus:<\/strong><br \/>\nKast; v\u00f5lli; br\u00e4ndi graveeringuga plaat; huulik; vooliku\u00fchendus; soolestik; plastist pallid.<\/p>\n<p>Kas teil on k\u00fcsimusi? v\u00f5ta meiega \u00fchendust <a href=\"https:\/\/hookahshop.lt\/et\/kontaktid\/\">kontaktide leht<\/a> v\u00f5i saatke meile e-kiri aadressil <a href=\"https:\/\/facebook.com\/HookahShop.lt\/\" target=\"_blank\" rel=\"noopener noreferrer\">Facebooki konto<\/a> ja vastame teie taotlusele samal p\u00e4eval.<\/p>","protected":false},"excerpt":{"rendered":"<p>Vesipiibu SHADOWS Huracan Minimalistliku disainiga vesipiip Shadows Huracan hea hinna ja kvaliteedi suhtega! Tarnekomplekt: Kast; v\u00f5ll; kaubam\u00e4rgigraveeringuga plaat; huulik; vooliku\u00fchendus; soolestik; plastist pallid. Kas teil on k\u00fcsimusi? V\u00f5tke meiega \u00fchendust kontaktide lehel v\u00f5i kirjutage meile oma Facebooki kontol ja vastame teie p\u00e4ringule samal p\u00e4eval.<\/p>","protected":false},"featured_media":12425,"comment_status":"open","ping_status":"closed","template":"","meta":[],"_links":{"self":[{"href":"https:\/\/hookahshop.lt\/et\/wp-json\/wp\/v2\/product\/12423"}],"collection":[{"href":"https:\/\/hookahshop.lt\/et\/wp-json\/wp\/v2\/product"}],"about":[{"href":"https:\/\/hookahshop.lt\/et\/wp-json\/wp\/v2\/types\/product"}],"replies":[{"embeddable":true,"href":"https:\/\/hookahshop.lt\/et\/wp-json\/wp\/v2\/comments?post=12423"}],"version-history":[{"count":4,"href":"https:\/\/hookahshop.lt\/et\/wp-json\/wp\/v2\/product\/12423\/revisions"}],"predecessor-version":[{"id":29516,"href":"https:\/\/hookahshop.lt\/et\/wp-json\/wp\/v2\/product\/12423\/revisions\/29516"}],"wp:featuredmedia":[{"embeddable":true,"href":"https:\/\/hookahshop.lt\/et\/wp-json\/wp\/v2\/media\/12425"}],"wp:attachment":[{"href":"https:\/\/hookahshop.lt\/et\/wp-json\/wp\/v2\/media?parent=12423"}],"curies":[{"name":"wp","href":"https:\/\/api.w.org\/{rel}","templated":true}]}}