{"id":12534,"date":"2020-10-07T13:25:35","date_gmt":"2020-10-07T10:25:35","guid":{"rendered":"https:\/\/hookahshop.lt\/?post_type=product&#038;p=12534"},"modified":"2026-04-08T13:49:32","modified_gmt":"2026-04-08T10:49:32","slug":"kaljano-komplektas-bigmaks-zero","status":"publish","type":"product","link":"https:\/\/hookahshop.lt\/et\/toode\/vesipiibukomplektid-bigmaks-zero\/","title":{"rendered":"Vesipiibukomplekt BIGMAKS Zero"},"content":{"rendered":"<h2>Vesipiibukomplekt BIGMAKS Zero<\/h2>\n<p>Vesipiip on valmistatud Euroopa roostevabast terasest AISI 304. Kokkupanek toimub keermestatud \u00fchendustega. Vesipiibul on keskmine klassikaline atraktsioon. Puhumiss\u00fcsteem koosneb viiest klapist, mis v\u00f5imaldavad kolbi kohe suitsust puhastada, samuti topsi jahutada. Ja r\u00f5nga pistik, originaalkujundus.<\/p>\n<p>Vesipiibu k\u00f5rgus: 510 mm<\/p>\n<p>Varustus:<br \/>\nV\u00f5ll -1 tk.<br \/>\nVesipiibu plaat - 1 tk.<br \/>\nHuulik - 1 tk.<br \/>\nSilikoonvoolik - 1 tk.<br \/>\nTihendid - 2 tk.<br \/>\nKolb - 1 tk.<br \/>\nTangid - 1 tk.<br \/>\nKuumutuskamber - 1 tk.<br \/>\nKarikas - 1tk.<br \/>\nKivis\u00fcsi 1kg - 1tk.<br \/>\nPliit - 1tk.<\/p>\n<p>Kas teil on k\u00fcsimusi? v\u00f5ta meiega \u00fchendust <a href=\"https:\/\/hookahshop.lt\/et\/kontaktid\/\">kontaktide leht<\/a> v\u00f5i saatke meile e-kiri aadressil <a href=\"https:\/\/facebook.com\/HookahShop.lt\/\" target=\"_blank\" rel=\"noopener noreferrer\">Facebooki konto<\/a> ja vastame teie taotlusele samal p\u00e4eval.<\/p>","protected":false},"excerpt":{"rendered":"<p>Konksukomplekt BIGMAKS Zero Hook on valmistatud Euroopa roostevabast terasest AISI 304. Kokkupanek toimub keermestatud \u00fchendustega. Vesipiibul on keskmine klassikaline atraktsioon. Puhumiss\u00fcsteem koosneb viiest klapist, mis v\u00f5imaldavad kolbi kohe suitsust puhastada, samuti topsi jahutada. Ja r\u00f5nga pistik, originaalkujundus. Vesipiibu k\u00f5rgus: 510 mm Varustus: V\u00f5ll -1 tk. Vesipiibu taldrik [\u2026]<\/p>","protected":false},"featured_media":28016,"comment_status":"open","ping_status":"closed","template":"","meta":[],"_links":{"self":[{"href":"https:\/\/hookahshop.lt\/et\/wp-json\/wp\/v2\/product\/12534"}],"collection":[{"href":"https:\/\/hookahshop.lt\/et\/wp-json\/wp\/v2\/product"}],"about":[{"href":"https:\/\/hookahshop.lt\/et\/wp-json\/wp\/v2\/types\/product"}],"replies":[{"embeddable":true,"href":"https:\/\/hookahshop.lt\/et\/wp-json\/wp\/v2\/comments?post=12534"}],"version-history":[{"count":4,"href":"https:\/\/hookahshop.lt\/et\/wp-json\/wp\/v2\/product\/12534\/revisions"}],"predecessor-version":[{"id":32201,"href":"https:\/\/hookahshop.lt\/et\/wp-json\/wp\/v2\/product\/12534\/revisions\/32201"}],"wp:featuredmedia":[{"embeddable":true,"href":"https:\/\/hookahshop.lt\/et\/wp-json\/wp\/v2\/media\/28016"}],"wp:attachment":[{"href":"https:\/\/hookahshop.lt\/et\/wp-json\/wp\/v2\/media?parent=12534"}],"curies":[{"name":"wp","href":"https:\/\/api.w.org\/{rel}","templated":true}]}}