{"id":12555,"date":"2020-10-08T09:37:51","date_gmt":"2020-10-08T06:37:51","guid":{"rendered":"https:\/\/hookahshop.lt\/?post_type=product&#038;p=12555"},"modified":"2026-04-08T13:49:32","modified_gmt":"2026-04-08T10:49:32","slug":"kaljano-komplektas-alpha-hookah-x-bronze","status":"publish","type":"product","link":"https:\/\/hookahshop.lt\/et\/toode\/vesipiibukomplektid-alpha-hookah-x-bronze\/","title":{"rendered":"Vesipiibukomplekt ALPHA HOOKAH X Pronks"},"content":{"rendered":"<h2>Vesipiibukomplekt ALPHA HOOKAH X Pronks<\/h2>\n<p>Alpha Vesipiibu mudel X, John Calliano Awards 2018 ja Hookah Club Show 2020 aasta hoor.<br \/>\nSee on kompaktne, h\u00f5lpsasti kasutatav. Vesipiibu jaoks piisavalt kerge, k\u00f5ik selle elemendid on valmistatud kvaliteetsetest kaasaegsetest materjalidest, tagades suurep\u00e4rase maitse ja vastupidavuse ka regulaarsel kasutamisel.<\/p>\n<p>Vesipiibu k\u00f5rgus = 420 mm<\/p>\n<p>Varustus:<br \/>\nV\u00f5ll -1 tk.<br \/>\nVesipiibu plaat - 1 tk.<br \/>\nHuulik - 1 tk.<br \/>\nSilikoonvoolik - 1 tk.<br \/>\nTihendid - 2 tk.<br \/>\nKolb - 1 tk.<br \/>\nTangid - 1 tk.<br \/>\nKuumutuskamber - 1 tk.<br \/>\nKarikas - 1tk.<br \/>\nKivis\u00fcsi 1kg - 1tk.<br \/>\nPliit - 1tk.<\/p>\n<p>Kas teil on k\u00fcsimusi? v\u00f5ta meiega \u00fchendust <a href=\"https:\/\/hookahshop.lt\/et\/kontaktid\/\">kontaktide leht<\/a> v\u00f5i saatke meile e-kiri aadressil <a href=\"https:\/\/facebook.com\/HookahShop.lt\/\" target=\"_blank\" rel=\"noopener noreferrer\">Facebooki konto<\/a> ja vastame teie taotlusele samal p\u00e4eval.<\/p>","protected":false},"excerpt":{"rendered":"<p>Vesipiibu komplekt ALPHA HOOKAH X pronks &quot;Alpha Hookah Model X&quot;, aasta vesipiip vastavalt &quot;John Calliano Awards 2018&quot; ja &quot;Hookah Club Show 2020&quot;. See on kompaktne ja h\u00f5lpsasti kasutatav. \u00dcsna kerge vesipiip, mille k\u00f5ik elemendid on valmistatud kvaliteetsetest kaasaegsetest materjalidest, mis tagavad suurep\u00e4rase maitse ja vastupidavuse ka regulaarsel kasutamisel. Vesipiibu k\u00f5rgus = 420 mm Komplekt: v\u00f5ll [\u2026]<\/p>","protected":false},"featured_media":28014,"comment_status":"open","ping_status":"closed","template":"","meta":[],"_links":{"self":[{"href":"https:\/\/hookahshop.lt\/et\/wp-json\/wp\/v2\/product\/12555"}],"collection":[{"href":"https:\/\/hookahshop.lt\/et\/wp-json\/wp\/v2\/product"}],"about":[{"href":"https:\/\/hookahshop.lt\/et\/wp-json\/wp\/v2\/types\/product"}],"replies":[{"embeddable":true,"href":"https:\/\/hookahshop.lt\/et\/wp-json\/wp\/v2\/comments?post=12555"}],"version-history":[{"count":6,"href":"https:\/\/hookahshop.lt\/et\/wp-json\/wp\/v2\/product\/12555\/revisions"}],"predecessor-version":[{"id":34566,"href":"https:\/\/hookahshop.lt\/et\/wp-json\/wp\/v2\/product\/12555\/revisions\/34566"}],"wp:featuredmedia":[{"embeddable":true,"href":"https:\/\/hookahshop.lt\/et\/wp-json\/wp\/v2\/media\/28014"}],"wp:attachment":[{"href":"https:\/\/hookahshop.lt\/et\/wp-json\/wp\/v2\/media?parent=12555"}],"curies":[{"name":"wp","href":"https:\/\/api.w.org\/{rel}","templated":true}]}}