{"id":12603,"date":"2020-10-19T15:51:29","date_gmt":"2020-10-19T12:51:29","guid":{"rendered":"https:\/\/hookahshop.lt\/?post_type=product&#038;p=12603"},"modified":"2026-04-24T23:28:41","modified_gmt":"2026-04-24T20:28:41","slug":"individualus-kaljano-kandiklis-mun-daily-smoke-with-style","status":"publish","type":"product","link":"https:\/\/hookahshop.lt\/et\/toode\/individuaalne-vesipiibu-huulik-mun-daily-smoke-with-style\/","title":{"rendered":"Individuaalne vesipiibu huulik MUN Daily Smoke With Style"},"content":{"rendered":"<h2>Kohandatud vesipiibu huulik MUN Daily Smoke With Style (plastist)<\/h2>\n<p>see on suurep\u00e4rase disainiga isiklik plastikust huulik.<\/p>\n<p>Kas teil on k\u00fcsimusi? v\u00f5ta meiega \u00fchendust <a href=\"https:\/\/hookahshop.lt\/et\/kontaktid\/\">kontaktide leht<\/a> v\u00f5i saatke meile e-kiri aadressil <a href=\"https:\/\/facebook.com\/HookahShop.lt\/\" target=\"_blank\" rel=\"noopener noreferrer\">Facebooki konto<\/a> ja vastame teie taotlusele samal p\u00e4eval.<\/p>","protected":false},"excerpt":{"rendered":"<p>Kohandatud vesipiibu huulik MUN Daily Smoke With Style (plastist) on h\u00e4sti disainitud isiklik plastikust huulik. Kas teil on k\u00fcsimusi? V\u00f5tke meiega \u00fchendust kontaktide lehel v\u00f5i kirjutage meile oma Facebooki kontol ja vastame teie p\u00e4ringule samal p\u00e4eval.<\/p>","protected":false},"featured_media":12609,"comment_status":"open","ping_status":"closed","template":"","meta":[],"_links":{"self":[{"href":"https:\/\/hookahshop.lt\/et\/wp-json\/wp\/v2\/product\/12603"}],"collection":[{"href":"https:\/\/hookahshop.lt\/et\/wp-json\/wp\/v2\/product"}],"about":[{"href":"https:\/\/hookahshop.lt\/et\/wp-json\/wp\/v2\/types\/product"}],"replies":[{"embeddable":true,"href":"https:\/\/hookahshop.lt\/et\/wp-json\/wp\/v2\/comments?post=12603"}],"version-history":[{"count":2,"href":"https:\/\/hookahshop.lt\/et\/wp-json\/wp\/v2\/product\/12603\/revisions"}],"predecessor-version":[{"id":25897,"href":"https:\/\/hookahshop.lt\/et\/wp-json\/wp\/v2\/product\/12603\/revisions\/25897"}],"wp:featuredmedia":[{"embeddable":true,"href":"https:\/\/hookahshop.lt\/et\/wp-json\/wp\/v2\/media\/12609"}],"wp:attachment":[{"href":"https:\/\/hookahshop.lt\/et\/wp-json\/wp\/v2\/media?parent=12603"}],"curies":[{"name":"wp","href":"https:\/\/api.w.org\/{rel}","templated":true}]}}