{"id":12623,"date":"2020-10-19T22:03:00","date_gmt":"2020-10-19T19:03:00","guid":{"rendered":"https:\/\/hookahshop.lt\/?post_type=product&#038;p=12623"},"modified":"2026-04-22T23:29:21","modified_gmt":"2026-04-22T20:29:21","slug":"sepetys-kaljano-kolbai-arma","status":"publish","type":"product","link":"https:\/\/hookahshop.lt\/et\/toode\/pintsel-vesipiibukolvi-arma\/","title":{"rendered":"Pintsel vesipiibukolvi ARMA jaoks"},"content":{"rendered":"<h2>BRUSH HALFAN Kolb ARMA<\/h2>\n<p>Pintsel on m\u00f5eldud vesipiibu kolvi puhastamiseks, soovitav kasutada koos puhastusvahenditega. J\u00f5uab kohale ja aitab eemaldada kogu mustuse.<br \/>\nSuitsetamise mugavamaks muutmiseks ja vesipiibu vastupidavamaks muutmiseks tuleb seda korralikult pesta.<br \/>\nARMA kolvihari eemaldab v\u00e4ikesed osakesed ja sadestused, mis v\u00f5ivad kolbi j\u00e4\u00e4da, lastes samal ajal kolbi s\u00e4rada.<\/p>\n<p>Omadused:<br \/>\nHarja pikkus: 40 cm<br \/>\nHarjaste pikkus: 18 cm<br \/>\nHarjaste laius: 11 cm<br \/>\nK\u00e4epideme pikkus: 12 cm<br \/>\nK\u00e4epide: puit<br \/>\nKaal: umbes 70 g.<\/p>\n<p>Kas teil on k\u00fcsimusi? v\u00f5ta meiega \u00fchendust <a href=\"https:\/\/hookahshop.lt\/et\/kontaktid\/\">kontaktide leht<\/a> v\u00f5i saatke meile e-kiri aadressil <a href=\"https:\/\/facebook.com\/HookahShop.lt\/\" target=\"_blank\" rel=\"noopener noreferrer\">Facebooki konto<\/a> ja vastame teie taotlusele samal p\u00e4eval.<\/p>\n<p>&nbsp;<\/p>","protected":false},"excerpt":{"rendered":"<p>BRUSH HAMMER BRUSH ARMA Pintsel vesipiibu kolvi puhastamiseks, soovitatav kasutada koos puhastusvahenditega. Sirutab k\u00e4e ja aitab puhastada kogu mustuse. Suitsetamise mugavamaks muutmiseks ja vesipiibu vastupidavamaks muutmiseks tuleb seda korralikult pesta. ARMA kolvihari eemaldab v\u00e4ikesed osakesed ja sadestused, mis v\u00f5ivad kolbi j\u00e4\u00e4da, lastes samal ajal kolbi s\u00e4rada. Omadused: Harja pikkus: 40 cm Harjased [\u2026]<\/p>","protected":false},"featured_media":12624,"comment_status":"open","ping_status":"closed","template":"","meta":[],"_links":{"self":[{"href":"https:\/\/hookahshop.lt\/et\/wp-json\/wp\/v2\/product\/12623"}],"collection":[{"href":"https:\/\/hookahshop.lt\/et\/wp-json\/wp\/v2\/product"}],"about":[{"href":"https:\/\/hookahshop.lt\/et\/wp-json\/wp\/v2\/types\/product"}],"replies":[{"embeddable":true,"href":"https:\/\/hookahshop.lt\/et\/wp-json\/wp\/v2\/comments?post=12623"}],"version-history":[{"count":2,"href":"https:\/\/hookahshop.lt\/et\/wp-json\/wp\/v2\/product\/12623\/revisions"}],"predecessor-version":[{"id":29312,"href":"https:\/\/hookahshop.lt\/et\/wp-json\/wp\/v2\/product\/12623\/revisions\/29312"}],"wp:featuredmedia":[{"embeddable":true,"href":"https:\/\/hookahshop.lt\/et\/wp-json\/wp\/v2\/media\/12624"}],"wp:attachment":[{"href":"https:\/\/hookahshop.lt\/et\/wp-json\/wp\/v2\/media?parent=12623"}],"curies":[{"name":"wp","href":"https:\/\/api.w.org\/{rel}","templated":true}]}}