{"id":12630,"date":"2020-10-19T22:32:15","date_gmt":"2020-10-19T19:32:15","guid":{"rendered":"https:\/\/hookahshop.lt\/?post_type=product&#038;p=12630"},"modified":"2026-04-19T23:29:12","modified_gmt":"2026-04-19T20:29:12","slug":"kolba-kaljanui-daly-manganese","status":"publish","type":"product","link":"https:\/\/hookahshop.lt\/et\/toode\/kolb-vesipiibu-daly-manganese\/","title":{"rendered":"Kolb vesipiibule DALY Mangaan"},"content":{"rendered":"<h2>Kolb vesipiibule DALY Mangaan<\/h2>\n<p>See kolb on valmistatud kvaliteetsest paksust klaasist.<\/p>\n<p>Kolb on kaunistatud lillade, mustade t\u00e4ppidega ning t\u00e4nu l\u00e4ikivale pinnale on sellel veelgi \u0161ikk ja oman\u00e4olisem v\u00e4rviline v\u00e4limus. Sobib peaaegu k\u00f5ikidele kaasaegsetele vesipiipudele. Kolvi \u00e4\u00e4r aitab teil vesipiipu mugavalt k\u00e4es hoida, et see ei libiseks k\u00e4est. See kolb on kaetud kvaliteetse v\u00e4rviga, mis aitab s\u00e4ilitada aja jooksul kolvi pilti, nagu oleks see uus isegi p\u00e4rast paljusid kasutusi. Sellel kolvil on paksud seinad. Paksud seinad tagavad halva heliisolatsiooni, mis on ilma difuusorita suitsetamiseks piisavalt oluline.<\/p>\n<p><strong><span title=\"\">Spetsifikatsioonid:<\/span><\/strong><br \/>\nK\u00f5rgus: 257 mm<br \/>\nKaal: ~ 1660 g<br \/>\nV\u00e4lise augu l\u00e4bim\u00f5\u00f5t: 73 mm<br \/>\nSisemise ava l\u00e4bim\u00f5\u00f5t: 47 mm<br \/>\nToote materjal: klaas<\/p>\n<p>Kas teil on k\u00fcsimusi? v\u00f5ta meiega \u00fchendust <a href=\"https:\/\/hookahshop.lt\/et\/kontaktid\/\">kontaktide leht<\/a> v\u00f5i saatke meile e-kiri aadressil <a href=\"https:\/\/facebook.com\/HookahShop.lt\/\" target=\"_blank\" rel=\"noopener noreferrer\">Facebooki konto<\/a> ja vastame teie taotlusele samal p\u00e4eval.<\/p>","protected":false},"excerpt":{"rendered":"<p>Vesipiibu kolb DALY Manganese See kolb on valmistatud kvaliteetsest paksust klaasist. Kolb on kaunistatud lillade, mustade t\u00e4ppidega ning t\u00e4nu l\u00e4ikivale pinnale on sellel veelgi \u0161ikk ja oman\u00e4olisem v\u00e4rviline v\u00e4limus. Sobib peaaegu k\u00f5ikidele kaasaegsetele vesipiipudele. Kolvi \u00e4\u00e4r aitab teil vesipiipu mugavalt k\u00e4es hoida, et see ei libiseks k\u00e4est. See kolb on kaetud kvaliteetse v\u00e4rviga, mis [\u2026]<\/p>","protected":false},"featured_media":12639,"comment_status":"open","ping_status":"closed","template":"","meta":[],"_links":{"self":[{"href":"https:\/\/hookahshop.lt\/et\/wp-json\/wp\/v2\/product\/12630"}],"collection":[{"href":"https:\/\/hookahshop.lt\/et\/wp-json\/wp\/v2\/product"}],"about":[{"href":"https:\/\/hookahshop.lt\/et\/wp-json\/wp\/v2\/types\/product"}],"replies":[{"embeddable":true,"href":"https:\/\/hookahshop.lt\/et\/wp-json\/wp\/v2\/comments?post=12630"}],"version-history":[{"count":5,"href":"https:\/\/hookahshop.lt\/et\/wp-json\/wp\/v2\/product\/12630\/revisions"}],"predecessor-version":[{"id":45119,"href":"https:\/\/hookahshop.lt\/et\/wp-json\/wp\/v2\/product\/12630\/revisions\/45119"}],"wp:featuredmedia":[{"embeddable":true,"href":"https:\/\/hookahshop.lt\/et\/wp-json\/wp\/v2\/media\/12639"}],"wp:attachment":[{"href":"https:\/\/hookahshop.lt\/et\/wp-json\/wp\/v2\/media?parent=12630"}],"curies":[{"name":"wp","href":"https:\/\/api.w.org\/{rel}","templated":true}]}}