{"id":12640,"date":"2020-10-19T23:02:31","date_gmt":"2020-10-19T20:02:31","guid":{"rendered":"https:\/\/hookahshop.lt\/?post_type=product&#038;p=12640"},"modified":"2026-04-14T23:29:07","modified_gmt":"2026-04-14T20:29:07","slug":"kolba-kaljanui-daly-pearl-blue","status":"publish","type":"product","link":"https:\/\/hookahshop.lt\/et\/toode\/kolb-vesipiibu-daly-pearl-blue\/","title":{"rendered":"Kolb vesipiibule DALY Pearl Blue"},"content":{"rendered":"<h2>Kolb vesipiibule DALY Pearl Blue<\/h2>\n<p>See kolb on valmistatud kvaliteetsest paksust klaasist.<\/p>\n<p>Kolb on p\u00e4rlmuttersinine, mis sulandub kaunilt valgusesse ning t\u00e4nu l\u00e4ikivale pinnale on sellel veelgi \u0161ikim ja oman\u00e4olisem v\u00e4rviline v\u00e4limus. Sobib peaaegu k\u00f5ikidele kaasaegsetele vesipiipudele. Kolvi k\u00fclg aitab teil vesipiipu mugavalt k\u00e4es hoida, et see k\u00e4est ei libiseks. See kolb on kaetud kvaliteetse v\u00e4rviga, mis aitab s\u00e4ilitada aja jooksul kolvi pilti, nagu oleks see uus isegi p\u00e4rast paljusid kasutusi. Sellel kolvil on paksud seinad. Paksud seinad tagavad halva heliisolatsiooni, mis on ilma difuusorita suitsetamiseks piisavalt oluline.<\/p>\n<p><strong><span title=\"\">Spetsifikatsioonid:<\/span><\/strong><br \/>\nK\u00f5rgus: 260 mm<br \/>\nKaal: ~ 2020 g<br \/>\nV\u00e4lise augu l\u00e4bim\u00f5\u00f5t: 72 mm<br \/>\nSisemine augu l\u00e4bim\u00f5\u00f5t: 46 mm<br \/>\nToote materjal: klaas<\/p>\n<p>Kas teil on k\u00fcsimusi? v\u00f5ta meiega \u00fchendust <a href=\"https:\/\/hookahshop.lt\/et\/kontaktid\/\">kontaktide leht<\/a> v\u00f5i saatke meile e-kiri aadressil <a href=\"https:\/\/facebook.com\/HookahShop.lt\/\" target=\"_blank\" rel=\"noopener noreferrer\">Facebooki konto<\/a> ja vastame teie taotlusele samal p\u00e4eval.<\/p>","protected":false},"excerpt":{"rendered":"<p>Konks kolvile DALY Pearl Blue See kolb on valmistatud kvaliteetsest paksust klaasist. Kolb on p\u00e4rlmuttersinine, mis valguses kaunilt s\u00e4rab ning t\u00e4nu l\u00e4ikivale pinnale on sellel veelgi \u0161ikim ja oman\u00e4olisem v\u00e4rviilme. Sobib peaaegu k\u00f5ikidele kaasaegsetele vesipiipudele. Kolvi \u00e4\u00e4r aitab teil vesipiipu mugavalt k\u00e4es hoida, et see ei libiseks k\u00e4est. See kolb on kaetud k\u00f5rge [\u2026]<\/p>","protected":false},"featured_media":12641,"comment_status":"open","ping_status":"closed","template":"","meta":[],"_links":{"self":[{"href":"https:\/\/hookahshop.lt\/et\/wp-json\/wp\/v2\/product\/12640"}],"collection":[{"href":"https:\/\/hookahshop.lt\/et\/wp-json\/wp\/v2\/product"}],"about":[{"href":"https:\/\/hookahshop.lt\/et\/wp-json\/wp\/v2\/types\/product"}],"replies":[{"embeddable":true,"href":"https:\/\/hookahshop.lt\/et\/wp-json\/wp\/v2\/comments?post=12640"}],"version-history":[{"count":7,"href":"https:\/\/hookahshop.lt\/et\/wp-json\/wp\/v2\/product\/12640\/revisions"}],"predecessor-version":[{"id":45121,"href":"https:\/\/hookahshop.lt\/et\/wp-json\/wp\/v2\/product\/12640\/revisions\/45121"}],"wp:featuredmedia":[{"embeddable":true,"href":"https:\/\/hookahshop.lt\/et\/wp-json\/wp\/v2\/media\/12641"}],"wp:attachment":[{"href":"https:\/\/hookahshop.lt\/et\/wp-json\/wp\/v2\/media?parent=12640"}],"curies":[{"name":"wp","href":"https:\/\/api.w.org\/{rel}","templated":true}]}}