{"id":12655,"date":"2020-10-19T23:42:11","date_gmt":"2020-10-19T20:42:11","guid":{"rendered":"https:\/\/hookahshop.lt\/?post_type=product&#038;p=12655"},"modified":"2026-05-14T23:29:13","modified_gmt":"2026-05-14T20:29:13","slug":"kolba-kaljanui-hookahtree-c3-amber","status":"publish","type":"product","link":"https:\/\/hookahshop.lt\/et\/toode\/kolb-vesipiibu-hookahtree-c3-amber\/","title":{"rendered":"Kolb kiilasp\u00e4isuse vastu HOOKAHTREE C3 Merevaik"},"content":{"rendered":"<h2>Kolb kiilasp\u00e4isuse vastu HOOKAHTREE C3 Merevaik<\/h2>\n<p>See k\u00e4sitsi valmistatud kolb on valmistatud kvaliteetsest 5 mm paksusest klaasist.<\/p>\n<p>Kolb on rikkaliku, pruuni ja kuldse v\u00e4rvusega ning t\u00e4nu l\u00e4ikivale pinnale on sellel veelgi \u0161ikim ja oman\u00e4olisem v\u00e4rviline v\u00e4limus. Sobib peaaegu k\u00f5ikidele kaasaegsetele vesipiipudele. Kolvi \u00e4\u00e4ris aitab teil vesipiipu mugavalt k\u00e4es hoida, et see ei libiseks k\u00e4est. See kolb on kaetud kvaliteetse v\u00e4rviga, mis aitab s\u00e4ilitada aja jooksul kolvi pilti, nagu oleks see uus isegi p\u00e4rast paljusid kasutusi. Sellel kolvil on paksud seinad. Paksud seinad tagavad halva heliisolatsiooni, mis on ilma difuusorita suitsetamiseks piisavalt oluline.<\/p>\n<p><strong><span title=\"\">Spetsifikatsioonid:<\/span><\/strong><br \/>\nK\u00f5rgus: 252 mm<br \/>\nKaal: ~1600 g<br \/>\nV\u00e4lisava l\u00e4bim\u00f5\u00f5t: 71 mm<br \/>\nSisemine augu l\u00e4bim\u00f5\u00f5t: 48 mm<br \/>\nToote materjal: klaas<\/p>\n<p>Kas teil on k\u00fcsimusi? v\u00f5ta meiega \u00fchendust <a href=\"https:\/\/hookahshop.lt\/et\/kontaktid\/\">kontaktide leht<\/a> v\u00f5i saatke meile e-kiri aadressil <a href=\"https:\/\/facebook.com\/HookahShop.lt\/\" target=\"_blank\" rel=\"noopener noreferrer\">Facebooki konto<\/a> ja vastame teie taotlusele samal p\u00e4eval.<\/p>","protected":false},"excerpt":{"rendered":"<p>Konks kolvi jaoks HOOKAHTREE C3 Amber See k\u00e4sitsi valmistatud kolb on valmistatud kvaliteetsest 5 mm paksusest klaasist. Kolb on rikkaliku, pruuni ja kuldse v\u00e4rvusega ning t\u00e4nu l\u00e4ikivale pinnale on sellel veelgi \u0161ikim ja oman\u00e4olisem v\u00e4rviline v\u00e4limus. Sobib peaaegu k\u00f5ikidele kaasaegsetele vesipiipudele. Kolvi \u00e4\u00e4r aitab teil vesipiipu mugavalt k\u00e4es hoida, et see ei libiseks k\u00e4est. See kolb on kaetud [\u2026]<\/p>","protected":false},"featured_media":12656,"comment_status":"open","ping_status":"closed","template":"","meta":[],"_links":{"self":[{"href":"https:\/\/hookahshop.lt\/et\/wp-json\/wp\/v2\/product\/12655"}],"collection":[{"href":"https:\/\/hookahshop.lt\/et\/wp-json\/wp\/v2\/product"}],"about":[{"href":"https:\/\/hookahshop.lt\/et\/wp-json\/wp\/v2\/types\/product"}],"replies":[{"embeddable":true,"href":"https:\/\/hookahshop.lt\/et\/wp-json\/wp\/v2\/comments?post=12655"}],"version-history":[{"count":7,"href":"https:\/\/hookahshop.lt\/et\/wp-json\/wp\/v2\/product\/12655\/revisions"}],"predecessor-version":[{"id":45134,"href":"https:\/\/hookahshop.lt\/et\/wp-json\/wp\/v2\/product\/12655\/revisions\/45134"}],"wp:featuredmedia":[{"embeddable":true,"href":"https:\/\/hookahshop.lt\/et\/wp-json\/wp\/v2\/media\/12656"}],"wp:attachment":[{"href":"https:\/\/hookahshop.lt\/et\/wp-json\/wp\/v2\/media?parent=12655"}],"curies":[{"name":"wp","href":"https:\/\/api.w.org\/{rel}","templated":true}]}}