{"id":12665,"date":"2020-10-20T00:14:49","date_gmt":"2020-10-19T21:14:49","guid":{"rendered":"https:\/\/hookahshop.lt\/?post_type=product&#038;p=12665"},"modified":"2026-04-06T23:28:56","modified_gmt":"2026-04-06T20:28:56","slug":"kandiklis-kaljanui-arma-black-red","status":"publish","type":"product","link":"https:\/\/hookahshop.lt\/et\/toode\/huulik-vesipiip-arma-must-punane\/","title":{"rendered":"Vesipiibu huulik ARMA Must punane"},"content":{"rendered":"<h2>Vesipiibu huulik ARMA Must punane<\/h2>\n<p>Valmistatud alumiiniumist. Kaasas on pistik.<br \/>\nHuulik + pistik ARMA on k\u00e4es mugav ja sobib erinevatele vesipiipidele.<\/p>\n<p>Spetsifikatsioon:<br \/>\nHuuliku pikkus: 345 mm<br \/>\nSisemise huuliku l\u00e4bim\u00f5\u00f5t: 9 mm<br \/>\n\u00dchenduse pikkus: 57 mm<br \/>\nSisemine pistiku pikkus: 10 mm<br \/>\nHuuliku kogukaal koos pistikuga on 140g.<\/p>\n<p>Kas teil on k\u00fcsimusi? v\u00f5ta meiega \u00fchendust <a href=\"https:\/\/hookahshop.lt\/et\/kontaktid\/\">kontaktide leht<\/a> v\u00f5i saatke meile e-kiri aadressil <a href=\"https:\/\/facebook.com\/HookahShop.lt\/\" target=\"_blank\" rel=\"noopener noreferrer\">Facebooki konto<\/a> ja vastame teie taotlusele samal p\u00e4eval.<\/p>","protected":false},"excerpt":{"rendered":"<p>Vesipiibu konks ARMA Must Punane Valmistatud alumiiniumist. Kaasas on pistik. Huulik + konnektor ARMA on mugav k\u00e4es ja sobib erinevatele konksudele. Spetsifikatsioon: Huuliku pikkus: 345mm Huuliku sisediameeter: 9mm \u00dchenduse pikkus: 57mm Sisemise pistiku pikkus: 10mm Huuliku kogukaal koos pistikuga 140g. Kas teil on k\u00fcsimusi? V\u00f5tke meiega \u00fchendust kontaktide lehel v\u00f5i kirjutage meile Facebookis [\u2026]<\/p>","protected":false},"featured_media":12666,"comment_status":"open","ping_status":"closed","template":"","meta":[],"_links":{"self":[{"href":"https:\/\/hookahshop.lt\/et\/wp-json\/wp\/v2\/product\/12665"}],"collection":[{"href":"https:\/\/hookahshop.lt\/et\/wp-json\/wp\/v2\/product"}],"about":[{"href":"https:\/\/hookahshop.lt\/et\/wp-json\/wp\/v2\/types\/product"}],"replies":[{"embeddable":true,"href":"https:\/\/hookahshop.lt\/et\/wp-json\/wp\/v2\/comments?post=12665"}],"version-history":[{"count":8,"href":"https:\/\/hookahshop.lt\/et\/wp-json\/wp\/v2\/product\/12665\/revisions"}],"predecessor-version":[{"id":42997,"href":"https:\/\/hookahshop.lt\/et\/wp-json\/wp\/v2\/product\/12665\/revisions\/42997"}],"wp:featuredmedia":[{"embeddable":true,"href":"https:\/\/hookahshop.lt\/et\/wp-json\/wp\/v2\/media\/12666"}],"wp:attachment":[{"href":"https:\/\/hookahshop.lt\/et\/wp-json\/wp\/v2\/media?parent=12665"}],"curies":[{"name":"wp","href":"https:\/\/api.w.org\/{rel}","templated":true}]}}