{"id":12675,"date":"2020-10-20T00:42:25","date_gmt":"2020-10-19T21:42:25","guid":{"rendered":"https:\/\/hookahshop.lt\/?post_type=product&#038;p=12675"},"modified":"2026-04-16T10:21:15","modified_gmt":"2026-04-16T07:21:15","slug":"taurele-kaljanui-havona-moai-classic","status":"publish","type":"product","link":"https:\/\/hookahshop.lt\/et\/toode\/tass-vesipiip-havona-moai-classic\/","title":{"rendered":"Tass vesipiibule HAVONA Moai Classic"},"content":{"rendered":"<h2>Tass vesipiibule HAVONA Moai Classic<\/h2>\n<p>Cup for Hookah Havona Moai Classic - on kvaliteetne, k\u00e4sitsi valmistatud, limiteeritud valgest savist tass.<\/p>\n<p>Moai tassid on v\u00e4ga mugavad, \u00fchendus sobib k\u00f5ikidele tihenditele.<\/p>\n<p>Havona Moai Classicu tassid on teie kollektsiooni suurep\u00e4raseks t\u00e4ienduseks ja stiilne pakend on kingitus.<\/p>\n<p>Iga tassi disain on l\u00f5bus ja individuaalne, selle tassi ostes v\u00f5ite olla kindel, et teie tassil on unikaalne v\u00e4rv. Iga tass on h\u00e4sti kujundatud.<\/p>\n<p>Spetsifikatsioonid:<\/p>\n<p>K\u00f5rgus: 107 mm<br \/>\nL\u00e4bim\u00f5\u00f5t (v\u00e4limine): 78mm<br \/>\nL\u00e4bim\u00f5\u00f5t (sisemine): 65 mm<br \/>\nS\u00fcgavus: 14 mm<br \/>\nAva l\u00e4bim\u00f5\u00f5t: 10 mm<br \/>\nAukude arv: 6 tk<br \/>\nKaal: umbes 270 g.<\/p>\n<p>Kas teil on k\u00fcsimusi? v\u00f5ta meiega \u00fchendust <a href=\"https:\/\/hookahshop.lt\/et\/kontaktid\/\">kontaktide leht<\/a> v\u00f5i saatke meile e-kiri aadressil <a href=\"https:\/\/facebook.com\/HookahShop.lt\/\" target=\"_blank\" rel=\"noopener noreferrer\">Facebooki konto<\/a> ja vastame teie taotlusele samal p\u00e4eval.<\/p>","protected":false},"excerpt":{"rendered":"<p>Vesipiibu tass HAVONA Moai Classic Vesipiibu Havona Moai Classic on kvaliteetne, k\u00e4sitsi valmistatud, limiteeritud valgest savist valmistatud tass. Moai tassid on v\u00e4ga mugavad, \u00fchendus sobib k\u00f5ikidele tihenditele. Havona Moai Classicu tassid on teie kollektsiooni suurep\u00e4raseks t\u00e4ienduseks ja stiilne pakend on kingitus. Iga tassi disain on l\u00f5bus ja individuaalne, kui ostate selle [\u2026]<\/p>","protected":false},"featured_media":12676,"comment_status":"open","ping_status":"closed","template":"","meta":[],"_links":{"self":[{"href":"https:\/\/hookahshop.lt\/et\/wp-json\/wp\/v2\/product\/12675"}],"collection":[{"href":"https:\/\/hookahshop.lt\/et\/wp-json\/wp\/v2\/product"}],"about":[{"href":"https:\/\/hookahshop.lt\/et\/wp-json\/wp\/v2\/types\/product"}],"replies":[{"embeddable":true,"href":"https:\/\/hookahshop.lt\/et\/wp-json\/wp\/v2\/comments?post=12675"}],"version-history":[{"count":3,"href":"https:\/\/hookahshop.lt\/et\/wp-json\/wp\/v2\/product\/12675\/revisions"}],"predecessor-version":[{"id":39809,"href":"https:\/\/hookahshop.lt\/et\/wp-json\/wp\/v2\/product\/12675\/revisions\/39809"}],"wp:featuredmedia":[{"embeddable":true,"href":"https:\/\/hookahshop.lt\/et\/wp-json\/wp\/v2\/media\/12676"}],"wp:attachment":[{"href":"https:\/\/hookahshop.lt\/et\/wp-json\/wp\/v2\/media?parent=12675"}],"curies":[{"name":"wp","href":"https:\/\/api.w.org\/{rel}","templated":true}]}}