{"id":12679,"date":"2020-10-20T00:59:11","date_gmt":"2020-10-19T21:59:11","guid":{"rendered":"https:\/\/hookahshop.lt\/?post_type=product&#038;p=12679"},"modified":"2026-04-15T23:29:10","modified_gmt":"2026-04-15T20:29:10","slug":"taurele-kaljanui-havona-moai-phunnel","status":"publish","type":"product","link":"https:\/\/hookahshop.lt\/et\/toode\/tass-vesipiip-havona-moai-phunnel\/","title":{"rendered":"Tass vesipiibule HAVONA Moai Phunnel"},"content":{"rendered":"<h2>Tass vesipiibule HAVONA Moai Phunnel<\/h2>\n<p>See on kvaliteetne, k\u00e4sitsi valmistatud, piiratud koguses valgest savist valmistatud tass.<\/p>\n<p>Moai tassid on v\u00e4ga mugavad, \u00fchendus sobib k\u00f5ikidele tihenditele.<\/p>\n<p>Havona Moai Phunneli tassid on teie kollektsiooni suurep\u00e4raseks t\u00e4ienduseks ja stiilne pakend on kingitus.<\/p>\n<p>Iga tassi disain on l\u00f5bus ja individuaalne, selle tassi ostes v\u00f5ite olla kindel, et teie tassil on unikaalne v\u00e4rv. Iga tass on h\u00e4sti kujundatud.<\/p>\n<p>Spetsifikatsioonid:<\/p>\n<p>K\u00f5rgus: 107 mm<br \/>\nL\u00e4bim\u00f5\u00f5t (v\u00e4limine): 78mm<br \/>\nL\u00e4bim\u00f5\u00f5t (sisemine): 65 mm<br \/>\nS\u00fcgavus: 14 mm<br \/>\nAva l\u00e4bim\u00f5\u00f5t: 10 mm<br \/>\nAukude arv: 1 tk<br \/>\nKaal: umbes 297 g.<\/p>\n<p>Kas teil on k\u00fcsimusi? v\u00f5ta meiega \u00fchendust <a href=\"https:\/\/hookahshop.lt\/et\/kontaktid\/\">kontaktide leht<\/a> v\u00f5i saatke meile e-kiri aadressil <a href=\"https:\/\/facebook.com\/HookahShop.lt\/\" target=\"_blank\" rel=\"noopener noreferrer\">Facebooki konto<\/a> ja vastame teie taotlusele samal p\u00e4eval.<\/p>","protected":false},"excerpt":{"rendered":"<p>Vesipiibu tass HAVONA Moai Phunnel See on k\u00f5rge kvaliteediga k\u00e4sitsi valmistatud valgest savist valmistatud piiratud koguses tass. Moai tassid on v\u00e4ga mugavad, \u00fchendus sobib k\u00f5ikidele tihenditele. Havona Moai Phunneli tassid on teie kollektsiooni suurep\u00e4raseks t\u00e4ienduseks ja stiilne pakend on kingitus. Iga tassi disain on l\u00f5bus ja individuaalne, selle tassi ostes v\u00f5ite olla kindel, et [\u2026]<\/p>","protected":false},"featured_media":12684,"comment_status":"open","ping_status":"closed","template":"","meta":[],"_links":{"self":[{"href":"https:\/\/hookahshop.lt\/et\/wp-json\/wp\/v2\/product\/12679"}],"collection":[{"href":"https:\/\/hookahshop.lt\/et\/wp-json\/wp\/v2\/product"}],"about":[{"href":"https:\/\/hookahshop.lt\/et\/wp-json\/wp\/v2\/types\/product"}],"replies":[{"embeddable":true,"href":"https:\/\/hookahshop.lt\/et\/wp-json\/wp\/v2\/comments?post=12679"}],"version-history":[{"count":3,"href":"https:\/\/hookahshop.lt\/et\/wp-json\/wp\/v2\/product\/12679\/revisions"}],"predecessor-version":[{"id":34858,"href":"https:\/\/hookahshop.lt\/et\/wp-json\/wp\/v2\/product\/12679\/revisions\/34858"}],"wp:featuredmedia":[{"embeddable":true,"href":"https:\/\/hookahshop.lt\/et\/wp-json\/wp\/v2\/media\/12684"}],"wp:attachment":[{"href":"https:\/\/hookahshop.lt\/et\/wp-json\/wp\/v2\/media?parent=12679"}],"curies":[{"name":"wp","href":"https:\/\/api.w.org\/{rel}","templated":true}]}}