{"id":12687,"date":"2020-10-20T01:21:02","date_gmt":"2020-10-19T22:21:02","guid":{"rendered":"https:\/\/hookahshop.lt\/?post_type=product&#038;p=12687"},"modified":"2026-04-06T23:29:14","modified_gmt":"2026-04-06T20:29:14","slug":"taurele-kaljanui-smokelab-mummy","status":"publish","type":"product","link":"https:\/\/hookahshop.lt\/et\/toode\/tass-vesipiip-smokelab-mummy\/","title":{"rendered":"Tass vesipiibule SMOKELAB Mummy"},"content":{"rendered":"<h2>Tass vesipiibule SMOKELAB Mummy<\/h2>\n<p>See on Smokelabi variatsioon koos piima kuumutamisega. \u00d5hukesed seinad muudavad tubaka tugevuse ja kerguse maksimeerimiseks kuumuse reguleerimise lihtsaks.<\/p>\n<p>Ilma selle tassi \u00fclekuumenemiseta suitseb iga tubakas \u00fchtlasemalt ja sujuvamalt.<\/p>\n<p>Ideaalne suitsetamiseks nii kuumakambri kui fooliumiga. Tubaka maht on 12\u201324 grammi.<\/p>\n<p>Spetsifikatsioonid:<br \/>\nK\u00f5rgus: 110 mm<br \/>\nL\u00e4bim\u00f5\u00f5t (v\u00e4limine): 83 mm<br \/>\nL\u00e4bim\u00f5\u00f5t (sisemine): 76 mm<br \/>\nS\u00fcgavus: 15mm<br \/>\nAva l\u00e4bim\u00f5\u00f5t: 15 mm<br \/>\nAukude arv: 1<br \/>\nKaal: umbes 213 grammi<\/p>\n<p>Kas teil on k\u00fcsimusi? v\u00f5ta meiega \u00fchendust <a href=\"https:\/\/hookahshop.lt\/et\/kontaktid\/\">kontaktide leht<\/a> v\u00f5i saatke meile e-kiri aadressil <a href=\"https:\/\/facebook.com\/HookahShop.lt\/\" target=\"_blank\" rel=\"noopener noreferrer\">Facebooki konto<\/a> ja vastame teie taotlusele samal p\u00e4eval.<\/p>","protected":false},"excerpt":{"rendered":"<p>SMOKELAB Mummy Cup See on Smokelabi variatsioon koos piima kuumutamisega. \u00d5hukesed seinad muudavad tubaka tugevuse ja kerguse maksimeerimiseks kuumuse reguleerimise lihtsaks. Ilma selle tassi \u00fclekuumenemiseta suitseb iga tubakas \u00fchtlasemalt ja sujuvamalt. Ideaalne suitsetamiseks nii kuumakambri kui fooliumiga. Tubaka maht on 12\u201324 grammi. Tehnilised andmed: K\u00f5rgus: 110 mm L\u00e4bim\u00f5\u00f5t [\u2026]<\/p>","protected":false},"featured_media":12688,"comment_status":"open","ping_status":"closed","template":"","meta":[],"_links":{"self":[{"href":"https:\/\/hookahshop.lt\/et\/wp-json\/wp\/v2\/product\/12687"}],"collection":[{"href":"https:\/\/hookahshop.lt\/et\/wp-json\/wp\/v2\/product"}],"about":[{"href":"https:\/\/hookahshop.lt\/et\/wp-json\/wp\/v2\/types\/product"}],"replies":[{"embeddable":true,"href":"https:\/\/hookahshop.lt\/et\/wp-json\/wp\/v2\/comments?post=12687"}],"version-history":[{"count":5,"href":"https:\/\/hookahshop.lt\/et\/wp-json\/wp\/v2\/product\/12687\/revisions"}],"predecessor-version":[{"id":23185,"href":"https:\/\/hookahshop.lt\/et\/wp-json\/wp\/v2\/product\/12687\/revisions\/23185"}],"wp:featuredmedia":[{"embeddable":true,"href":"https:\/\/hookahshop.lt\/et\/wp-json\/wp\/v2\/media\/12688"}],"wp:attachment":[{"href":"https:\/\/hookahshop.lt\/et\/wp-json\/wp\/v2\/media?parent=12687"}],"curies":[{"name":"wp","href":"https:\/\/api.w.org\/{rel}","templated":true}]}}