{"id":12695,"date":"2020-10-20T01:39:25","date_gmt":"2020-10-19T22:39:25","guid":{"rendered":"https:\/\/hookahshop.lt\/?post_type=product&#038;p=12695"},"modified":"2026-04-06T23:29:14","modified_gmt":"2026-04-06T20:29:14","slug":"taurele-kaljanui-smokelab-rocks-black","status":"publish","type":"product","link":"https:\/\/hookahshop.lt\/et\/toode\/tass-vesipiip-smokelab-rocks-black\/","title":{"rendered":"Vesipiibutops SMOKELAB Rocks Black"},"content":{"rendered":"<h2>Vesipiibutops SMOKELAB Rocks Black<\/h2>\n<p>Smokelab Rocks tass on t\u00f5esti universaalne, sest topsi paksud seinad soojendavad mittekuumuskindlat tubakat \u00fchtlaselt, v\u00e4ltides selle \u00fclekuumenemist, millest piisab maitsvaks suitsetamiseks, tugevaks tubaka suitsetamiseks.<\/p>\n<p>Spetsifikatsioonid:<br \/>\nK\u00f5rgus: 81 mm<br \/>\nL\u00e4bim\u00f5\u00f5t (v\u00e4limine): 76 mm<br \/>\nL\u00e4bim\u00f5\u00f5t (sisemine): 67 mm<br \/>\nS\u00fcgavus: 16mm<br \/>\nAva l\u00e4bim\u00f5\u00f5t: 8 mm<br \/>\nAukude arv: 5<br \/>\nKaal: umbes 319 grammi<\/p>\n<p>Kas teil on k\u00fcsimusi? v\u00f5ta meiega \u00fchendust <a href=\"https:\/\/hookahshop.lt\/et\/kontaktid\/\">kontaktide leht<\/a> v\u00f5i saatke meile e-kiri aadressil <a href=\"https:\/\/facebook.com\/HookahShop.lt\/\" target=\"_blank\" rel=\"noopener noreferrer\">Facebooki konto<\/a> ja vastame teie taotlusele samal p\u00e4eval.<\/p>","protected":false},"excerpt":{"rendered":"<p>Vesipiibu tass SMOKELAB Rocks Black Smokelab Rocksi tass on t\u00f5eliselt universaalne, sest topsi paksud seinad soojendavad \u00fchtlaselt kuumakindlat tubakat, v\u00e4ltides selle \u00fclekuumenemist, millest piisab maitsvaks suitsetamiseks, tugevaks tubaka suitsetamiseks. Tehnilised andmed: K\u00f5rgus: 81 mm L\u00e4bim\u00f5\u00f5t (v\u00e4limine): 76 mm L\u00e4bim\u00f5\u00f5t (sisemine): 67 mm S\u00fcgavus: 16 mm Ava l\u00e4bim\u00f5\u00f5t: 8 mm Aukude arv: 5 Kaal: umbes 319 grammi [\u2026]<\/p>","protected":false},"featured_media":12697,"comment_status":"open","ping_status":"closed","template":"","meta":[],"_links":{"self":[{"href":"https:\/\/hookahshop.lt\/et\/wp-json\/wp\/v2\/product\/12695"}],"collection":[{"href":"https:\/\/hookahshop.lt\/et\/wp-json\/wp\/v2\/product"}],"about":[{"href":"https:\/\/hookahshop.lt\/et\/wp-json\/wp\/v2\/types\/product"}],"replies":[{"embeddable":true,"href":"https:\/\/hookahshop.lt\/et\/wp-json\/wp\/v2\/comments?post=12695"}],"version-history":[{"count":3,"href":"https:\/\/hookahshop.lt\/et\/wp-json\/wp\/v2\/product\/12695\/revisions"}],"predecessor-version":[{"id":29357,"href":"https:\/\/hookahshop.lt\/et\/wp-json\/wp\/v2\/product\/12695\/revisions\/29357"}],"wp:featuredmedia":[{"embeddable":true,"href":"https:\/\/hookahshop.lt\/et\/wp-json\/wp\/v2\/media\/12697"}],"wp:attachment":[{"href":"https:\/\/hookahshop.lt\/et\/wp-json\/wp\/v2\/media?parent=12695"}],"curies":[{"name":"wp","href":"https:\/\/api.w.org\/{rel}","templated":true}]}}