{"id":12703,"date":"2020-10-20T01:49:51","date_gmt":"2020-10-19T22:49:51","guid":{"rendered":"https:\/\/hookahshop.lt\/?post_type=product&#038;p=12703"},"modified":"2026-04-06T23:29:16","modified_gmt":"2026-04-06T20:29:16","slug":"taurele-kaljanui-upgrade-form-standard","status":"publish","type":"product","link":"https:\/\/hookahshop.lt\/et\/toode\/tass-vesipiip-upgrade-form-standard\/","title":{"rendered":"Tass vesipiibule UPGRADE Form Standard"},"content":{"rendered":"<h2>Tass vesipiibule UPGRADE Form Standard<\/h2>\n<p>Upgrade Form Standart (Mini) tass on valmistatud spetsiaalsest savi-majoolika koostisest, mis on valitud optimaalse tubaka kuumutamise saavutamiseks minimaalse p\u00f5lemisega. See tass paistab silma oma tugevuse, vastupidavuse ja k\u00f5rgete temperatuuride vastupidavuse poolest. Lisaks on sellel savil p\u00e4rast p\u00f5letamist valge v\u00e4rv, mis annab neile stiilse ja kauni esteetilise v\u00e4limuse.<\/p>\n<p>Spetsifikatsioonid:<br \/>\nK\u00f5rgus: 82 mm<br \/>\nL\u00e4bim\u00f5\u00f5t (v\u00e4limine): 70 mm<br \/>\nL\u00e4bim\u00f5\u00f5t (sisemine): 60 mm<br \/>\nS\u00fcgavus: 20 mm<br \/>\nAva l\u00e4bim\u00f5\u00f5t: 5 mm<br \/>\nAukude arv: 6<br \/>\nKaal: umbes 170 grammi<\/p>\n<p>Kas teil on k\u00fcsimusi? v\u00f5ta meiega \u00fchendust <a href=\"https:\/\/hookahshop.lt\/et\/kontaktid\/\">kontaktide leht<\/a> v\u00f5i saatke meile e-kiri aadressil <a href=\"https:\/\/facebook.com\/HookahShop.lt\/\" target=\"_blank\" rel=\"noopener noreferrer\">Facebooki konto<\/a> ja vastame teie taotlusele samal p\u00e4eval.<\/p>","protected":false},"excerpt":{"rendered":"<p>Hookah Cup UPGRADE vormistandard Upgrade Form Standard (Mini) tass on valmistatud spetsiaalsest savi-majoolika koostisest, mis on valitud optimaalse tubaka kuumutamise saavutamiseks minimaalse p\u00f5lemisega. See tass paistab silma oma tugevuse, vastupidavuse ja k\u00f5rgete temperatuuride vastupidavuse poolest. Lisaks on sellel savil p\u00e4rast p\u00f5letamist valge v\u00e4rv, mis annab neile stiilse ja kauni esteetilise v\u00e4limuse. Tehnilised andmed: K\u00f5rgus: 82 mm [\u2026]<\/p>","protected":false},"featured_media":12704,"comment_status":"open","ping_status":"closed","template":"","meta":[],"_links":{"self":[{"href":"https:\/\/hookahshop.lt\/et\/wp-json\/wp\/v2\/product\/12703"}],"collection":[{"href":"https:\/\/hookahshop.lt\/et\/wp-json\/wp\/v2\/product"}],"about":[{"href":"https:\/\/hookahshop.lt\/et\/wp-json\/wp\/v2\/types\/product"}],"replies":[{"embeddable":true,"href":"https:\/\/hookahshop.lt\/et\/wp-json\/wp\/v2\/comments?post=12703"}],"version-history":[{"count":5,"href":"https:\/\/hookahshop.lt\/et\/wp-json\/wp\/v2\/product\/12703\/revisions"}],"predecessor-version":[{"id":30024,"href":"https:\/\/hookahshop.lt\/et\/wp-json\/wp\/v2\/product\/12703\/revisions\/30024"}],"wp:featuredmedia":[{"embeddable":true,"href":"https:\/\/hookahshop.lt\/et\/wp-json\/wp\/v2\/media\/12704"}],"wp:attachment":[{"href":"https:\/\/hookahshop.lt\/et\/wp-json\/wp\/v2\/media?parent=12703"}],"curies":[{"name":"wp","href":"https:\/\/api.w.org\/{rel}","templated":true}]}}