{"id":12708,"date":"2020-10-20T01:59:37","date_gmt":"2020-10-19T22:59:37","guid":{"rendered":"https:\/\/hookahshop.lt\/?post_type=product&#038;p=12708"},"modified":"2026-04-15T23:28:58","modified_gmt":"2026-04-15T20:28:58","slug":"kaljano-plastikinis-praputimo-voztuvas-8-mm","status":"publish","type":"product","link":"https:\/\/hookahshop.lt\/et\/toode\/vesipiibu-plastist-valjalaskeklapp-8-mm\/","title":{"rendered":"Vesipiibu plastist v\u00e4ljalaskeklapp 8 mm"},"content":{"rendered":"<h2>Vesipiibu plastist v\u00e4ljalaskeklapp 8 mm<\/h2>\n<p>Vesipiibu puhastusventiil on pall, mis v\u00f5imaldab vesipiibul kontrollida suitsu kogust vesipiibu kolvis. T\u00f5mbamisel ummistab pall puhastusava, puhudes kolvist suitsu v\u00e4lja \u2013 avaneb.<\/p>\n<p><strong>Spetsifikatsioonid:<\/strong><br \/>\nL\u00e4bim\u00f5\u00f5t: 5mm, 6mm, 7mm, 8mm, 10mm, 12mm<br \/>\nkaal: 0,1 g<\/p>\n<p><span style=\"color: #ff0000;\">M\u00c4RKUS. M\u00e4rkige m\u00e4rkustesse, kui vajate muud suurust kui 8 mm<\/span><\/p>\n<p>Kas teil on k\u00fcsimusi? v\u00f5ta meiega \u00fchendust <a href=\"https:\/\/hookahshop.lt\/et\/kontaktid\/\">kontaktide leht<\/a> v\u00f5i saatke meile e-kiri aadressil <a href=\"https:\/\/facebook.com\/HookahShop.lt\/\" target=\"_blank\" rel=\"noopener noreferrer\">Facebooki konto<\/a> ja vastame teie taotlusele samal p\u00e4eval.<\/p>","protected":false},"excerpt":{"rendered":"<p>Vesipiibu plastikust v\u00e4ljapuhumisventiil 8 mm Vesipiibu v\u00e4ljapuhumisventiil on kuul, mille abil saame vesipiibu kasutamisel kontrollida suitsu kogust vesipiibu kolvis. T\u00f5mbamisel sulgeb pall puhumisava, puhudes kolvist suitsu v\u00e4lja \u2013 avab selle. Tehnilised andmed: L\u00e4bim\u00f5\u00f5t: 5mm, 6mm, 7mm, 8mm, 10mm, 12mm Kaal: 0,1g M\u00c4RKUS. Pange t\u00e4hele, kui vajate muud suurust kui 8 mm [\u2026]<\/p>","protected":false},"featured_media":12709,"comment_status":"open","ping_status":"closed","template":"","meta":[],"_links":{"self":[{"href":"https:\/\/hookahshop.lt\/et\/wp-json\/wp\/v2\/product\/12708"}],"collection":[{"href":"https:\/\/hookahshop.lt\/et\/wp-json\/wp\/v2\/product"}],"about":[{"href":"https:\/\/hookahshop.lt\/et\/wp-json\/wp\/v2\/types\/product"}],"replies":[{"embeddable":true,"href":"https:\/\/hookahshop.lt\/et\/wp-json\/wp\/v2\/comments?post=12708"}],"version-history":[{"count":7,"href":"https:\/\/hookahshop.lt\/et\/wp-json\/wp\/v2\/product\/12708\/revisions"}],"predecessor-version":[{"id":44945,"href":"https:\/\/hookahshop.lt\/et\/wp-json\/wp\/v2\/product\/12708\/revisions\/44945"}],"wp:featuredmedia":[{"embeddable":true,"href":"https:\/\/hookahshop.lt\/et\/wp-json\/wp\/v2\/media\/12709"}],"wp:attachment":[{"href":"https:\/\/hookahshop.lt\/et\/wp-json\/wp\/v2\/media?parent=12708"}],"curies":[{"name":"wp","href":"https:\/\/api.w.org\/{rel}","templated":true}]}}