{"id":12713,"date":"2020-10-20T02:12:23","date_gmt":"2020-10-19T23:12:23","guid":{"rendered":"https:\/\/hookahshop.lt\/?post_type=product&#038;p=12713"},"modified":"2026-04-16T23:29:47","modified_gmt":"2026-04-16T20:29:47","slug":"znyples-kaljano-anglims-arma-spikes-black","status":"publish","type":"product","link":"https:\/\/hookahshop.lt\/et\/toode\/tangid-vesipiibu-arma-spikes-black\/","title":{"rendered":"Tangid vesipiibu ARMA Spikes Black"},"content":{"rendered":"<h2>Vesipiibu s\u00f6etangid ARMA Spikes mustad<\/h2>\n<p>Need tangid on v\u00e4ga mugava suurusega ja ei paindu kasutamisel.<\/p>\n<p>Kas teil on k\u00fcsimusi? v\u00f5ta meiega \u00fchendust <a href=\"https:\/\/hookahshop.lt\/et\/kontaktid\/\">kontaktide leht<\/a> v\u00f5i saatke meile e-kiri aadressil <a href=\"https:\/\/facebook.com\/HookahShop.lt\/\" target=\"_blank\" rel=\"noopener noreferrer\">Facebooki konto<\/a> ja vastame teie taotlusele samal p\u00e4eval.<\/p>","protected":false},"excerpt":{"rendered":"<p>Tangid vesipiibu s\u00fcsi jaoks ARMA Spikes must Need tangid on v\u00e4ga mugavad ja ei paindu kasutamisel. Kas teil on k\u00fcsimusi? V\u00f5tke meiega \u00fchendust kontaktide lehel v\u00f5i kirjutage meile oma Facebooki kontol ja vastame teie p\u00e4ringule samal p\u00e4eval.<\/p>","protected":false},"featured_media":12717,"comment_status":"open","ping_status":"closed","template":"","meta":[],"_links":{"self":[{"href":"https:\/\/hookahshop.lt\/et\/wp-json\/wp\/v2\/product\/12713"}],"collection":[{"href":"https:\/\/hookahshop.lt\/et\/wp-json\/wp\/v2\/product"}],"about":[{"href":"https:\/\/hookahshop.lt\/et\/wp-json\/wp\/v2\/types\/product"}],"replies":[{"embeddable":true,"href":"https:\/\/hookahshop.lt\/et\/wp-json\/wp\/v2\/comments?post=12713"}],"version-history":[{"count":6,"href":"https:\/\/hookahshop.lt\/et\/wp-json\/wp\/v2\/product\/12713\/revisions"}],"predecessor-version":[{"id":44818,"href":"https:\/\/hookahshop.lt\/et\/wp-json\/wp\/v2\/product\/12713\/revisions\/44818"}],"wp:featuredmedia":[{"embeddable":true,"href":"https:\/\/hookahshop.lt\/et\/wp-json\/wp\/v2\/media\/12717"}],"wp:attachment":[{"href":"https:\/\/hookahshop.lt\/et\/wp-json\/wp\/v2\/media?parent=12713"}],"curies":[{"name":"wp","href":"https:\/\/api.w.org\/{rel}","templated":true}]}}