{"id":12720,"date":"2020-10-20T02:19:55","date_gmt":"2020-10-19T23:19:55","guid":{"rendered":"https:\/\/hookahshop.lt\/?post_type=product&#038;p=12720"},"modified":"2026-04-17T16:33:28","modified_gmt":"2026-04-17T13:33:28","slug":"znyples-kaljano-anglims-blade-hookah","status":"publish","type":"product","link":"https:\/\/hookahshop.lt\/et\/toode\/tangid-vesipiibu-blade-hookah\/","title":{"rendered":"Tangid vesipiibu BLADE HOOKAH"},"content":{"rendered":"<h2>Tangid vesipiibu BLADE HOOKAH<\/h2>\n<p>Blade Hookah Tangid on valmistatud ainult roostevabast terasest, v\u00e4ga mugavad. Toode on originaal.<\/p>\n<p>Kas teil on k\u00fcsimusi? v\u00f5ta meiega \u00fchendust <a href=\"https:\/\/hookahshop.lt\/et\/kontaktid\/\">kontaktide leht<\/a> v\u00f5i saatke meile e-kiri aadressil <a href=\"https:\/\/facebook.com\/HookahShop.lt\/\" target=\"_blank\" rel=\"noopener noreferrer\">Facebooki konto<\/a> ja vastame teie taotlusele samal p\u00e4eval.<\/p>","protected":false},"excerpt":{"rendered":"<p>Vesipiibu s\u00f6etangid BLADE HOOKAH Blade Vesipiibu tangid on valmistatud ainult roostevabast terasest, v\u00e4ga mugavad. Toode on originaal. Kas teil on k\u00fcsimusi? V\u00f5tke meiega \u00fchendust kontaktide lehel v\u00f5i kirjutage meile oma Facebooki kontol ja vastame teie p\u00e4ringule samal p\u00e4eval.<\/p>","protected":false},"featured_media":12751,"comment_status":"open","ping_status":"closed","template":"","meta":[],"_links":{"self":[{"href":"https:\/\/hookahshop.lt\/et\/wp-json\/wp\/v2\/product\/12720"}],"collection":[{"href":"https:\/\/hookahshop.lt\/et\/wp-json\/wp\/v2\/product"}],"about":[{"href":"https:\/\/hookahshop.lt\/et\/wp-json\/wp\/v2\/types\/product"}],"replies":[{"embeddable":true,"href":"https:\/\/hookahshop.lt\/et\/wp-json\/wp\/v2\/comments?post=12720"}],"version-history":[{"count":4,"href":"https:\/\/hookahshop.lt\/et\/wp-json\/wp\/v2\/product\/12720\/revisions"}],"predecessor-version":[{"id":23324,"href":"https:\/\/hookahshop.lt\/et\/wp-json\/wp\/v2\/product\/12720\/revisions\/23324"}],"wp:featuredmedia":[{"embeddable":true,"href":"https:\/\/hookahshop.lt\/et\/wp-json\/wp\/v2\/media\/12751"}],"wp:attachment":[{"href":"https:\/\/hookahshop.lt\/et\/wp-json\/wp\/v2\/media?parent=12720"}],"curies":[{"name":"wp","href":"https:\/\/api.w.org\/{rel}","templated":true}]}}