{"id":12736,"date":"2020-10-20T02:49:51","date_gmt":"2020-10-19T23:49:51","guid":{"rendered":"https:\/\/hookahshop.lt\/?post_type=product&#038;p=12736"},"modified":"2026-04-17T23:29:29","modified_gmt":"2026-04-17T20:29:29","slug":"kolba-kaljanui-daly-smoke","status":"publish","type":"product","link":"https:\/\/hookahshop.lt\/et\/toode\/kolb-vesipiibu-daly-smoke\/","title":{"rendered":"Kolb vesipiibule DALY Suits"},"content":{"rendered":"<h2>Kolb vesipiibule DALY Suits<\/h2>\n<p>Kolb on l\u00e4bipaistvat suitsuse efektiga v\u00e4rvi ning t\u00e4nu l\u00e4ikivale pinnale on see veelgi \u0161ikim ja eksklusiivsem v\u00e4rviilme. Sobib peaaegu k\u00f5ikidele kaasaegsetele vesipiipudele. Kolvi k\u00fclg aitab teil vesipiipu mugavalt k\u00e4es hoida, et see k\u00e4est ei libiseks. See kolb on kaetud kvaliteetse v\u00e4rviga, mis aitab s\u00e4ilitada aja jooksul kolvi pilti, nagu oleks see uus isegi p\u00e4rast paljusid kasutusi. Sellel kolvil on paksud seinad. Paksud seinad tagavad halva heliisolatsiooni, mis on ilma difuusorita suitsetamiseks piisavalt oluline.<\/p>\n<p><strong><span title=\"\">Spetsifikatsioonid:<\/span><\/strong><br \/>\nK\u00f5rgus: 259 mm<br \/>\nKaal: ~ 1410 g<br \/>\nV\u00e4lise augu l\u00e4bim\u00f5\u00f5t: 73 mm<br \/>\nSisemine augu l\u00e4bim\u00f5\u00f5t: 45 mm<br \/>\nToote materjal: klaas<\/p>\n<p>Kas teil on k\u00fcsimusi? v\u00f5ta meiega \u00fchendust <a href=\"https:\/\/hookahshop.lt\/et\/kontaktid\/\">kontaktide leht<\/a> v\u00f5i saatke meile e-kiri aadressil <a href=\"https:\/\/facebook.com\/HookahShop.lt\/\" target=\"_blank\" rel=\"noopener noreferrer\">Facebooki konto<\/a> ja vastame teie taotlusele samal p\u00e4eval.<\/p>","protected":false},"excerpt":{"rendered":"<p>DALY Smoke&#039;i konks Kolbil on selge suitsune efekt ning veelgi \u0161ikim ja oman\u00e4olisem v\u00e4rviline v\u00e4limus t\u00e4nu l\u00e4ikivale pinnale. Sobib peaaegu k\u00f5ikidele kaasaegsetele vesipiipudele. Kolvi \u00e4\u00e4r aitab teil vesipiipu mugavalt k\u00e4es hoida, et see ei libiseks k\u00e4est. See kolb on kaetud kvaliteetse v\u00e4rviga, mis aitab s\u00e4ilitada aja jooksul kolvi kujutist, nagu see oleks [\u2026]<\/p>","protected":false},"featured_media":12737,"comment_status":"open","ping_status":"closed","template":"","meta":[],"_links":{"self":[{"href":"https:\/\/hookahshop.lt\/et\/wp-json\/wp\/v2\/product\/12736"}],"collection":[{"href":"https:\/\/hookahshop.lt\/et\/wp-json\/wp\/v2\/product"}],"about":[{"href":"https:\/\/hookahshop.lt\/et\/wp-json\/wp\/v2\/types\/product"}],"replies":[{"embeddable":true,"href":"https:\/\/hookahshop.lt\/et\/wp-json\/wp\/v2\/comments?post=12736"}],"version-history":[{"count":5,"href":"https:\/\/hookahshop.lt\/et\/wp-json\/wp\/v2\/product\/12736\/revisions"}],"predecessor-version":[{"id":45123,"href":"https:\/\/hookahshop.lt\/et\/wp-json\/wp\/v2\/product\/12736\/revisions\/45123"}],"wp:featuredmedia":[{"embeddable":true,"href":"https:\/\/hookahshop.lt\/et\/wp-json\/wp\/v2\/media\/12737"}],"wp:attachment":[{"href":"https:\/\/hookahshop.lt\/et\/wp-json\/wp\/v2\/media?parent=12736"}],"curies":[{"name":"wp","href":"https:\/\/api.w.org\/{rel}","templated":true}]}}