{"id":12740,"date":"2020-10-20T02:57:40","date_gmt":"2020-10-19T23:57:40","guid":{"rendered":"https:\/\/hookahshop.lt\/?post_type=product&#038;p=12740"},"modified":"2026-04-17T23:29:40","modified_gmt":"2026-04-17T20:29:40","slug":"taurele-kaljanui-upper-burly-shot-bowl","status":"publish","type":"product","link":"https:\/\/hookahshop.lt\/et\/toode\/tass-vesipiip-upper-burly-shot-bowl\/","title":{"rendered":"Tass vesipiibule UPPER Burly Shot Bowl"},"content":{"rendered":"<h2>Tass vesipiibule UPPER Burly Shot Bowl<\/h2>\n<p>See on ideaalne toode kuumakindla tubaka jaoks. Iga Upper Burly on eraldi pakendatud kaubam\u00e4rgi logo ja tassi nimega.<\/p>\n<p>Sobib \u00fcksi suitsetamiseks 30-40 minutit. Tubakat kulub 6\u201310 grammi. Soovitame tihedat t\u00e4idist, suitsutamist 2-3 s\u00f6el.<\/p>\n<p>Spetsifikatsioonid:<br \/>\nK\u00f5rgus: 73 mm<br \/>\nL\u00e4bim\u00f5\u00f5t (v\u00e4limine): 63 mm<br \/>\nL\u00e4bim\u00f5\u00f5t (sisemine): 51 mm<br \/>\nS\u00fcgavus: 10mm<br \/>\nAva l\u00e4bim\u00f5\u00f5t: 12 mm<br \/>\nAukude arv: 1<br \/>\nKaal: umbes 125 grammi<\/p>\n<p>Kas teil on k\u00fcsimusi? v\u00f5ta meiega \u00fchendust <a href=\"https:\/\/hookahshop.lt\/et\/kontaktid\/\">kontaktide leht<\/a> v\u00f5i saatke meile e-kiri aadressil <a href=\"https:\/\/facebook.com\/HookahShop.lt\/\" target=\"_blank\" rel=\"noopener noreferrer\">Facebooki konto<\/a> ja vastame teie taotlusele samal p\u00e4eval.<\/p>","protected":false},"excerpt":{"rendered":"<p>Vesipiibu UPPER Burly Shot Bowl See on ideaalne toode kuumakindla tubaka jaoks. Iga Upper Burly on eraldi pakendatud kaubam\u00e4rgi logo ja tassi nimega. Sobib \u00fcksi suitsetamiseks 30-40 minutit. Tubakat kulub 6\u201310 grammi. Soovitame tihedat t\u00e4idist, suitsutamist 2-3 s\u00f6el. Tehnilised andmed: K\u00f5rgus: 73 mm L\u00e4bim\u00f5\u00f5t (v\u00e4limine): 63 mm L\u00e4bim\u00f5\u00f5t (sisemine): 51 [\u2026]<\/p>","protected":false},"featured_media":12741,"comment_status":"open","ping_status":"closed","template":"","meta":[],"_links":{"self":[{"href":"https:\/\/hookahshop.lt\/et\/wp-json\/wp\/v2\/product\/12740"}],"collection":[{"href":"https:\/\/hookahshop.lt\/et\/wp-json\/wp\/v2\/product"}],"about":[{"href":"https:\/\/hookahshop.lt\/et\/wp-json\/wp\/v2\/types\/product"}],"replies":[{"embeddable":true,"href":"https:\/\/hookahshop.lt\/et\/wp-json\/wp\/v2\/comments?post=12740"}],"version-history":[{"count":2,"href":"https:\/\/hookahshop.lt\/et\/wp-json\/wp\/v2\/product\/12740\/revisions"}],"predecessor-version":[{"id":27810,"href":"https:\/\/hookahshop.lt\/et\/wp-json\/wp\/v2\/product\/12740\/revisions\/27810"}],"wp:featuredmedia":[{"embeddable":true,"href":"https:\/\/hookahshop.lt\/et\/wp-json\/wp\/v2\/media\/12741"}],"wp:attachment":[{"href":"https:\/\/hookahshop.lt\/et\/wp-json\/wp\/v2\/media?parent=12740"}],"curies":[{"name":"wp","href":"https:\/\/api.w.org\/{rel}","templated":true}]}}