{"id":12794,"date":"2020-10-20T14:55:52","date_gmt":"2020-10-20T11:55:52","guid":{"rendered":"https:\/\/hookahshop.lt\/?post_type=product&#038;p=12794"},"modified":"2026-04-17T23:29:13","modified_gmt":"2026-04-17T20:29:13","slug":"kaljanas-al-mani-moscow-silver","status":"publish","type":"product","link":"https:\/\/hookahshop.lt\/et\/toode\/vesipiip-al-mani-moscow-silver\/","title":{"rendered":"Vesipiip Al-MANI Moskva h\u00f5be"},"content":{"rendered":"<h2>Vesipiip Al-MANI Moskva h\u00f5be<\/h2>\n<p>See on kvaliteetne toode, mille komplektis on k\u00e4sit\u00f6\u00f6kolb.<\/p>\n<p>Komplekt sisaldab:<\/p>\n<p>Vesipiip<br \/>\nKolb (universaalne)<br \/>\nHuulik<br \/>\nKarikas<br \/>\nSoolestik<br \/>\nTangid<br \/>\nKorsten<\/p>\n<p>Spetsifikatsioonid<\/p>\n<p>Vesipiibu k\u00f5rgus kolbiga: umbes 55cm<br \/>\nMaterjal: roostevaba teras<br \/>\n\u00dchendus: vahepealne<br \/>\nV\u00e4rv: must kuld<br \/>\nHajuti: jah<br \/>\nP\u00e4ritoluriik: Saksamaa<\/p>\n<p>Kas teil on k\u00fcsimusi? v\u00f5ta meiega \u00fchendust <a href=\"https:\/\/hookahshop.lt\/et\/kontaktid\/\">kontaktide leht<\/a> v\u00f5i saatke meile e-kiri aadressil <a href=\"https:\/\/facebook.com\/HookahShop.lt\/\" target=\"_blank\" rel=\"noopener noreferrer\">Facebooki konto<\/a> ja vastame teie taotlusele samal p\u00e4eval.<\/p>","protected":false},"excerpt":{"rendered":"<p>Vesipiip Al-MANI Moskva h\u00f5be See on kvaliteetne toode, mille komplektis on ka k\u00e4sit\u00f6\u00f6kolb. Komplekti kuulub: Vesipiibu kolb (universaalne) Suuosakuga Vooliku Tangid Korsten Tehnilised andmed Vesipiibu k\u00f5rgus koos kolbiga: umbes 55cm Materjal: roostevaba teras \u00dchendus: Vahev\u00e4rv: Must kuld Hajuti: Jah P\u00e4ritoluriik: Saksamaa K\u00fcsimused? V\u00f5tke meiega \u00fchendust kontaktide lehel v\u00f5i kirjutage meile oma Facebooki kontol [\u2026]<\/p>","protected":false},"featured_media":12799,"comment_status":"open","ping_status":"closed","template":"","meta":[],"_links":{"self":[{"href":"https:\/\/hookahshop.lt\/et\/wp-json\/wp\/v2\/product\/12794"}],"collection":[{"href":"https:\/\/hookahshop.lt\/et\/wp-json\/wp\/v2\/product"}],"about":[{"href":"https:\/\/hookahshop.lt\/et\/wp-json\/wp\/v2\/types\/product"}],"replies":[{"embeddable":true,"href":"https:\/\/hookahshop.lt\/et\/wp-json\/wp\/v2\/comments?post=12794"}],"version-history":[{"count":3,"href":"https:\/\/hookahshop.lt\/et\/wp-json\/wp\/v2\/product\/12794\/revisions"}],"predecessor-version":[{"id":22652,"href":"https:\/\/hookahshop.lt\/et\/wp-json\/wp\/v2\/product\/12794\/revisions\/22652"}],"wp:featuredmedia":[{"embeddable":true,"href":"https:\/\/hookahshop.lt\/et\/wp-json\/wp\/v2\/media\/12799"}],"wp:attachment":[{"href":"https:\/\/hookahshop.lt\/et\/wp-json\/wp\/v2\/media?parent=12794"}],"curies":[{"name":"wp","href":"https:\/\/api.w.org\/{rel}","templated":true}]}}