{"id":12816,"date":"2020-10-20T15:55:19","date_gmt":"2020-10-20T12:55:19","guid":{"rendered":"https:\/\/hookahshop.lt\/?post_type=product&#038;p=12816"},"modified":"2026-04-17T23:29:13","modified_gmt":"2026-04-17T20:29:13","slug":"kaljanas-al-mani-blacky-black","status":"publish","type":"product","link":"https:\/\/hookahshop.lt\/et\/toode\/vesipiip-al-mani-blacky-black\/","title":{"rendered":"Vesipiip AL-MANI Blacky Black"},"content":{"rendered":"<h2>Vesipiip AL-MANI Blacky Black<\/h2>\n<p>See on kombinatsioon luksuslikust disainist ja kvaliteetsetest materjalidest. Vesipiibu \u00fclemine osa ja suitsuvooliku k\u00e4epide on kaetud puitviimistlusega. Vesipiibul on roostevabast terasest vars.<\/p>\n<p><strong>Komplekt sisaldab:<\/strong><br \/>\nVesipiip<br \/>\nKolb<br \/>\nHuulik<br \/>\nKarikas<br \/>\nSoolestik<br \/>\nTangid<br \/>\nKorsten<br \/>\nSpiraalvoolik<\/p>\n<p><strong>Spetsifikatsioonid:<\/strong><br \/>\nVesipiibu k\u00f5rgus koos kolbiga: umbes 46 cm<br \/>\nMaterjal: roostevaba teras<br \/>\nV\u00e4rvus must<br \/>\nHajuti: pole saadaval<br \/>\nP\u00e4ritoluriik: Saksamaa<\/p>\n<p>Kas teil on k\u00fcsimusi? v\u00f5ta meiega \u00fchendust <a href=\"https:\/\/hookahshop.lt\/et\/kontaktid\/\">kontaktide leht<\/a> v\u00f5i saatke meile e-kiri aadressil <a href=\"https:\/\/facebook.com\/HookahShop.lt\/\" target=\"_blank\" rel=\"noopener noreferrer\">Facebooki konto<\/a> ja vastame teie taotlusele samal p\u00e4eval.<\/p>","protected":false},"excerpt":{"rendered":"<p>Vesipiip AL-MANI Blacky Black See on kombinatsioon luksuslikust disainist ja kvaliteetsetest materjalidest. Vesipiibu \u00fclemine osa ja suitsuvooliku k\u00e4epide on kaetud puitviimistlusega. Vesipiibul on roostevabast terasest vars. Komplekti kuulub: Vesipiibu pudeli huulikuga voolikutangid korstna spiraal voolikute jaoks Tehnilised andmed: vesipiibu k\u00f5rgus koos kolbiga: umbes 46 cm Materjal: roostevaba teras V\u00e4rvus: must Hajuti: puudub P\u00e4ritoluriik: Saksamaa [\u2026]<\/p>","protected":false},"featured_media":12817,"comment_status":"open","ping_status":"closed","template":"","meta":[],"_links":{"self":[{"href":"https:\/\/hookahshop.lt\/et\/wp-json\/wp\/v2\/product\/12816"}],"collection":[{"href":"https:\/\/hookahshop.lt\/et\/wp-json\/wp\/v2\/product"}],"about":[{"href":"https:\/\/hookahshop.lt\/et\/wp-json\/wp\/v2\/types\/product"}],"replies":[{"embeddable":true,"href":"https:\/\/hookahshop.lt\/et\/wp-json\/wp\/v2\/comments?post=12816"}],"version-history":[{"count":3,"href":"https:\/\/hookahshop.lt\/et\/wp-json\/wp\/v2\/product\/12816\/revisions"}],"predecessor-version":[{"id":22690,"href":"https:\/\/hookahshop.lt\/et\/wp-json\/wp\/v2\/product\/12816\/revisions\/22690"}],"wp:featuredmedia":[{"embeddable":true,"href":"https:\/\/hookahshop.lt\/et\/wp-json\/wp\/v2\/media\/12817"}],"wp:attachment":[{"href":"https:\/\/hookahshop.lt\/et\/wp-json\/wp\/v2\/media?parent=12816"}],"curies":[{"name":"wp","href":"https:\/\/api.w.org\/{rel}","templated":true}]}}