{"id":12822,"date":"2020-10-20T16:35:49","date_gmt":"2020-10-20T13:35:49","guid":{"rendered":"https:\/\/hookahshop.lt\/?post_type=product&#038;p=12822"},"modified":"2026-04-17T23:29:19","modified_gmt":"2026-04-17T20:29:19","slug":"kaljanas-kaya-clear","status":"publish","type":"product","link":"https:\/\/hookahshop.lt\/et\/toode\/vesipiip-kaya-selge\/","title":{"rendered":"Kaljanas KAYA Selge"},"content":{"rendered":"<h2>Vesipiibu Kaya selge<\/h2>\n<p>Kombinatsioon luksuslikust disainist ja kvaliteetsetest materjalidest. Vesipiibul on roostevabast terasest vars. Vesipiip, mida iseloomustab vastupidavus ja tihedus.<\/p>\n<p>toodetud Hiinas<br \/>\nPakendi kaal [kg]: 2,35<br \/>\nPakendi k\u00f5rgus (cm): 22<br \/>\nPakendi laius (cm): 15<br \/>\nPakendi s\u00fcgavus [cm]: 15<\/p>\n<p>Kas teil on k\u00fcsimusi? v\u00f5ta meiega \u00fchendust <a href=\"https:\/\/hookahshop.lt\/et\/kontaktid\/\">kontaktide leht<\/a> v\u00f5i saatke meile e-kiri aadressil <a href=\"https:\/\/facebook.com\/HookahShop.lt\/\" target=\"_blank\" rel=\"noopener noreferrer\">Facebooki konto<\/a> ja vastame teie taotlusele samal p\u00e4eval.<\/p>","protected":false},"excerpt":{"rendered":"<p>Vesipiip Kaya Clear Luksusliku disaini ja kvaliteetsete materjalide kombinatsioon. Vesipiibul on roostevabast terasest vars. Vastupidavuse ja tihedusega vesipiip. P\u00e4ritoluriik: Hiina Pakendi kaal [kg]: 2,35 Pakendi k\u00f5rgus [cm]: 22 Pakendi laius [cm]: 15 Pakendi s\u00fcgavus [cm]: 15 K\u00fcsimused? V\u00f5tke meiega \u00fchendust kontaktide lehel v\u00f5i kirjutage meile oma Facebooki kontol ja me vastame [\u2026]<\/p>","protected":false},"featured_media":12824,"comment_status":"open","ping_status":"closed","template":"","meta":[],"_links":{"self":[{"href":"https:\/\/hookahshop.lt\/et\/wp-json\/wp\/v2\/product\/12822"}],"collection":[{"href":"https:\/\/hookahshop.lt\/et\/wp-json\/wp\/v2\/product"}],"about":[{"href":"https:\/\/hookahshop.lt\/et\/wp-json\/wp\/v2\/types\/product"}],"replies":[{"embeddable":true,"href":"https:\/\/hookahshop.lt\/et\/wp-json\/wp\/v2\/comments?post=12822"}],"version-history":[{"count":2,"href":"https:\/\/hookahshop.lt\/et\/wp-json\/wp\/v2\/product\/12822\/revisions"}],"predecessor-version":[{"id":42315,"href":"https:\/\/hookahshop.lt\/et\/wp-json\/wp\/v2\/product\/12822\/revisions\/42315"}],"wp:featuredmedia":[{"embeddable":true,"href":"https:\/\/hookahshop.lt\/et\/wp-json\/wp\/v2\/media\/12824"}],"wp:attachment":[{"href":"https:\/\/hookahshop.lt\/et\/wp-json\/wp\/v2\/media?parent=12822"}],"curies":[{"name":"wp","href":"https:\/\/api.w.org\/{rel}","templated":true}]}}