{"id":12831,"date":"2020-10-20T17:43:08","date_gmt":"2020-10-20T14:43:08","guid":{"rendered":"https:\/\/hookahshop.lt\/?post_type=product&#038;p=12831"},"modified":"2026-04-06T23:29:15","modified_gmt":"2026-04-06T20:29:15","slug":"taurele-kaljanui-solaris-jupiter","status":"publish","type":"product","link":"https:\/\/hookahshop.lt\/et\/toode\/tass-vesipiip-solaris-jupiter\/","title":{"rendered":"Tass vesipiibule SOLARIS Jupiter"},"content":{"rendered":"<h2>Tass vesipiibule SOLARIS Jupiter<\/h2>\n<p>Solarise vesipiibutopsid on t\u00e4iesti k\u00e4sitsi valmistatud. Tassid on valmistatud punasest savist ja fajansist. Tasside valmistamisel kasutatakse ainult looduslikke ja keskkonnas\u00f5bralikke materjale. See erineb teistest kaussidest selle poolest, et on niiskuse suhtes vastupidavam. Piimatoodete tehnoloogia kasutamine punase savi jaoks annab huvitava v\u00e4lise efekti, originaalse kujunduse.<\/p>\n<p>Kas teil on k\u00fcsimusi? v\u00f5ta meiega \u00fchendust <a href=\"https:\/\/hookahshop.lt\/et\/kontaktid\/\">kontaktide leht<\/a> v\u00f5i saatke meile e-kiri aadressil <a href=\"https:\/\/facebook.com\/HookahShop.lt\/\" target=\"_blank\" rel=\"noopener noreferrer\">Facebooki konto<\/a> ja vastame teie taotlusele samal p\u00e4eval.<\/p>","protected":false},"excerpt":{"rendered":"<p>Vesipiibu tass SOLARIS Jupiter Solarise vesipiibutopsid on t\u00e4ielikult k\u00e4sitsi valmistatud. Tassid on valmistatud punasest savist ja fajansist. Tasside valmistamisel kasutatakse ainult looduslikke ja keskkonnas\u00f5bralikke materjale. See erineb teistest kaussidest selle poolest, et on niiskuskindlam. Piimatehnoloogia kasutamine punase savi puhul annab huvitava v\u00e4lisilme, originaalse disaini. Kas teil on k\u00fcsimusi? V\u00f5tke meiega \u00fchendust kontaktide lehel [\u2026]<\/p>","protected":false},"featured_media":12838,"comment_status":"open","ping_status":"closed","template":"","meta":[],"_links":{"self":[{"href":"https:\/\/hookahshop.lt\/et\/wp-json\/wp\/v2\/product\/12831"}],"collection":[{"href":"https:\/\/hookahshop.lt\/et\/wp-json\/wp\/v2\/product"}],"about":[{"href":"https:\/\/hookahshop.lt\/et\/wp-json\/wp\/v2\/types\/product"}],"replies":[{"embeddable":true,"href":"https:\/\/hookahshop.lt\/et\/wp-json\/wp\/v2\/comments?post=12831"}],"version-history":[{"count":2,"href":"https:\/\/hookahshop.lt\/et\/wp-json\/wp\/v2\/product\/12831\/revisions"}],"predecessor-version":[{"id":23190,"href":"https:\/\/hookahshop.lt\/et\/wp-json\/wp\/v2\/product\/12831\/revisions\/23190"}],"wp:featuredmedia":[{"embeddable":true,"href":"https:\/\/hookahshop.lt\/et\/wp-json\/wp\/v2\/media\/12838"}],"wp:attachment":[{"href":"https:\/\/hookahshop.lt\/et\/wp-json\/wp\/v2\/media?parent=12831"}],"curies":[{"name":"wp","href":"https:\/\/api.w.org\/{rel}","templated":true}]}}