{"id":12892,"date":"2020-10-25T15:12:02","date_gmt":"2020-10-25T13:12:02","guid":{"rendered":"https:\/\/hookahshop.lt\/?post_type=product&#038;p=12892"},"modified":"2026-04-14T23:29:03","modified_gmt":"2026-04-14T20:29:03","slug":"karscio-kamera-kalaud-replika","status":"publish","type":"product","link":"https:\/\/hookahshop.lt\/et\/toode\/soojuskamber-kalaud-replika\/","title":{"rendered":"Soojuskamber KALAUD koopia"},"content":{"rendered":"<h2 data-placeholder=\"Vertimas\">Soojuskamber KALAUD koopia<\/h2>\n<p dir=\"ltr\" data-placeholder=\"Vertimas\">See on m\u00f5eldud kasutamiseks vesipiibutassi soojendamiseks kookosp\u00e4hkli s\u00f6ega. See on kalaud lootose koopia.<\/p>\n<p id=\"tw-target-text\" class=\"tw-data-text tw-text-large tw-ta\" dir=\"ltr\" data-placeholder=\"Vertimas\"><strong><span lang=\"lt\">Soojuskambri peamised eelised:<\/span><\/strong><\/p>\n<ul>\n<li class=\"tw-data-text tw-text-large tw-ta\" data-placeholder=\"Vertimas\"><span lang=\"lt\">Korduvkasutatav;<\/span><\/li>\n<li class=\"tw-data-text tw-text-large tw-ta\" data-placeholder=\"Vertimas\"><span lang=\"lt\">Fooliumi pole enam;<\/span><\/li>\n<li class=\"tw-data-text tw-text-large tw-ta\" data-placeholder=\"Vertimas\"><span lang=\"lt\">Kivis\u00fcsi p\u00fcsib oma mugava kuju t\u00f5ttu paigas;<\/span><\/li>\n<li class=\"tw-data-text tw-text-large tw-ta\" data-placeholder=\"Vertimas\">Parandab \u00f5huringlust;<\/li>\n<li class=\"tw-data-text tw-text-large tw-ta\" data-placeholder=\"Vertimas\"><span lang=\"lt\">See kuumeneb l\u00fchikese aja jooksul ja hoiab soojust stabiilsena.<\/span><\/li>\n<\/ul>\n<p>Kas teil on k\u00fcsimusi? v\u00f5ta meiega \u00fchendust <a href=\"https:\/\/hookahshop.lt\/et\/kontaktid\/\">kontaktide leht<\/a> v\u00f5i saatke meile e-kiri aadressil <a href=\"https:\/\/facebook.com\/HookahShop.lt\/\" target=\"_blank\" rel=\"noopener noreferrer\">Facebooki konto<\/a> ja vastame teie taotlusele samal p\u00e4eval.<\/p>","protected":false},"excerpt":{"rendered":"<p>Kuumutuskamber KALAUD Replica See on m\u00f5eldud kasutamiseks vesipiibu tassi soojendamiseks kookoss\u00f6ega. See on kalaud lootose koopia. Soojuskambri peamised eelised: Korduvkasutatav; Pole enam fooliumi; S\u00fcsi p\u00fcsib oma mugava kuju t\u00f5ttu paigal; Parandab \u00f5huringlust; See soojeneb l\u00fchikese ajaga ja hoiab soojust stabiilsena. Kas teil on k\u00fcsimusi? V\u00f5tke meiega \u00fchendust kontaktide lehel v\u00f5i kirjutage meile [\u2026]<\/p>","protected":false},"featured_media":12893,"comment_status":"open","ping_status":"closed","template":"","meta":[],"_links":{"self":[{"href":"https:\/\/hookahshop.lt\/et\/wp-json\/wp\/v2\/product\/12892"}],"collection":[{"href":"https:\/\/hookahshop.lt\/et\/wp-json\/wp\/v2\/product"}],"about":[{"href":"https:\/\/hookahshop.lt\/et\/wp-json\/wp\/v2\/types\/product"}],"replies":[{"embeddable":true,"href":"https:\/\/hookahshop.lt\/et\/wp-json\/wp\/v2\/comments?post=12892"}],"version-history":[{"count":7,"href":"https:\/\/hookahshop.lt\/et\/wp-json\/wp\/v2\/product\/12892\/revisions"}],"predecessor-version":[{"id":42966,"href":"https:\/\/hookahshop.lt\/et\/wp-json\/wp\/v2\/product\/12892\/revisions\/42966"}],"wp:featuredmedia":[{"embeddable":true,"href":"https:\/\/hookahshop.lt\/et\/wp-json\/wp\/v2\/media\/12893"}],"wp:attachment":[{"href":"https:\/\/hookahshop.lt\/et\/wp-json\/wp\/v2\/media?parent=12892"}],"curies":[{"name":"wp","href":"https:\/\/api.w.org\/{rel}","templated":true}]}}