{"id":12896,"date":"2020-10-25T16:05:22","date_gmt":"2020-10-25T14:05:22","guid":{"rendered":"https:\/\/hookahshop.lt\/?post_type=product&#038;p=12896"},"modified":"2026-04-14T23:29:07","modified_gmt":"2026-04-14T20:29:07","slug":"kolba-kaljanui-hookahtree-c3-black-transparent","status":"publish","type":"product","link":"https:\/\/hookahshop.lt\/et\/toode\/kolb-vesipiibu-hookahtree-c3-black-transparent\/","title":{"rendered":"Kolb kiilasp\u00e4isuse vastu HOOKAHTREE C3 Must L\u00e4bipaistev"},"content":{"rendered":"<h2>Kolb kiilasp\u00e4isuse vastu HOOKAHTREE C3 Must L\u00e4bipaistev<\/h2>\n<p>See k\u00e4sitsi valmistatud kolb on valmistatud kvaliteetsest 5 mm paksusest klaasist. Kolb on musta v\u00e4rvi ja l\u00e4bipaistva v\u00e4rviga, mis v\u00f5imaldab reguleerida veetaset kolvis.<\/p>\n<p><strong><span title=\"\">Spetsifikatsioonid:<\/span><\/strong><br \/>\nK\u00f5rgus: 252 mm<br \/>\nKaal: ~ 1550 g<br \/>\nV\u00e4lise augu l\u00e4bim\u00f5\u00f5t: 70 mm<br \/>\nSisemine augu l\u00e4bim\u00f5\u00f5t: 48 mm<br \/>\nToote materjal: klaas<\/p>\n<p>Kas teil on k\u00fcsimusi? v\u00f5ta meiega \u00fchendust <a href=\"https:\/\/hookahshop.lt\/et\/kontaktid\/\">kontaktide leht<\/a> v\u00f5i saatke meile e-kiri aadressil <a href=\"https:\/\/facebook.com\/HookahShop.lt\/\" target=\"_blank\" rel=\"noopener noreferrer\">Facebooki konto<\/a> ja vastame teie taotlusele samal p\u00e4eval.<\/p>","protected":false},"excerpt":{"rendered":"<p>Kolba kaljanui HOOKAHTREE C3 Black Transparent \u0160i, rank\u0173 darbo kolba pagaminta i\u0161 auk\u0161tos kokyb\u0117s 5 mm storo stiklo. Kolba yra juodai skaidrios spalvos, leid\u017eianti reguliuoti vandens lyg\u012f kolboje. Specifikacijos: Auk\u0161tis: 252 mm Svoris: ~ 1550 g I\u0161orin\u0117s skyl\u0117s skersmuo: 70 mm Vidin\u0117s skyl\u0117s skersmuo: 48 mm Produkto med\u017eiaga: stiklas Turite klausim\u0173? Susisiekite su mumis kontakt\u0173 [&hellip;]<\/p>","protected":false},"featured_media":12897,"comment_status":"open","ping_status":"closed","template":"","meta":[],"_links":{"self":[{"href":"https:\/\/hookahshop.lt\/et\/wp-json\/wp\/v2\/product\/12896"}],"collection":[{"href":"https:\/\/hookahshop.lt\/et\/wp-json\/wp\/v2\/product"}],"about":[{"href":"https:\/\/hookahshop.lt\/et\/wp-json\/wp\/v2\/types\/product"}],"replies":[{"embeddable":true,"href":"https:\/\/hookahshop.lt\/et\/wp-json\/wp\/v2\/comments?post=12896"}],"version-history":[{"count":5,"href":"https:\/\/hookahshop.lt\/et\/wp-json\/wp\/v2\/product\/12896\/revisions"}],"predecessor-version":[{"id":45138,"href":"https:\/\/hookahshop.lt\/et\/wp-json\/wp\/v2\/product\/12896\/revisions\/45138"}],"wp:featuredmedia":[{"embeddable":true,"href":"https:\/\/hookahshop.lt\/et\/wp-json\/wp\/v2\/media\/12897"}],"wp:attachment":[{"href":"https:\/\/hookahshop.lt\/et\/wp-json\/wp\/v2\/media?parent=12896"}],"curies":[{"name":"wp","href":"https:\/\/api.w.org\/{rel}","templated":true}]}}