{"id":12905,"date":"2020-10-25T16:36:04","date_gmt":"2020-10-25T14:36:04","guid":{"rendered":"https:\/\/hookahshop.lt\/?post_type=product&#038;p=12905"},"modified":"2026-04-14T23:29:19","modified_gmt":"2026-04-14T20:29:19","slug":"taurele-kaljanui-smokelab-taiga","status":"publish","type":"product","link":"https:\/\/hookahshop.lt\/et\/toode\/tass-vesipiip-smokelab-taiga\/","title":{"rendered":"Tass vesipiibule SMOKELAB Taiga"},"content":{"rendered":"<h2>Tass vesipiibule SMOKELAB Taiga<\/h2>\n<p>See on Evil Bowli perekonna uus mudel. Kogu nende tasside sari on m\u00f5eldud heledate ja tugevate tasside pakendamiseks. Taiga eesm\u00e4rk on minna veelgi kaugemale. Sellel on v\u00e4ga \u00f5hukesed seinad, mille tassi v\u00e4lisraadius on sama. Tubakakorkide pindala suureneb ja s\u00fcgavus v\u00e4heneb vastavalt. See muudab puhumise ajal kuumuse juhtimise lihtsaks (tassi \u00f5hukesed seinad neelavad v\u00e4hem soojust, kuna see kannab selle soojuse vesipiibusegusse, muutes selle jahutamise lihtsaks), k\u00f5ige heledam ja tugevaim suitsetamine veidi l\u00fchema kestusega (kogu vesipiibu segu soojeneb ja soojeneb kogu suitsetamisperioodi jooksul).<br \/>\nKui otsid t\u00e4iuslikku tassi, et saaksid nautida kiireimat ja s\u00e4ravamat naudingut tugevast tassipakendist, siis SmokeLab Taiga on kindlasti sinu jaoks!<br \/>\nVesipiibu segu maht: 15-20 g.<\/p>\n<p>Spetsifikatsioonid:<br \/>\nK\u00f5rgus: 104 mm<br \/>\nL\u00e4bim\u00f5\u00f5t (v\u00e4limine): 74 mm<br \/>\nL\u00e4bim\u00f5\u00f5t (sisemine): 68 mm<br \/>\nS\u00fcgavus: 16mm<br \/>\nAva l\u00e4bim\u00f5\u00f5t: 8 mm<br \/>\nAukude arv: 5 tk.<br \/>\nKaal: umbes 157 g.<\/p>\n<p>Kas teil on k\u00fcsimusi? v\u00f5ta meiega \u00fchendust <a href=\"https:\/\/hookahshop.lt\/et\/kontaktid\/\">kontaktide leht<\/a> v\u00f5i saatke meile e-kiri aadressil <a href=\"https:\/\/facebook.com\/HookahShop.lt\/\" target=\"_blank\" rel=\"noopener noreferrer\">Facebooki konto<\/a> ja vastame teie taotlusele samal p\u00e4eval.<\/p>","protected":false},"excerpt":{"rendered":"<p>Vesipiip SMOKELAB Taiga See on Evil Bowli perekonna uus mudel. Kogu nende tasside sari on m\u00f5eldud heledate ja tugevate tasside pakendamiseks. Taiga eesm\u00e4rk on minna veelgi kaugemale. Sellel on v\u00e4ga \u00f5hukesed seinad, mille tassi v\u00e4lisraadius on sama. Tubakakorkide pindala suureneb ja s\u00fcgavus v\u00e4heneb vastavalt. See muudab puhumise ajal kuumuse juhtimise lihtsaks [\u2026]<\/p>","protected":false},"featured_media":12910,"comment_status":"open","ping_status":"closed","template":"","meta":[],"_links":{"self":[{"href":"https:\/\/hookahshop.lt\/et\/wp-json\/wp\/v2\/product\/12905"}],"collection":[{"href":"https:\/\/hookahshop.lt\/et\/wp-json\/wp\/v2\/product"}],"about":[{"href":"https:\/\/hookahshop.lt\/et\/wp-json\/wp\/v2\/types\/product"}],"replies":[{"embeddable":true,"href":"https:\/\/hookahshop.lt\/et\/wp-json\/wp\/v2\/comments?post=12905"}],"version-history":[{"count":3,"href":"https:\/\/hookahshop.lt\/et\/wp-json\/wp\/v2\/product\/12905\/revisions"}],"predecessor-version":[{"id":23181,"href":"https:\/\/hookahshop.lt\/et\/wp-json\/wp\/v2\/product\/12905\/revisions\/23181"}],"wp:featuredmedia":[{"embeddable":true,"href":"https:\/\/hookahshop.lt\/et\/wp-json\/wp\/v2\/media\/12910"}],"wp:attachment":[{"href":"https:\/\/hookahshop.lt\/et\/wp-json\/wp\/v2\/media?parent=12905"}],"curies":[{"name":"wp","href":"https:\/\/api.w.org\/{rel}","templated":true}]}}