{"id":12922,"date":"2020-10-25T23:25:15","date_gmt":"2020-10-25T21:25:15","guid":{"rendered":"https:\/\/hookahshop.lt\/?post_type=product&#038;p=12922"},"modified":"2026-04-18T23:29:02","modified_gmt":"2026-04-18T20:29:02","slug":"taurele-kaljanui-conceptic-cd2-red","status":"publish","type":"product","link":"https:\/\/hookahshop.lt\/et\/toode\/tass-vesipiip-conceptic-cd2-red\/","title":{"rendered":"Tass vesipiibule CONCEPTIC CD2 Punane"},"content":{"rendered":"<h2>Tass vesipiibule CONCEPTIC CD2 Punane<\/h2>\n<p>Seal on klassikaline &quot;killer-kauss&quot;, kuid selle sisemus on \u00fcmar, ilma sirgete seinteta. Tassi p\u00f5hjas on kuus ringikujulist auku, mille keskel pole auku. Selle aukude paigutuse tulemuseks on tubaka suitsetamise \u00fchtlasem protsess.<br \/>\nSee vesipiibu tass on valmistatud valgest savist, millele on lisatud \u0161amotti ja tumedat pigmenti. Tass on v\u00e4rvitud v\u00e4rvilise pahtliga, lisades valgeid laike. Tass sobib kasutamiseks nii fooliumiga kui ka kuumakambriga.<br \/>\nVesipiibu segu maht: umbes 17 g.<\/p>\n<p>Spetsifikatsioonid:<br \/>\nK\u00f5rgus: 93 mm<br \/>\nL\u00e4bim\u00f5\u00f5t (v\u00e4limine): 74 mm<br \/>\nL\u00e4bim\u00f5\u00f5t (sisemine): 62 mm<br \/>\nS\u00fcgavus: 15 mm<br \/>\nAva l\u00e4bim\u00f5\u00f5t: 8 mm<br \/>\nAukude arv: 6 tk.<br \/>\nKaal: umbes 218 g.<\/p>\n<p>Kas teil on k\u00fcsimusi? v\u00f5ta meiega \u00fchendust <a href=\"https:\/\/hookahshop.lt\/et\/kontaktid\/\">kontaktide leht<\/a> v\u00f5i saatke meile e-kiri aadressil <a href=\"https:\/\/facebook.com\/HookahShop.lt\/\" target=\"_blank\" rel=\"noopener noreferrer\">Facebooki konto<\/a> ja vastame teie taotlusele samal p\u00e4eval.<\/p>","protected":false},"excerpt":{"rendered":"<p>Vesipiip CONCEPTIC CD2 Red Seal on klassikaline &quot;killer-kauss&quot;, kuid selle sisemus on \u00fcmar, ilma sirgete seinteta. Tassi p\u00f5hjas on kuus ringikujulist auku, mille keskel pole auku. Selline aukude paigutus viib tubaka suitsetamise \u00fchtlasema protsessini. See vesipiibu tass on valmistatud valgest savist, millele on lisatud \u0161amotti ja tumedat pigmenti. Tass on v\u00e4rvitud v\u00e4rvilise pahtliga, lisades valgeid laike. Tass [\u2026]<\/p>","protected":false},"featured_media":12923,"comment_status":"open","ping_status":"closed","template":"","meta":[],"_links":{"self":[{"href":"https:\/\/hookahshop.lt\/et\/wp-json\/wp\/v2\/product\/12922"}],"collection":[{"href":"https:\/\/hookahshop.lt\/et\/wp-json\/wp\/v2\/product"}],"about":[{"href":"https:\/\/hookahshop.lt\/et\/wp-json\/wp\/v2\/types\/product"}],"replies":[{"embeddable":true,"href":"https:\/\/hookahshop.lt\/et\/wp-json\/wp\/v2\/comments?post=12922"}],"version-history":[{"count":3,"href":"https:\/\/hookahshop.lt\/et\/wp-json\/wp\/v2\/product\/12922\/revisions"}],"predecessor-version":[{"id":26564,"href":"https:\/\/hookahshop.lt\/et\/wp-json\/wp\/v2\/product\/12922\/revisions\/26564"}],"wp:featuredmedia":[{"embeddable":true,"href":"https:\/\/hookahshop.lt\/et\/wp-json\/wp\/v2\/media\/12923"}],"wp:attachment":[{"href":"https:\/\/hookahshop.lt\/et\/wp-json\/wp\/v2\/media?parent=12922"}],"curies":[{"name":"wp","href":"https:\/\/api.w.org\/{rel}","templated":true}]}}