{"id":12927,"date":"2020-10-25T23:59:53","date_gmt":"2020-10-25T21:59:53","guid":{"rendered":"https:\/\/hookahshop.lt\/?post_type=product&#038;p=12927"},"modified":"2026-05-13T23:29:42","modified_gmt":"2026-05-13T20:29:42","slug":"vienkartiniai-kandikliai-kaljanui-al-mani-6cm-100vnt-spalvoti","status":"publish","type":"product","link":"https:\/\/hookahshop.lt\/et\/toode\/uhekordsed-konksud-vesipiibule-al-mani-6cm-100vnt-varviline\/","title":{"rendered":"\u00dchekordsed konksud vesipiibule AL-MANI 6cm 100tk V\u00e4rv"},"content":{"rendered":"<h2>\u00dchekordsed konksud vesipiibule AL-MANI 6cm 100tk V\u00e4rv<\/h2>\n<p>M\u00f5eldud t\u00e4iendavaks kinnitamiseks vesipiibu huuliku k\u00fclge h\u00fcgieeniliseks kasutamiseks.<br \/>\n100 tk \u00fches pakendis. huulikud.<\/p>\n<p>Kas teil on k\u00fcsimusi? v\u00f5ta meiega \u00fchendust <a href=\"https:\/\/hookahshop.lt\/et\/kontaktid\/\">kontaktide leht<\/a> v\u00f5i saatke meile e-kiri aadressil <a href=\"https:\/\/facebook.com\/HookahShop.lt\/\" target=\"_blank\" rel=\"noopener noreferrer\">Facebooki konto<\/a> ja vastame teie taotlusele samal p\u00e4eval.<\/p>","protected":false},"excerpt":{"rendered":"<p>\u00dchekordsed konksud vesipiibu jaoks AL-MANI 6cm 100tk V\u00e4rv T\u00e4iendavaks kinnitamiseks huuliku k\u00fclge h\u00fcgieeniliseks kasutamiseks. 100 tk \u00fches pakendis. huulikud. Kas teil on k\u00fcsimusi? V\u00f5tke meiega \u00fchendust kontaktide lehel v\u00f5i kirjutage meile oma Facebooki kontol ja vastame teie p\u00e4ringule samal p\u00e4eval.<\/p>","protected":false},"featured_media":12929,"comment_status":"open","ping_status":"closed","template":"","meta":[],"_links":{"self":[{"href":"https:\/\/hookahshop.lt\/et\/wp-json\/wp\/v2\/product\/12927"}],"collection":[{"href":"https:\/\/hookahshop.lt\/et\/wp-json\/wp\/v2\/product"}],"about":[{"href":"https:\/\/hookahshop.lt\/et\/wp-json\/wp\/v2\/types\/product"}],"replies":[{"embeddable":true,"href":"https:\/\/hookahshop.lt\/et\/wp-json\/wp\/v2\/comments?post=12927"}],"version-history":[{"count":3,"href":"https:\/\/hookahshop.lt\/et\/wp-json\/wp\/v2\/product\/12927\/revisions"}],"predecessor-version":[{"id":25626,"href":"https:\/\/hookahshop.lt\/et\/wp-json\/wp\/v2\/product\/12927\/revisions\/25626"}],"wp:featuredmedia":[{"embeddable":true,"href":"https:\/\/hookahshop.lt\/et\/wp-json\/wp\/v2\/media\/12929"}],"wp:attachment":[{"href":"https:\/\/hookahshop.lt\/et\/wp-json\/wp\/v2\/media?parent=12927"}],"curies":[{"name":"wp","href":"https:\/\/api.w.org\/{rel}","templated":true}]}}