{"id":12983,"date":"2020-10-28T21:28:20","date_gmt":"2020-10-28T19:28:20","guid":{"rendered":"https:\/\/hookahshop.lt\/?post_type=product&#038;p=12983"},"modified":"2026-04-18T23:28:48","modified_gmt":"2026-04-18T20:28:48","slug":"kaljanas-smoke-me-five-black","status":"publish","type":"product","link":"https:\/\/hookahshop.lt\/et\/toode\/vesipiip-smoke-me-five-black\/","title":{"rendered":"Vesipiip SMOKE ME Five Black"},"content":{"rendered":"<h2>Vesipiip SMOKE ME Five Black<\/h2>\n<p>Seda eristab ainulaadne kolb, mis v\u00f5imaldab tavaliste kolbidega v\u00f5rreldes suuremat suitsumahutit.<\/p>\n<p><strong>Komplekt sisaldab:<\/strong><br \/>\nVesipiip<br \/>\nKolb<br \/>\nHuulik<br \/>\nKarikas<br \/>\nSoolestik<br \/>\nTangid<br \/>\nKorsten<br \/>\nSpiraalvoolik<\/p>\n<p><strong>Spetsifikatsioonid:<\/strong><br \/>\nVesipiibu k\u00f5rgus koos kolbiga: umbes 50 cm<br \/>\nMaterjal: anodeeritud alumiinium<br \/>\n\u00dchenduse t\u00fc\u00fcp: kl\u00f5psake nuppu<br \/>\nHajuti: pole saadaval<br \/>\nP\u00e4ritoluriik: Saksamaa<\/p>\n<p>Kas teil on k\u00fcsimusi? v\u00f5ta meiega \u00fchendust <a href=\"https:\/\/hookahshop.lt\/et\/kontaktid\/\">kontaktide leht<\/a> v\u00f5i saatke meile e-kiri aadressil <a href=\"https:\/\/facebook.com\/HookahShop.lt\/\" target=\"_blank\" rel=\"noopener noreferrer\">Facebooki konto<\/a> ja vastame teie taotlusele samal p\u00e4eval.<\/p>\n<p>&nbsp;<\/p>","protected":false},"excerpt":{"rendered":"<p>Vesipiip SMOKE ME Five Black See paistab silma ainulaadse kolviga, mis v\u00f5imaldab paigaldada rohkem suitsuhoidlat kui tavaliste kujuga kolbide kasutamisel. Komplekt sisaldab: konksuhoidja huuliku tassi vooliku tangid Kamin Spiraalvoolik Tehnilised andmed: konksu k\u00f5rgus koos kolbiga: umbes 50 cm Materjal: anodeeritud alumiinium \u00dchenduse t\u00fc\u00fcp: Click Hajuti: puudub P\u00e4ritoluriik: Saksamaa K\u00fcsimused? V\u00f5tke meiega \u00fchendust kontaktid [\u2026]<\/p>","protected":false},"featured_media":12984,"comment_status":"open","ping_status":"closed","template":"","meta":[],"_links":{"self":[{"href":"https:\/\/hookahshop.lt\/et\/wp-json\/wp\/v2\/product\/12983"}],"collection":[{"href":"https:\/\/hookahshop.lt\/et\/wp-json\/wp\/v2\/product"}],"about":[{"href":"https:\/\/hookahshop.lt\/et\/wp-json\/wp\/v2\/types\/product"}],"replies":[{"embeddable":true,"href":"https:\/\/hookahshop.lt\/et\/wp-json\/wp\/v2\/comments?post=12983"}],"version-history":[{"count":4,"href":"https:\/\/hookahshop.lt\/et\/wp-json\/wp\/v2\/product\/12983\/revisions"}],"predecessor-version":[{"id":33522,"href":"https:\/\/hookahshop.lt\/et\/wp-json\/wp\/v2\/product\/12983\/revisions\/33522"}],"wp:featuredmedia":[{"embeddable":true,"href":"https:\/\/hookahshop.lt\/et\/wp-json\/wp\/v2\/media\/12984"}],"wp:attachment":[{"href":"https:\/\/hookahshop.lt\/et\/wp-json\/wp\/v2\/media?parent=12983"}],"curies":[{"name":"wp","href":"https:\/\/api.w.org\/{rel}","templated":true}]}}