{"id":12988,"date":"2020-10-28T22:02:43","date_gmt":"2020-10-28T20:02:43","guid":{"rendered":"https:\/\/hookahshop.lt\/?post_type=product&#038;p=12988"},"modified":"2026-04-17T16:32:52","modified_gmt":"2026-04-17T13:32:52","slug":"kaljanas-al-mani-z-44-black","status":"publish","type":"product","link":"https:\/\/hookahshop.lt\/et\/toode\/vesipiip-al-mani-z-44-must\/","title":{"rendered":"Vesipiip AL-MANI Z-44 must"},"content":{"rendered":"<h2>Vesipiip AL-MANI Z-44 must<\/h2>\n<p>Komplekt sisaldab:<br \/>\nVesipiip<br \/>\nKolb<br \/>\nHuulik<br \/>\nSoolestik<br \/>\nTangid<br \/>\nKarikas<br \/>\nKorsten<\/p>\n<p>Spetsifikatsioonid:<\/p>\n<p>Vesipiibu k\u00f5rgus kolbiga: 40cm<br \/>\nMaterjal: roostevaba teras ja pehme toch<br \/>\nV\u00e4rvus must<br \/>\nHajuti: pole saadaval<br \/>\nP\u00e4ritoluriik: Saksamaa<\/p>\n<p>Kas teil on k\u00fcsimusi? v\u00f5ta meiega \u00fchendust <a href=\"https:\/\/hookahshop.lt\/et\/kontaktid\/\">kontaktide leht<\/a> v\u00f5i saatke meile e-kiri aadressil <a href=\"https:\/\/facebook.com\/HookahShop.lt\/\" target=\"_blank\" rel=\"noopener noreferrer\">Facebooki konto<\/a> ja vastame teie taotlusele samal p\u00e4eval.<\/p>","protected":false},"excerpt":{"rendered":"<p>Vesipiibu AL-MANI Z-44 must komplekt sisaldab: Vesipiibu huulikuga vooliku tangid tassi korstna spetsifikatsioonid: vesipiibu k\u00f5rgus koos kolbiga: 40 cm Materjal: roostevaba teras ja pehme toch V\u00e4rv: must Hajuti: ei P\u00e4ritoluriik: Saksamaa K\u00fcsimused? V\u00f5tke meiega \u00fchendust kontaktide lehel v\u00f5i kirjutage meile oma Facebooki kontol ja vastame teie p\u00e4ringule samal p\u00e4eval.<\/p>","protected":false},"featured_media":12989,"comment_status":"open","ping_status":"closed","template":"","meta":[],"_links":{"self":[{"href":"https:\/\/hookahshop.lt\/et\/wp-json\/wp\/v2\/product\/12988"}],"collection":[{"href":"https:\/\/hookahshop.lt\/et\/wp-json\/wp\/v2\/product"}],"about":[{"href":"https:\/\/hookahshop.lt\/et\/wp-json\/wp\/v2\/types\/product"}],"replies":[{"embeddable":true,"href":"https:\/\/hookahshop.lt\/et\/wp-json\/wp\/v2\/comments?post=12988"}],"version-history":[{"count":4,"href":"https:\/\/hookahshop.lt\/et\/wp-json\/wp\/v2\/product\/12988\/revisions"}],"predecessor-version":[{"id":26442,"href":"https:\/\/hookahshop.lt\/et\/wp-json\/wp\/v2\/product\/12988\/revisions\/26442"}],"wp:featuredmedia":[{"embeddable":true,"href":"https:\/\/hookahshop.lt\/et\/wp-json\/wp\/v2\/media\/12989"}],"wp:attachment":[{"href":"https:\/\/hookahshop.lt\/et\/wp-json\/wp\/v2\/media?parent=12988"}],"curies":[{"name":"wp","href":"https:\/\/api.w.org\/{rel}","templated":true}]}}