{"id":12992,"date":"2020-10-28T22:25:37","date_gmt":"2020-10-28T20:25:37","guid":{"rendered":"https:\/\/hookahshop.lt\/?post_type=product&#038;p=12992"},"modified":"2026-04-18T23:28:45","modified_gmt":"2026-04-18T20:28:45","slug":"kaljanas-kaya-elox-630-boro-pyramid-black","status":"publish","type":"product","link":"https:\/\/hookahshop.lt\/et\/toode\/vesipiip-kaya-elox-630-booripuramiid-must\/","title":{"rendered":"Vesipiip KAYA Elox 630 BORO p\u00fcramiid must"},"content":{"rendered":"<h2>Vesipiip KAYA Elox 630 BORO p\u00fcramiid must<\/h2>\n<p>See on kvaliteetne Kaya vesipiibuliin, millel on uus p\u00fcramiidikujuline v\u00f5ll. V\u00f5llil on spetsiaalne kinnitus &quot;Click&quot;, mis v\u00f5imaldab v\u00f5lli kiiresti ja usaldusv\u00e4\u00e4rselt kolbi kinnitada. \u00dchendus ja vooliku\u00fchendus tehakse vastavalt uuele CUT-s\u00fcsteemile, mis v\u00f5imaldab voolikud konksu k\u00fclge \u00fchendada ilma kummitihendeid kasutamata.<\/p>\n<p>Vesipiip<br \/>\nKolb<br \/>\nHuulik<br \/>\nSoolestik<\/p>\n<p><strong>Spetsifikatsioonid:<\/strong><br \/>\nVesipiibu k\u00f5rgus kolbiga: umbes 60cm<br \/>\nMaterjal: kroomitud teras<br \/>\n\u00dchenduse t\u00fc\u00fcp: kl\u00f5psake nuppu<br \/>\nV\u00e4rvus must<br \/>\nHajuti: jah<br \/>\nP\u00e4ritoluriik: Saksamaa<\/p>\n<p>Kas teil on k\u00fcsimusi? v\u00f5ta meiega \u00fchendust <a href=\"https:\/\/hookahshop.lt\/et\/kontaktid\/\">kontaktide leht<\/a> v\u00f5i saatke meile e-kiri aadressil <a href=\"https:\/\/facebook.com\/HookahShop.lt\/\" target=\"_blank\" rel=\"noopener noreferrer\">Facebooki konto<\/a> ja vastame teie taotlusele samal p\u00e4eval.<\/p>","protected":false},"excerpt":{"rendered":"<p>Vesipiibud KAYA Elox 630 BORO Pyramid Black See on kvaliteetne uus p\u00fcramiidikujulise varrega Kaya vesipiipude sari. Varrel on spetsiaalne Click kinnitus, mis v\u00f5imaldab v\u00f5lli kiiresti ja kindlalt kolvi k\u00fclge kinnitada. \u00dchendus ja vooliku\u00fchendus on tehtud uue CUT s\u00fcsteemi j\u00e4rgi, mis v\u00f5imaldab \u00fchendada voolikud konksu k\u00fclge ilma kummitihendeid kasutamata. Vesipiibu kolvi huuliku vooliku tehnilised andmed: [\u2026]<\/p>","protected":false},"featured_media":12993,"comment_status":"open","ping_status":"closed","template":"","meta":[],"_links":{"self":[{"href":"https:\/\/hookahshop.lt\/et\/wp-json\/wp\/v2\/product\/12992"}],"collection":[{"href":"https:\/\/hookahshop.lt\/et\/wp-json\/wp\/v2\/product"}],"about":[{"href":"https:\/\/hookahshop.lt\/et\/wp-json\/wp\/v2\/types\/product"}],"replies":[{"embeddable":true,"href":"https:\/\/hookahshop.lt\/et\/wp-json\/wp\/v2\/comments?post=12992"}],"version-history":[{"count":4,"href":"https:\/\/hookahshop.lt\/et\/wp-json\/wp\/v2\/product\/12992\/revisions"}],"predecessor-version":[{"id":22697,"href":"https:\/\/hookahshop.lt\/et\/wp-json\/wp\/v2\/product\/12992\/revisions\/22697"}],"wp:featuredmedia":[{"embeddable":true,"href":"https:\/\/hookahshop.lt\/et\/wp-json\/wp\/v2\/media\/12993"}],"wp:attachment":[{"href":"https:\/\/hookahshop.lt\/et\/wp-json\/wp\/v2\/media?parent=12992"}],"curies":[{"name":"wp","href":"https:\/\/api.w.org\/{rel}","templated":true}]}}