{"id":13016,"date":"2020-10-28T23:09:57","date_gmt":"2020-10-28T21:09:57","guid":{"rendered":"https:\/\/hookahshop.lt\/?post_type=product&#038;p=13016"},"modified":"2026-04-17T23:29:26","modified_gmt":"2026-04-17T20:29:26","slug":"kandiklis-kaljanui-su-zarna-amy-black","status":"publish","type":"product","link":"https:\/\/hookahshop.lt\/et\/toode\/huulik-vesipiip-soolestik-amy\/","title":{"rendered":"Vesipiibu huulik AMY musta voolikuga"},"content":{"rendered":"<h2>Vesipiibu huulik voolikuga AMY<\/h2>\n<p>Komplekt koosneb silikoonist, l\u00e4ikivast, mustast voolikust ja roostevabast terasest huulikust.<\/p>\n<p>Spetsifikatsioon:<br \/>\nVooliku pikkus: 1,50m<br \/>\nHuuliku pikkus: 36cm<br \/>\nKomplekt kasti.<br \/>\nP\u00e4ritoluriik: Saksamaa<\/p>\n<p>Kas teil on k\u00fcsimusi? v\u00f5ta meiega \u00fchendust <a href=\"https:\/\/hookahshop.lt\/et\/kontaktid\/\">kontaktide leht<\/a> v\u00f5i saatke meile e-kiri aadressil <a href=\"https:\/\/facebook.com\/HookahShop.lt\/\" target=\"_blank\" rel=\"noopener noreferrer\">Facebooki konto<\/a> ja vastame teie taotlusele samal p\u00e4eval.<\/p>","protected":false},"excerpt":{"rendered":"<p>Vesipiibu huulik voolikuga AMY Komplekt koosneb silikoonist, l\u00e4ikivast, mustast voolikust ja roostevabast terasest huulikust. Spetsifikatsioon: Vooliku pikkus: 1,50m Suuliku pikkus: 36cm Komplektis karbis. P\u00e4ritoluriik: Saksamaa Kas teil on k\u00fcsimusi? V\u00f5tke meiega \u00fchendust kontaktide lehel v\u00f5i kirjutage meile oma Facebooki kontol ja vastame teie p\u00e4ringule samal p\u00e4eval.<\/p>","protected":false},"featured_media":13018,"comment_status":"open","ping_status":"closed","template":"","meta":[],"_links":{"self":[{"href":"https:\/\/hookahshop.lt\/et\/wp-json\/wp\/v2\/product\/13016"}],"collection":[{"href":"https:\/\/hookahshop.lt\/et\/wp-json\/wp\/v2\/product"}],"about":[{"href":"https:\/\/hookahshop.lt\/et\/wp-json\/wp\/v2\/types\/product"}],"replies":[{"embeddable":true,"href":"https:\/\/hookahshop.lt\/et\/wp-json\/wp\/v2\/comments?post=13016"}],"version-history":[{"count":3,"href":"https:\/\/hookahshop.lt\/et\/wp-json\/wp\/v2\/product\/13016\/revisions"}],"predecessor-version":[{"id":23252,"href":"https:\/\/hookahshop.lt\/et\/wp-json\/wp\/v2\/product\/13016\/revisions\/23252"}],"wp:featuredmedia":[{"embeddable":true,"href":"https:\/\/hookahshop.lt\/et\/wp-json\/wp\/v2\/media\/13018"}],"wp:attachment":[{"href":"https:\/\/hookahshop.lt\/et\/wp-json\/wp\/v2\/media?parent=13016"}],"curies":[{"name":"wp","href":"https:\/\/api.w.org\/{rel}","templated":true}]}}