{"id":13021,"date":"2020-10-28T23:23:54","date_gmt":"2020-10-28T21:23:54","guid":{"rendered":"https:\/\/hookahshop.lt\/?post_type=product&#038;p=13021"},"modified":"2026-05-05T23:29:33","modified_gmt":"2026-05-05T20:29:33","slug":"karscio-kamera-amy-heat-box","status":"publish","type":"product","link":"https:\/\/hookahshop.lt\/et\/toode\/soojuskamber-amy-heat-box\/","title":{"rendered":"Soojuskamber AMY Heat Box"},"content":{"rendered":"<h2>Soojuskamber AMY Heat Box<\/h2>\n<p>See on m\u00f5eldud kasutamiseks vesipiibutopsi soojendamiseks kookoss\u00f6ega.<\/p>\n<p id=\"tw-target-text\" class=\"tw-data-text tw-text-large tw-ta\" dir=\"ltr\" data-placeholder=\"Vertimas\"><span lang=\"lt\">Soojuskambri peamised eelised:<\/span><\/p>\n<ul>\n<li><span lang=\"lt\">Korduvkasutatav;<\/span><\/li>\n<li><span lang=\"lt\">Fooliumi pole enam;<\/span><\/li>\n<li><span lang=\"lt\">Kivis\u00fcsi p\u00fcsib oma mugava kuju t\u00f5ttu paigas;<\/span><\/li>\n<li>Parandab \u00f5huringlust;<\/li>\n<li><span lang=\"lt\">See kuumeneb l\u00fchikese aja jooksul ja hoiab soojust stabiilsena.<\/span><\/li>\n<\/ul>\n<p>Kaubam\u00e4rk: AMY<br \/>\nK\u00f5rgus: 5,5 cm<br \/>\nL\u00e4bim\u00f5\u00f5t: 7,2 cm<br \/>\nS\u00fcgavus: 2,3 cm<br \/>\nMaterjal: alumiinium, kumm<br \/>\nOmadused: kaks k\u00e4epidet<br \/>\nP\u00e4ritoluriik: Saksamaa<\/p>\n<p>Kas teil on k\u00fcsimusi? v\u00f5ta meiega \u00fchendust <a href=\"https:\/\/hookahshop.lt\/et\/kontaktid\/\">kontaktide leht<\/a> v\u00f5i saatke meile e-kiri aadressil <a href=\"https:\/\/facebook.com\/HookahShop.lt\/\" target=\"_blank\" rel=\"noopener noreferrer\">Facebooki konto<\/a> ja vastame teie taotlusele samal p\u00e4eval.<\/p>","protected":false},"excerpt":{"rendered":"<p>AMY Heat Box See on m\u00f5eldud kasutamiseks vesipiibutopsi soojendamiseks kookoss\u00f6ega. Soojuskambri peamised eelised: Korduvkasutatav; Pole enam fooliumi; S\u00fcsi p\u00fcsib oma mugava kuju t\u00f5ttu paigal; Parandab \u00f5huringlust; See soojeneb l\u00fchikese ajaga ja hoiab soojust stabiilsena. Kaubam\u00e4rk: AMY K\u00f5rgus: 5,5 cm L\u00e4bim\u00f5\u00f5t: 7,2 cm S\u00fcgavus: 2,3 cm Materjal: alumiinium, kumm [\u2026]<\/p>","protected":false},"featured_media":13035,"comment_status":"open","ping_status":"closed","template":"","meta":[],"_links":{"self":[{"href":"https:\/\/hookahshop.lt\/et\/wp-json\/wp\/v2\/product\/13021"}],"collection":[{"href":"https:\/\/hookahshop.lt\/et\/wp-json\/wp\/v2\/product"}],"about":[{"href":"https:\/\/hookahshop.lt\/et\/wp-json\/wp\/v2\/types\/product"}],"replies":[{"embeddable":true,"href":"https:\/\/hookahshop.lt\/et\/wp-json\/wp\/v2\/comments?post=13021"}],"version-history":[{"count":3,"href":"https:\/\/hookahshop.lt\/et\/wp-json\/wp\/v2\/product\/13021\/revisions"}],"predecessor-version":[{"id":29315,"href":"https:\/\/hookahshop.lt\/et\/wp-json\/wp\/v2\/product\/13021\/revisions\/29315"}],"wp:featuredmedia":[{"embeddable":true,"href":"https:\/\/hookahshop.lt\/et\/wp-json\/wp\/v2\/media\/13035"}],"wp:attachment":[{"href":"https:\/\/hookahshop.lt\/et\/wp-json\/wp\/v2\/media?parent=13021"}],"curies":[{"name":"wp","href":"https:\/\/api.w.org\/{rel}","templated":true}]}}