{"id":13043,"date":"2020-10-29T11:51:39","date_gmt":"2020-10-29T09:51:39","guid":{"rendered":"https:\/\/hookahshop.lt\/?post_type=product&#038;p=13043"},"modified":"2026-04-14T23:29:00","modified_gmt":"2026-04-14T20:29:00","slug":"kaljano-komplektas-smoke-me-five","status":"publish","type":"product","link":"https:\/\/hookahshop.lt\/et\/toode\/vesipiibukomplektid-smoke-me-five\/","title":{"rendered":"Vesipiibukomplekt SMOKE ME Five"},"content":{"rendered":"<h2>Vesipiibukomplekt SMOKE ME Five<\/h2>\n<p>See vesipiip paistab silma ainulaadse kolviga, mis v\u00f5imaldab paigaldada suurema suitsumahuti kui tavaliste kujuga kolbe kasutades.<\/p>\n<p>Vesipiibu k\u00f5rgus: 45 cm<\/p>\n<p>Varustus:<br \/>\nV\u00f5ll -1 tk.<br \/>\nVesipiibu plaat - 1 tk.<br \/>\nHuulik - 1 tk.<br \/>\nSilikoonvoolik - 1 tk.<br \/>\nTihendid - 2 tk.<br \/>\nKolb - 1 tk.<br \/>\nTangid - 1 tk.<br \/>\nKuumutuskamber - 1 tk.<br \/>\nKarikas - 1tk.<br \/>\nKivis\u00fcsi 1kg - 1tk.<br \/>\nPliit - 1tk.<\/p>\n<p>Kas teil on k\u00fcsimusi? v\u00f5ta meiega \u00fchendust <a href=\"https:\/\/hookahshop.lt\/et\/kontaktid\/\">kontaktide leht<\/a> v\u00f5i saatke meile e-kiri aadressil <a href=\"https:\/\/facebook.com\/HookahShop.lt\/\" target=\"_blank\" rel=\"noopener noreferrer\">Facebooki konto<\/a> ja vastame teie taotlusele samal p\u00e4eval.<\/p>","protected":false},"excerpt":{"rendered":"<p>Vesipiibu komplekt SMOKE ME Five See vesipiip paistab silma ainulaadse kolviga, mis v\u00f5imaldab paigaldada rohkem suitsuhoidlat kui tavaliste kujuga kolbide kasutamisel. Vesipiibu k\u00f5rgus: 45cm Varustus: V\u00f5ll -1 tk. Vesipiibu taldrik - 1 tk. Huulik - 1 tk. Silikoonvoolik - 1 tk. Tihendid - 2 tk. Kolb - 1 tk. Tangid - 1 tk. Kuumus [\u2026]<\/p>","protected":false},"featured_media":28010,"comment_status":"open","ping_status":"closed","template":"","meta":[],"_links":{"self":[{"href":"https:\/\/hookahshop.lt\/et\/wp-json\/wp\/v2\/product\/13043"}],"collection":[{"href":"https:\/\/hookahshop.lt\/et\/wp-json\/wp\/v2\/product"}],"about":[{"href":"https:\/\/hookahshop.lt\/et\/wp-json\/wp\/v2\/types\/product"}],"replies":[{"embeddable":true,"href":"https:\/\/hookahshop.lt\/et\/wp-json\/wp\/v2\/comments?post=13043"}],"version-history":[{"count":4,"href":"https:\/\/hookahshop.lt\/et\/wp-json\/wp\/v2\/product\/13043\/revisions"}],"predecessor-version":[{"id":28009,"href":"https:\/\/hookahshop.lt\/et\/wp-json\/wp\/v2\/product\/13043\/revisions\/28009"}],"wp:featuredmedia":[{"embeddable":true,"href":"https:\/\/hookahshop.lt\/et\/wp-json\/wp\/v2\/media\/28010"}],"wp:attachment":[{"href":"https:\/\/hookahshop.lt\/et\/wp-json\/wp\/v2\/media?parent=13043"}],"curies":[{"name":"wp","href":"https:\/\/api.w.org\/{rel}","templated":true}]}}